{"id":1735,"date":"2019-09-04T12:40:56","date_gmt":"2019-09-04T09:40:56","guid":{"rendered":"https:\/\/www.forchem.com\/forchem\/"},"modified":"2026-01-13T12:58:18","modified_gmt":"2026-01-13T10:58:18","slug":"forchem","status":"publish","type":"page","link":"https:\/\/www.forchem.com\/fi\/forchem\/","title":{"rendered":"Forchem"},"content":{"rendered":"\n\n\t<h1>Inspiraation l\u00e4hteemme; pohjoisen m\u00e4ntymets\u00e4n ymp\u00e4r\u00f6im\u00e4n\u00e4 teemme \u00e4lyk\u00e4st\u00e4, innovatiivista ja kest\u00e4v\u00e4\u00e4 ty\u00f6t\u00e4 luonnonvarojen hy\u00f6dynt\u00e4miseksi,<br \/>\nja luomme ratkaisuja vihre\u00e4mm\u00e4n huomisen puolesta<\/h1>\n\n<h2>\n\t\t\tTarinamme\t<\/h2>\n\t<p>Pohjoisen mets\u00e4t ovat koti monille arvokkaille raaka-aineille. M\u00e4nty\u00f6ljy (CTO) on yksi niist\u00e4. Sellunkeiton luonnollinen sivutuote, m\u00e4nty\u00f6ljy, on arvokas biomassa, jota jo viikingit k\u00e4yttiv\u00e4t p\u00e4\u00e4llysteen\u00e4 veneiss\u00e4\u00e4n satoja vuosia sitten.<\/p>\n<p>M\u00e4nty\u00f6ljyjalostamollamme Raumalla jatkamme perinnett\u00e4 ja jalostamme sek\u00e4 testaamme m\u00e4nty\u00f6ljy\u00e4 sen nykyaikaisiin tarkoituksiin. M\u00e4nty\u00f6ljytutkimuksen ja -kehityksen edell\u00e4k\u00e4vij\u00e4n\u00e4 Forchem on luonut m\u00e4nty\u00f6ljypohjaisia \u200b\u200btuotteita esimerkiksi antibioottien korvaamiseksi el\u00e4inrehuissa. My\u00f6s muiden alojen potentiaali on valtava: m\u00e4nty\u00f6ljyn antibakteerisia ominaisuuksia voidaan k\u00e4ytt\u00e4\u00e4 esimerkiksi osana uusia pakkausratkaisuja ja ne voivat mullistaa l\u00e4\u00e4keteollisuuden. Uskomme, ett\u00e4 paljon uusia ominaisuuksia voidaan saada viel\u00e4 selville.<\/p>\n<p>N\u00e4iden uusien innovaatioiden lis\u00e4ksi m\u00e4nty\u00f6ljy on kest\u00e4v\u00e4 vaihtoehto uusiutumattomille raaka-aineille monissa tuotteissa, jotka palvelevat meit\u00e4 jokap\u00e4iv\u00e4isess\u00e4 el\u00e4m\u00e4ss\u00e4mme. Esimerkiksi maalit, painomusteet, liimat, voiteluaineet ja huulipunat voidaan rikastaa biopohjaisilla m\u00e4nty\u00f6ljytuotteilla.<\/p>\n<p>Forchemin toiminta pohjautuu samoihin arvoihin kuin suomalainen yhteiskunta: kest\u00e4vyyteen, luotettavuuteen, kunnioitukseen ja luottamukseen. Inspiraation l\u00e4hteemme; pohjoisen m\u00e4ntymets\u00e4n ymp\u00e4r\u00f6im\u00e4n\u00e4 teemme \u00e4lyk\u00e4st\u00e4, innovatiivista ja kest\u00e4v\u00e4\u00e4 ty\u00f6t\u00e4 luonnonvarojen hy\u00f6dynt\u00e4miseksi, ja luomme ratkaisuja vihre\u00e4mm\u00e4n huomisen puolesta.<\/p>\n\t\t\t<a href=\"https:\/\/www.forchem.com\/wp-content\/uploads\/2025\/03\/2025-toimintapolitiikka.pdf\" title=\"Click Here\" target=\"_blank\" rel=\"noopener\"  role=\"button\" aria-label=\"LATAA FORCHEMIN TOIMINTAPOLITIIKKA (PDF)\">\n\t\t\t\t\t\t\tLATAA FORCHEMIN TOIMINTAPOLITIIKKA (PDF)\n\t\t<\/a>\n\t\t\t<a href=\"https:\/\/indd.adobe.com\/view\/1de59a8d-cce3-4df3-aa81-664ed9fdc8a4\" title=\"Click Here\" target=\"_blank\" rel=\"noopener\"  role=\"button\" aria-label=\"Lataa Forchemin eettinen ohjeistus (PDF)\">\n\t\t\t\t\t\t\tLataa Forchemin eettinen ohjeistus (PDF)\n\t\t<\/a>\n\t\t\t\t<img decoding=\"async\" src=\"https:\/\/www.forchem.com\/wp-content\/uploads\/2022\/10\/tiimi2.jpg\" alt=\"tiimi2\" itemprop=\"image\" height=\"860\" width=\"1200\" title=\"tiimi2\" onerror=\"this.style.display='none'\" loading=\"lazy\" \/>\n<h2>\n\t\t\tTiimimme\t<\/h2>\n\t<p>Meill\u00e4 Forchemilla vuorovaikutus perustuu luottamukseen ja kunnioitukseen, arvostamme avointa sek\u00e4 rehellist\u00e4 ilmapiiri\u00e4. Meille on t\u00e4rke\u00e4\u00e4 antaa jokaiselle ty\u00f6ntekij\u00e4llemme mahdollisuus kehitty\u00e4 t\u00e4yteen potentiaaliinsa. Olemme omien alojemme parhaita asiantuntijoita ja ty\u00f6skentelemme tiimeiss\u00e4, jotka yhdist\u00e4v\u00e4t osaamisemme sek\u00e4 parantavat ty\u00f6mme tehokkuutta. N\u00e4in saavutamme asettamamme tavoitteet ja pystymme vastaamaan muutoksen vaatimuksiin.<\/p>\n<h2>\n\t\t\tTy\u00f6turvallisuus\t<\/h2>\n\t<p>Ty\u00f6turvallisuuden tavoitteeksi olemme kunnianhimoisesti asettaneet \u00a0nolla ty\u00f6tapaturmaa . Vuoden 2023 loppuun menness\u00e4 olemme ty\u00f6skennelleet 2341 p\u00e4iv\u00e4\u00e4 ilman ty\u00f6tapaturmia. Kiitos t\u00e4st\u00e4 kuuluu ammattitaitoiselle henkil\u00f6kunnallemme, joka on alusta alkaen sitoutunut tavoitteeseen.<\/p>\n<p>Ty\u00f6ntekij\u00e4mme ovat olleet aloitteellisia ty\u00f6turvallisuuden parantamisessa ja tuotantokokouksissamme keskustelemme s\u00e4\u00e4nn\u00f6llisesti ty\u00f6turvallisuusasioista.<\/p>\n<p>Tavoitteenamme on jatkaa t\u00e4ll\u00e4 turvallisella tiell\u00e4, jolla nyt olemme ja saavuttaa joka p\u00e4iv\u00e4 parempia tuloksia. Uskomme, ett\u00e4 ty\u00f6turvallisuus heijastaa liiketoimintaamme. Haluamme olla esimerkki muille: nolla ty\u00f6tapaturmaa on mahdollista!<\/p>\n\t\t\t<a href=\"https:\/\/www.forchem.com\/wp-content\/uploads\/2020\/12\/Turvallisuustiedote-Forchem-Oyj-2020.pdf\" title=\"Click Here\" target=\"_blank\" rel=\"noopener\"  role=\"button\" aria-label=\"LATAA FORCHEMIN TURVALLISUUSTIEDOTE (PDF)\">\n\t\t\t\t\t\t\tLATAA FORCHEMIN TURVALLISUUSTIEDOTE (PDF)\n\t\t<\/a>\n\t<p>Panostamme ty\u00f6ntekij\u00f6idemme hyvinvointiin ja terveydenhuoltoon, jotta jokainen voi viihty\u00e4 ty\u00f6ss\u00e4\u00e4n, antaa t\u00e4yden panoksen ja kehitt\u00e4\u00e4 omaa potentiaaliaan.<\/p>\n<h2>\n\t\t\tHyvinvointi\t<\/h2>\n\t<p>Panostamme ty\u00f6ntekij\u00f6idemme hyvinvointiin ja terveydenhuoltoon, jotta jokainen voi viihty\u00e4 ty\u00f6ss\u00e4\u00e4n, antaa t\u00e4yden panoksen ja kehitt\u00e4\u00e4 omaa potentiaaliaan. Uskomme, ett\u00e4 hyvinvointi on t\u00e4rke\u00e4 osa yrityksen pitk\u00e4n aikav\u00e4lin tavoitteiden ja hyv\u00e4n asiakaspalvelun varmistamista &#8211; onnellinen ja sitoutunut tiimi menestyy parhaiten.<\/p>\n<p>Taataksemme t\u00e4m\u00e4n haluamme tarjota ty\u00f6ntekij\u00f6illemme yhteisi\u00e4 aktiviteetteja, jotka vaihtelevat urheilutapahtumista saunailtoihin ja hyv\u00e4n ty\u00f6ergonomian varmistamiseen. Teet\u00e4mme s\u00e4\u00e4nn\u00f6llisesti terveys- ja hyvinvointikyselyit\u00e4 henkil\u00f6st\u00f6llemme ja tarjoamme kaikille ty\u00f6ntekij\u00f6ille mahdollisuuden mitata fyysist\u00e4 kuntoaan s\u00e4\u00e4nn\u00f6llisesti. Tulokset voi n\u00e4hd\u00e4 Forchemin hyv\u00e4ss\u00e4 ty\u00f6ilmapiiriss\u00e4 ja poissaolojen v\u00e4hyydess\u00e4.<\/p>\n\n","protected":false},"excerpt":{"rendered":"<p>Inspiraation l\u00e4hteemme; pohjoisen m\u00e4ntymets\u00e4n ymp\u00e4r\u00f6im\u00e4n\u00e4 teemme \u00e4lyk\u00e4st\u00e4, innovatiivista ja kest\u00e4v\u00e4\u00e4 ty\u00f6t\u00e4 luonnonvarojen hy\u00f6dynt\u00e4miseksi, ja luomme ratkaisuja vihre\u00e4mm\u00e4n huomisen puolesta Tarinamme Pohjoisen mets\u00e4t ovat koti monille arvokkaille raaka-aineille. M\u00e4nty\u00f6ljy (CTO) on yksi niist\u00e4. Sellunkeiton luonnollinen sivutuote, m\u00e4nty\u00f6ljy, on arvokas biomassa, jota jo viikingit k\u00e4yttiv\u00e4t p\u00e4\u00e4llysteen\u00e4 veneiss\u00e4\u00e4n satoja vuosia sitten. M\u00e4nty\u00f6ljyjalostamollamme Raumalla jatkamme perinnett\u00e4 ja jalostamme sek\u00e4&hellip;<\/p>\n","protected":false},"author":1,"featured_media":1468,"parent":0,"menu_order":0,"comment_status":"closed","ping_status":"closed","template":"","meta":{"_acf_changed":false,"footnotes":""},"class_list":["post-1735","page","type-page","status-publish","has-post-thumbnail","hentry"],"acf":[],"yoast_head":"<!-- This site is optimized with the Yoast SEO plugin v26.7 - https:\/\/yoast.com\/wordpress\/plugins\/seo\/ -->\n<title>Forchem - Forchem<\/title>\n<meta name=\"robots\" content=\"index, follow, max-snippet:-1, max-image-preview:large, max-video-preview:-1\" \/>\n<link rel=\"canonical\" href=\"https:\/\/www.forchem.com\/fi\/forchem\/\" \/>\n<meta property=\"og:locale\" content=\"fi_FI\" \/>\n<meta property=\"og:type\" content=\"article\" \/>\n<meta property=\"og:title\" content=\"Forchem - Forchem\" \/>\n<meta property=\"og:description\" content=\"Inspiraation l\u00e4hteemme; pohjoisen m\u00e4ntymets\u00e4n ymp\u00e4r\u00f6im\u00e4n\u00e4 teemme \u00e4lyk\u00e4st\u00e4, innovatiivista ja kest\u00e4v\u00e4\u00e4 ty\u00f6t\u00e4 luonnonvarojen hy\u00f6dynt\u00e4miseksi, ja luomme ratkaisuja vihre\u00e4mm\u00e4n huomisen puolesta Tarinamme Pohjoisen mets\u00e4t ovat koti monille arvokkaille raaka-aineille. M\u00e4nty\u00f6ljy (CTO) on yksi niist\u00e4. Sellunkeiton luonnollinen sivutuote, m\u00e4nty\u00f6ljy, on arvokas biomassa, jota jo viikingit k\u00e4yttiv\u00e4t p\u00e4\u00e4llysteen\u00e4 veneiss\u00e4\u00e4n satoja vuosia sitten. M\u00e4nty\u00f6ljyjalostamollamme Raumalla jatkamme perinnett\u00e4 ja jalostamme sek\u00e4&hellip;\" \/>\n<meta property=\"og:url\" content=\"https:\/\/www.forchem.com\/fi\/forchem\/\" \/>\n<meta property=\"og:site_name\" content=\"Forchem\" \/>\n<meta property=\"article:modified_time\" content=\"2026-01-13T10:58:18+00:00\" \/>\n<meta property=\"og:image\" content=\"https:\/\/www.forchem.com\/wp-content\/uploads\/2019\/11\/B2A7698-edit-01-1000.jpg\" \/>\n\t<meta property=\"og:image:width\" content=\"1920\" \/>\n\t<meta property=\"og:image:height\" content=\"1000\" \/>\n\t<meta property=\"og:image:type\" content=\"image\/jpeg\" \/>\n<meta name=\"twitter:card\" content=\"summary_large_image\" \/>\n<meta name=\"twitter:label1\" content=\"Arvioitu lukuaika\" \/>\n\t<meta name=\"twitter:data1\" content=\"2 minuuttia\" \/>\n<script type=\"application\/ld+json\" class=\"yoast-schema-graph\">{\"@context\":\"https:\/\/schema.org\",\"@graph\":[{\"@type\":\"WebPage\",\"@id\":\"https:\/\/www.forchem.com\/fi\/forchem\/\",\"url\":\"https:\/\/www.forchem.com\/fi\/forchem\/\",\"name\":\"Forchem - Forchem\",\"isPartOf\":{\"@id\":\"https:\/\/www.forchem.com\/#website\"},\"primaryImageOfPage\":{\"@id\":\"https:\/\/www.forchem.com\/fi\/forchem\/#primaryimage\"},\"image\":{\"@id\":\"https:\/\/www.forchem.com\/fi\/forchem\/#primaryimage\"},\"thumbnailUrl\":\"https:\/\/www.forchem.com\/wp-content\/uploads\/2019\/11\/B2A7698-edit-01-1000.jpg\",\"datePublished\":\"2019-09-04T09:40:56+00:00\",\"dateModified\":\"2026-01-13T10:58:18+00:00\",\"breadcrumb\":{\"@id\":\"https:\/\/www.forchem.com\/fi\/forchem\/#breadcrumb\"},\"inLanguage\":\"fi\",\"potentialAction\":[{\"@type\":\"ReadAction\",\"target\":[\"https:\/\/www.forchem.com\/fi\/forchem\/\"]}]},{\"@type\":\"ImageObject\",\"inLanguage\":\"fi\",\"@id\":\"https:\/\/www.forchem.com\/fi\/forchem\/#primaryimage\",\"url\":\"https:\/\/www.forchem.com\/wp-content\/uploads\/2019\/11\/B2A7698-edit-01-1000.jpg\",\"contentUrl\":\"https:\/\/www.forchem.com\/wp-content\/uploads\/2019\/11\/B2A7698-edit-01-1000.jpg\",\"width\":1920,\"height\":1000},{\"@type\":\"BreadcrumbList\",\"@id\":\"https:\/\/www.forchem.com\/fi\/forchem\/#breadcrumb\",\"itemListElement\":[{\"@type\":\"ListItem\",\"position\":1,\"name\":\"Home\",\"item\":\"https:\/\/www.forchem.com\/fi\/\"},{\"@type\":\"ListItem\",\"position\":2,\"name\":\"Forchem\"}]},{\"@type\":\"WebSite\",\"@id\":\"https:\/\/www.forchem.com\/#website\",\"url\":\"https:\/\/www.forchem.com\/\",\"name\":\"Forchem\",\"description\":\"Forchem website\",\"publisher\":{\"@id\":\"https:\/\/www.forchem.com\/#organization\"},\"potentialAction\":[{\"@type\":\"SearchAction\",\"target\":{\"@type\":\"EntryPoint\",\"urlTemplate\":\"https:\/\/www.forchem.com\/?s={search_term_string}\"},\"query-input\":{\"@type\":\"PropertyValueSpecification\",\"valueRequired\":true,\"valueName\":\"search_term_string\"}}],\"inLanguage\":\"fi\"},{\"@type\":\"Organization\",\"@id\":\"https:\/\/www.forchem.com\/#organization\",\"name\":\"Forchem\",\"url\":\"https:\/\/www.forchem.com\/\",\"logo\":{\"@type\":\"ImageObject\",\"inLanguage\":\"fi\",\"@id\":\"https:\/\/www.forchem.com\/#\/schema\/logo\/image\/\",\"url\":\"https:\/\/www.forchem.com\/wp-content\/uploads\/2019\/12\/Forchem_logo_black.png\",\"contentUrl\":\"https:\/\/www.forchem.com\/wp-content\/uploads\/2019\/12\/Forchem_logo_black.png\",\"width\":1417,\"height\":565,\"caption\":\"Forchem\"},\"image\":{\"@id\":\"https:\/\/www.forchem.com\/#\/schema\/logo\/image\/\"}}]}<\/script>\n<!-- \/ Yoast SEO plugin. -->","yoast_head_json":{"title":"Forchem - Forchem","robots":{"index":"index","follow":"follow","max-snippet":"max-snippet:-1","max-image-preview":"max-image-preview:large","max-video-preview":"max-video-preview:-1"},"canonical":"https:\/\/www.forchem.com\/fi\/forchem\/","og_locale":"fi_FI","og_type":"article","og_title":"Forchem - Forchem","og_description":"Inspiraation l\u00e4hteemme; pohjoisen m\u00e4ntymets\u00e4n ymp\u00e4r\u00f6im\u00e4n\u00e4 teemme \u00e4lyk\u00e4st\u00e4, innovatiivista ja kest\u00e4v\u00e4\u00e4 ty\u00f6t\u00e4 luonnonvarojen hy\u00f6dynt\u00e4miseksi, ja luomme ratkaisuja vihre\u00e4mm\u00e4n huomisen puolesta Tarinamme Pohjoisen mets\u00e4t ovat koti monille arvokkaille raaka-aineille. M\u00e4nty\u00f6ljy (CTO) on yksi niist\u00e4. Sellunkeiton luonnollinen sivutuote, m\u00e4nty\u00f6ljy, on arvokas biomassa, jota jo viikingit k\u00e4yttiv\u00e4t p\u00e4\u00e4llysteen\u00e4 veneiss\u00e4\u00e4n satoja vuosia sitten. M\u00e4nty\u00f6ljyjalostamollamme Raumalla jatkamme perinnett\u00e4 ja jalostamme sek\u00e4&hellip;","og_url":"https:\/\/www.forchem.com\/fi\/forchem\/","og_site_name":"Forchem","article_modified_time":"2026-01-13T10:58:18+00:00","og_image":[{"width":1920,"height":1000,"url":"https:\/\/www.forchem.com\/wp-content\/uploads\/2019\/11\/B2A7698-edit-01-1000.jpg","type":"image\/jpeg"}],"twitter_card":"summary_large_image","twitter_misc":{"Arvioitu lukuaika":"2 minuuttia"},"schema":{"@context":"https:\/\/schema.org","@graph":[{"@type":"WebPage","@id":"https:\/\/www.forchem.com\/fi\/forchem\/","url":"https:\/\/www.forchem.com\/fi\/forchem\/","name":"Forchem - Forchem","isPartOf":{"@id":"https:\/\/www.forchem.com\/#website"},"primaryImageOfPage":{"@id":"https:\/\/www.forchem.com\/fi\/forchem\/#primaryimage"},"image":{"@id":"https:\/\/www.forchem.com\/fi\/forchem\/#primaryimage"},"thumbnailUrl":"https:\/\/www.forchem.com\/wp-content\/uploads\/2019\/11\/B2A7698-edit-01-1000.jpg","datePublished":"2019-09-04T09:40:56+00:00","dateModified":"2026-01-13T10:58:18+00:00","breadcrumb":{"@id":"https:\/\/www.forchem.com\/fi\/forchem\/#breadcrumb"},"inLanguage":"fi","potentialAction":[{"@type":"ReadAction","target":["https:\/\/www.forchem.com\/fi\/forchem\/"]}]},{"@type":"ImageObject","inLanguage":"fi","@id":"https:\/\/www.forchem.com\/fi\/forchem\/#primaryimage","url":"https:\/\/www.forchem.com\/wp-content\/uploads\/2019\/11\/B2A7698-edit-01-1000.jpg","contentUrl":"https:\/\/www.forchem.com\/wp-content\/uploads\/2019\/11\/B2A7698-edit-01-1000.jpg","width":1920,"height":1000},{"@type":"BreadcrumbList","@id":"https:\/\/www.forchem.com\/fi\/forchem\/#breadcrumb","itemListElement":[{"@type":"ListItem","position":1,"name":"Home","item":"https:\/\/www.forchem.com\/fi\/"},{"@type":"ListItem","position":2,"name":"Forchem"}]},{"@type":"WebSite","@id":"https:\/\/www.forchem.com\/#website","url":"https:\/\/www.forchem.com\/","name":"Forchem","description":"Forchem website","publisher":{"@id":"https:\/\/www.forchem.com\/#organization"},"potentialAction":[{"@type":"SearchAction","target":{"@type":"EntryPoint","urlTemplate":"https:\/\/www.forchem.com\/?s={search_term_string}"},"query-input":{"@type":"PropertyValueSpecification","valueRequired":true,"valueName":"search_term_string"}}],"inLanguage":"fi"},{"@type":"Organization","@id":"https:\/\/www.forchem.com\/#organization","name":"Forchem","url":"https:\/\/www.forchem.com\/","logo":{"@type":"ImageObject","inLanguage":"fi","@id":"https:\/\/www.forchem.com\/#\/schema\/logo\/image\/","url":"https:\/\/www.forchem.com\/wp-content\/uploads\/2019\/12\/Forchem_logo_black.png","contentUrl":"https:\/\/www.forchem.com\/wp-content\/uploads\/2019\/12\/Forchem_logo_black.png","width":1417,"height":565,"caption":"Forchem"},"image":{"@id":"https:\/\/www.forchem.com\/#\/schema\/logo\/image\/"}}]}},"_links":{"self":[{"href":"https:\/\/www.forchem.com\/fi\/wp-json\/wp\/v2\/pages\/1735","targetHints":{"allow":["GET"]}}],"collection":[{"href":"https:\/\/www.forchem.com\/fi\/wp-json\/wp\/v2\/pages"}],"about":[{"href":"https:\/\/www.forchem.com\/fi\/wp-json\/wp\/v2\/types\/page"}],"author":[{"embeddable":true,"href":"https:\/\/www.forchem.com\/fi\/wp-json\/wp\/v2\/users\/1"}],"replies":[{"embeddable":true,"href":"https:\/\/www.forchem.com\/fi\/wp-json\/wp\/v2\/comments?post=1735"}],"version-history":[{"count":11,"href":"https:\/\/www.forchem.com\/fi\/wp-json\/wp\/v2\/pages\/1735\/revisions"}],"predecessor-version":[{"id":3688,"href":"https:\/\/www.forchem.com\/fi\/wp-json\/wp\/v2\/pages\/1735\/revisions\/3688"}],"wp:featuredmedia":[{"embeddable":true,"href":"https:\/\/www.forchem.com\/fi\/wp-json\/wp\/v2\/media\/1468"}],"wp:attachment":[{"href":"https:\/\/www.forchem.com\/fi\/wp-json\/wp\/v2\/media?parent=1735"}],"curies":[{"name":"wp","href":"https:\/\/api.w.org\/{rel}","templated":true}]}}