{"id":1737,"date":"2019-09-03T11:29:59","date_gmt":"2019-09-03T08:29:59","guid":{"rendered":"https:\/\/www.forchem.com\/contact\/"},"modified":"2026-01-15T13:40:08","modified_gmt":"2026-01-15T11:40:08","slug":"ota-yhteytta","status":"publish","type":"page","link":"https:\/\/www.forchem.com\/fi\/ota-yhteytta\/","title":{"rendered":"Ota yhteytt\u00e4"},"content":{"rendered":"\n\n\t<h1>Ota meihin yhteytt\u00e4<\/h1>\n<h1>\n\t\t\tOta yhteytt\u00e4 edustajiimme ja henkil\u00f6kuntaamme\t<\/h1>\n\t<p>Hae osaston mukaan<\/p>\n\t<form data-sf-form-id='1828' data-is-rtl='0' data-maintain-state='' data-results-url='https:\/\/www.forchem.com\/fi\/ota-yhteytta' data-ajax-url='https:\/\/www.forchem.com\/fi\/?sfid=1828&amp;sf_action=get_data&amp;sf_data=results' data-ajax-form-url='https:\/\/www.forchem.com\/fi\/?sfid=1828&amp;sf_action=get_data&amp;sf_data=form' data-display-result-method='shortcode' data-use-history-api='1' data-template-loaded='0' data-lang-code='fi' data-ajax='1' data-ajax-data-type='json' data-ajax-links-selector='.pagination a' data-ajax-target='#search-filter-results-1828' data-ajax-pagination-type='normal' data-update-ajax-url='1' data-only-results-ajax='1' data-scroll-to-pos='form' data-scroll-on-action='all' data-init-paged='1' data-auto-update='1' action='https:\/\/www.forchem.com\/fi\/ota-yhteytta' method='post' class='searchandfilter' id='search-filter-form-1828' autocomplete='off' data-instance-count='1'><ul><li class=\"sf-field-taxonomy-personnel_category\" data-sf-field-name=\"_sft_personnel_category\" data-sf-field-type=\"taxonomy\" data-sf-field-input-type=\"select\">\t\t<label>\n\t\t\t\t   \t\t<select name=\"_sft_personnel_category[]\" class=\"sf-input-select\" title=\"\">\n\t\t\t\t\t\t  \t\t\t<option class=\"sf-level-0 sf-item-0 sf-option-active\" selected=\"selected\" data-sf-count=\"0\" data-sf-depth=\"0\" value=\"\">Personnel category<\/option>\n\t\t\t\t\t\t\t\t\t\t\t<option class=\"sf-level-0 sf-item-28\" data-sf-count=\"7\" data-sf-depth=\"0\" value=\"hallinto\">Hallinto<\/option>\n\t\t\t\t\t\t\t\t\t\t\t<option class=\"sf-level-0 sf-item-29\" data-sf-count=\"6\" data-sf-depth=\"0\" value=\"johtoryhma\">Johtoryhm\u00e4<\/option>\n\t\t\t\t\t\t\t\t\t\t\t<option class=\"sf-level-0 sf-item-30\" data-sf-count=\"7\" data-sf-depth=\"0\" value=\"tuotanto\">Tuotanto<\/option>\n\t\t\t\t\t\t\t\t\t\t\t<option class=\"sf-level-0 sf-item-31\" data-sf-count=\"3\" data-sf-depth=\"0\" value=\"laatu\">Laatu<\/option>\n\t\t\t\t\t\t\t\t\t\t\t<option class=\"sf-level-0 sf-item-32\" data-sf-count=\"1\" data-sf-depth=\"0\" value=\"tutkimus-ja-kehitys\">Tutkimus ja kehitys<\/option>\n\t\t\t\t\t\t\t\t\t\t\t<option class=\"sf-level-0 sf-item-33\" data-sf-count=\"11\" data-sf-depth=\"0\" value=\"myynti\">Myynti<\/option>\n\t\t\t\t\t\t\t\t\t\t\t<option class=\"sf-level-0 sf-item-34\" data-sf-count=\"4\" data-sf-depth=\"0\" value=\"toimitusketju\">Toimitusketju<\/option>\n\t\t\t\t\t\t\t\t\t\t\t<option class=\"sf-level-0 sf-item-13\" data-sf-count=\"6\" data-sf-depth=\"0\" value=\"administration\">Administration<\/option>\n\t\t\t\t\t\t\t\t\t\t\t<option class=\"sf-level-0 sf-item-11\" data-sf-count=\"10\" data-sf-depth=\"0\" value=\"sales\">Sales<\/option>\n\t\t\t\t\t\t\t\t\t\t\t<option class=\"sf-level-0 sf-item-15\" data-sf-count=\"4\" data-sf-depth=\"0\" value=\"supply-chain\">Supply Chain<\/option>\n\t\t\t\t\t\t\t\t\t\t\t<option class=\"sf-level-0 sf-item-17\" data-sf-count=\"3\" data-sf-depth=\"0\" value=\"quality\">Quality<\/option>\n\t\t\t\t\t\t\t\t\t\t\t<option class=\"sf-level-0 sf-item-14\" data-sf-count=\"7\" data-sf-depth=\"0\" value=\"production\">Production<\/option>\n\t\t\t\t\t\t\t\t\t\t\t<option class=\"sf-level-0 sf-item-18\" data-sf-count=\"1\" data-sf-depth=\"0\" value=\"rd\">R&amp;D<\/option>\n\t\t\t\t\t\t\t\t\t\t\t<option class=\"sf-level-0 sf-item-16\" data-sf-count=\"6\" data-sf-depth=\"0\" value=\"management-team\">Management Team<\/option>\n\t\t\t\t\t\t\t\t\t\t\t<\/select><\/label>\t\t\t\t\t\t\t\t\t\t<\/li><\/ul><\/form>\n\t<div class=\"search-filter-results\" id=\"search-filter-results-1828\">\t\n\t<!-- Found 27 Results<br \/>\n\tPage 1 of 1<br \/> -->\n\t\n\t<div class=\"pagination\">\n\t\t\n\t\t<div class=\"nav-previous\"><\/div>\n\t\t<div class=\"nav-next\"><\/div>\n\t\t\t<\/div>\n\t\n\t\n\t<!-- Page 1 of 1<br \/> -->\n\t\n\t<div class=\"pagination\">\n\t\t\n\t\t<div class=\"nav-previous\"><\/div>\n\t\t<div class=\"nav-next\"><\/div>\n\t\t\t<\/div>\n\t<\/div>\n<h2>\n\t\t\tForchemin yhteystiedot\t<\/h2>\n\tMaanp\u00e4\u00e4ntie 3<br \/>\n26820 RAUMA<br \/>\nSUOMI\n<a href=\"mailto:info@forchem.com\">info(at)forchem.com<\/a><br \/>\nPuh. <a href=\"tel:+35824784400\">+358 2 478 4400<\/a>\n\t<p>S\u00e4hk\u00f6postiosoitteet = etunimi.sukunimi(at)forchem.com<\/p>\n<p>Huom! Korvaa (at) @-merkill\u00e4.<\/p>\n\t<strong>Forchem Oyj<\/strong><br \/>\nP.O. Box 16<br \/>\nFI-26101 RAUMA<br \/>\nFINLAND\n<strong>Forchem GmbH<br \/>\n<\/strong>Hovesaatstr. 6<br \/>\nD-48432 RHEINE<br \/>\nGERMANY\n<strong>Forchem S.a.r.l<br \/>\n<\/strong>Nice Europe B &#8211; bureau 407<br \/>\n29, rue Pastorelli<br \/>\nF-06000 NICE<br \/>\nFRANCE\n<strong>Forchem Ltd<br \/>\n<\/strong>Office 302, The Innovation Centre<br \/>\nVenture Court<br \/>\nQueens Meadow Business Park<br \/>\nHartlepool, TS25 5TG<br \/>\nUNITED KINGDOM\n<p>&nbsp;<\/p>\n<h2>\n\t\t\tLaskutus\t<\/h2>\n\t<strong>Laskutusosoite<\/strong><br \/>\nForchem Oyj, P.O. Box 16,<br \/>\n26101 Rauma, Finland\nPDF kopiot<br \/>\n<a href=\"mailto:laskutus@forchem.com\">laskutus(at)forchem.com<\/a>\n\t<strong>S\u00e4hk\u00f6inen laskutus<\/strong><br \/>\nOperaattori: Basware<br \/>\nBAWCFI22<br \/>\nEDI-koodi: 003725120586\n<h2>\n\t\t\tMedialle\t<\/h2>\n\tPyyt\u00e4\u00e4ksesi lis\u00e4tietoja, ota yhteytt\u00e4<br \/>\ninfo(at)forchem.com<br \/>\nPuh <a href=\"tel:+35824784400\">+358 2 478 4400<\/a>\n<h2>\n\t\t\tMediapankki\t<\/h2>\n\t<p>Mediapankistamme l\u00f6yd\u00e4t Forchemin logon, valokuvia, brand bookin sek\u00e4 visuaaliset ohjeet.<\/p>\n<h2>\n\t\t\tTurvallisuutta ja logistiikkaa koskevat tiedot\t<\/h2>\n\t<p><a href=\"https:\/\/www.forchem.com\/wp-content\/uploads\/2022\/03\/Turvallisuustiedote_Rauma_2022_LR_aukeamina.pdf\" rel=\"noopener\" target=\"_blank\">Satakunnan pelastuslaitoksen turvallisuustiedote Rauman asukkaille<\/a><\/p>\n<h2>\n\t\t\tK\u00e4ytt\u00f6ehdot\t<\/h2>\n\t<p>K\u00e4ytt\u00e4m\u00e4ll\u00e4 t\u00e4t\u00e4 verkkosivustoa hyv\u00e4ksyt n\u00e4m\u00e4 k\u00e4ytt\u00f6ehdot. Mik\u00e4li k\u00e4ytt\u00e4j\u00e4 ei hyv\u00e4ksy ehtojamme, t\u00e4m\u00e4n sivuston k\u00e4ytt\u00f6 on kielletty. Ehdot ovat p\u00e4ivitetty viimeksi 3.1.2025.<\/p>\n\t\t\t<a href=\"https:\/\/www.forchem.com\/wp-content\/uploads\/2025\/03\/FOR-TITU-004-Terms-of-Use.pdf\" title=\"Click Here\" target=\"_blank\" rel=\"noopener\"  role=\"button\" aria-label=\"Lataa FORCHEMin k\u00e4ytt\u00f6ehdot (PDF)\">\n\t\t\t\t\t\t\tLataa FORCHEMin k\u00e4ytt\u00f6ehdot (PDF)\n\t\t<\/a>\n\t\t\t<a href=\"https:\/\/www.forchem.com\/wp-content\/uploads\/2025\/03\/FOR-TITU-002-Tietosuojaseloste.pdf\" title=\"Click Here\" target=\"_blank\" rel=\"noopener\"  role=\"button\" aria-label=\"lataa forchemin tietosuojaseloste (pdf)\">\n\t\t\t\t\t\t\tlataa forchemin tietosuojaseloste (pdf)\n\t\t<\/a>\n\n","protected":false},"excerpt":{"rendered":"<p>Ota meihin yhteytt\u00e4 Ota yhteytt\u00e4 edustajiimme ja henkil\u00f6kuntaamme Hae osaston mukaan Forchemin yhteystiedot Maanp\u00e4\u00e4ntie 3 26820 RAUMA SUOMI info(at)forchem.com Puh. +358 2 478 4400 S\u00e4hk\u00f6postiosoitteet = etunimi.sukunimi(at)forchem.com Huom! Korvaa (at) @-merkill\u00e4. Forchem Oyj P.O. Box 16 FI-26101 RAUMA FINLAND Forchem GmbH Hovesaatstr. 6 D-48432 RHEINE GERMANY Forchem S.a.r.l Nice Europe B &#8211; bureau 407 29,&hellip;<\/p>\n","protected":false},"author":1,"featured_media":3101,"parent":0,"menu_order":0,"comment_status":"closed","ping_status":"closed","template":"","meta":{"_acf_changed":false,"footnotes":""},"class_list":["post-1737","page","type-page","status-publish","has-post-thumbnail","hentry"],"acf":[],"yoast_head":"<!-- This site is optimized with the Yoast SEO plugin v26.7 - https:\/\/yoast.com\/wordpress\/plugins\/seo\/ -->\n<title>Ota yhteytt\u00e4 - Forchem<\/title>\n<meta name=\"robots\" content=\"index, follow, max-snippet:-1, max-image-preview:large, max-video-preview:-1\" \/>\n<link rel=\"canonical\" href=\"https:\/\/www.forchem.com\/fi\/ota-yhteytta\/\" \/>\n<meta property=\"og:locale\" content=\"fi_FI\" \/>\n<meta property=\"og:type\" content=\"article\" \/>\n<meta property=\"og:title\" content=\"Ota yhteytt\u00e4 - Forchem\" \/>\n<meta property=\"og:description\" content=\"Ota meihin yhteytt\u00e4 Ota yhteytt\u00e4 edustajiimme ja henkil\u00f6kuntaamme Hae osaston mukaan Forchemin yhteystiedot Maanp\u00e4\u00e4ntie 3 26820 RAUMA SUOMI info(at)forchem.com Puh. +358 2 478 4400 S\u00e4hk\u00f6postiosoitteet = etunimi.sukunimi(at)forchem.com Huom! Korvaa (at) @-merkill\u00e4. Forchem Oyj P.O. Box 16 FI-26101 RAUMA FINLAND Forchem GmbH Hovesaatstr. 6 D-48432 RHEINE GERMANY Forchem S.a.r.l Nice Europe B &#8211; bureau 407 29,&hellip;\" \/>\n<meta property=\"og:url\" content=\"https:\/\/www.forchem.com\/fi\/ota-yhteytta\/\" \/>\n<meta property=\"og:site_name\" content=\"Forchem\" \/>\n<meta property=\"article:modified_time\" content=\"2026-01-15T11:40:08+00:00\" \/>\n<meta property=\"og:image\" content=\"https:\/\/www.forchem.com\/wp-content\/uploads\/2022\/11\/forchem-contact-e1683624706964.jpg\" \/>\n\t<meta property=\"og:image:width\" content=\"1500\" \/>\n\t<meta property=\"og:image:height\" content=\"843\" \/>\n\t<meta property=\"og:image:type\" content=\"image\/jpeg\" \/>\n<meta name=\"twitter:card\" content=\"summary_large_image\" \/>\n<meta name=\"twitter:label1\" content=\"Arvioitu lukuaika\" \/>\n\t<meta name=\"twitter:data1\" content=\"2 minuuttia\" \/>\n<script type=\"application\/ld+json\" class=\"yoast-schema-graph\">{\"@context\":\"https:\/\/schema.org\",\"@graph\":[{\"@type\":\"WebPage\",\"@id\":\"https:\/\/www.forchem.com\/fi\/ota-yhteytta\/\",\"url\":\"https:\/\/www.forchem.com\/fi\/ota-yhteytta\/\",\"name\":\"Ota yhteytt\u00e4 - Forchem\",\"isPartOf\":{\"@id\":\"https:\/\/www.forchem.com\/#website\"},\"primaryImageOfPage\":{\"@id\":\"https:\/\/www.forchem.com\/fi\/ota-yhteytta\/#primaryimage\"},\"image\":{\"@id\":\"https:\/\/www.forchem.com\/fi\/ota-yhteytta\/#primaryimage\"},\"thumbnailUrl\":\"https:\/\/www.forchem.com\/wp-content\/uploads\/2022\/11\/forchem-contact-e1683624706964.jpg\",\"datePublished\":\"2019-09-03T08:29:59+00:00\",\"dateModified\":\"2026-01-15T11:40:08+00:00\",\"breadcrumb\":{\"@id\":\"https:\/\/www.forchem.com\/fi\/ota-yhteytta\/#breadcrumb\"},\"inLanguage\":\"fi\",\"potentialAction\":[{\"@type\":\"ReadAction\",\"target\":[\"https:\/\/www.forchem.com\/fi\/ota-yhteytta\/\"]}]},{\"@type\":\"ImageObject\",\"inLanguage\":\"fi\",\"@id\":\"https:\/\/www.forchem.com\/fi\/ota-yhteytta\/#primaryimage\",\"url\":\"https:\/\/www.forchem.com\/wp-content\/uploads\/2022\/11\/forchem-contact-e1683624706964.jpg\",\"contentUrl\":\"https:\/\/www.forchem.com\/wp-content\/uploads\/2022\/11\/forchem-contact-e1683624706964.jpg\",\"width\":1500,\"height\":843},{\"@type\":\"BreadcrumbList\",\"@id\":\"https:\/\/www.forchem.com\/fi\/ota-yhteytta\/#breadcrumb\",\"itemListElement\":[{\"@type\":\"ListItem\",\"position\":1,\"name\":\"Home\",\"item\":\"https:\/\/www.forchem.com\/fi\/\"},{\"@type\":\"ListItem\",\"position\":2,\"name\":\"Ota yhteytt\u00e4\"}]},{\"@type\":\"WebSite\",\"@id\":\"https:\/\/www.forchem.com\/#website\",\"url\":\"https:\/\/www.forchem.com\/\",\"name\":\"Forchem\",\"description\":\"Forchem website\",\"publisher\":{\"@id\":\"https:\/\/www.forchem.com\/#organization\"},\"potentialAction\":[{\"@type\":\"SearchAction\",\"target\":{\"@type\":\"EntryPoint\",\"urlTemplate\":\"https:\/\/www.forchem.com\/?s={search_term_string}\"},\"query-input\":{\"@type\":\"PropertyValueSpecification\",\"valueRequired\":true,\"valueName\":\"search_term_string\"}}],\"inLanguage\":\"fi\"},{\"@type\":\"Organization\",\"@id\":\"https:\/\/www.forchem.com\/#organization\",\"name\":\"Forchem\",\"url\":\"https:\/\/www.forchem.com\/\",\"logo\":{\"@type\":\"ImageObject\",\"inLanguage\":\"fi\",\"@id\":\"https:\/\/www.forchem.com\/#\/schema\/logo\/image\/\",\"url\":\"https:\/\/www.forchem.com\/wp-content\/uploads\/2019\/12\/Forchem_logo_black.png\",\"contentUrl\":\"https:\/\/www.forchem.com\/wp-content\/uploads\/2019\/12\/Forchem_logo_black.png\",\"width\":1417,\"height\":565,\"caption\":\"Forchem\"},\"image\":{\"@id\":\"https:\/\/www.forchem.com\/#\/schema\/logo\/image\/\"}}]}<\/script>\n<!-- \/ Yoast SEO plugin. -->","yoast_head_json":{"title":"Ota yhteytt\u00e4 - Forchem","robots":{"index":"index","follow":"follow","max-snippet":"max-snippet:-1","max-image-preview":"max-image-preview:large","max-video-preview":"max-video-preview:-1"},"canonical":"https:\/\/www.forchem.com\/fi\/ota-yhteytta\/","og_locale":"fi_FI","og_type":"article","og_title":"Ota yhteytt\u00e4 - Forchem","og_description":"Ota meihin yhteytt\u00e4 Ota yhteytt\u00e4 edustajiimme ja henkil\u00f6kuntaamme Hae osaston mukaan Forchemin yhteystiedot Maanp\u00e4\u00e4ntie 3 26820 RAUMA SUOMI info(at)forchem.com Puh. +358 2 478 4400 S\u00e4hk\u00f6postiosoitteet = etunimi.sukunimi(at)forchem.com Huom! Korvaa (at) @-merkill\u00e4. Forchem Oyj P.O. Box 16 FI-26101 RAUMA FINLAND Forchem GmbH Hovesaatstr. 6 D-48432 RHEINE GERMANY Forchem S.a.r.l Nice Europe B &#8211; bureau 407 29,&hellip;","og_url":"https:\/\/www.forchem.com\/fi\/ota-yhteytta\/","og_site_name":"Forchem","article_modified_time":"2026-01-15T11:40:08+00:00","og_image":[{"width":1500,"height":843,"url":"https:\/\/www.forchem.com\/wp-content\/uploads\/2022\/11\/forchem-contact-e1683624706964.jpg","type":"image\/jpeg"}],"twitter_card":"summary_large_image","twitter_misc":{"Arvioitu lukuaika":"2 minuuttia"},"schema":{"@context":"https:\/\/schema.org","@graph":[{"@type":"WebPage","@id":"https:\/\/www.forchem.com\/fi\/ota-yhteytta\/","url":"https:\/\/www.forchem.com\/fi\/ota-yhteytta\/","name":"Ota yhteytt\u00e4 - Forchem","isPartOf":{"@id":"https:\/\/www.forchem.com\/#website"},"primaryImageOfPage":{"@id":"https:\/\/www.forchem.com\/fi\/ota-yhteytta\/#primaryimage"},"image":{"@id":"https:\/\/www.forchem.com\/fi\/ota-yhteytta\/#primaryimage"},"thumbnailUrl":"https:\/\/www.forchem.com\/wp-content\/uploads\/2022\/11\/forchem-contact-e1683624706964.jpg","datePublished":"2019-09-03T08:29:59+00:00","dateModified":"2026-01-15T11:40:08+00:00","breadcrumb":{"@id":"https:\/\/www.forchem.com\/fi\/ota-yhteytta\/#breadcrumb"},"inLanguage":"fi","potentialAction":[{"@type":"ReadAction","target":["https:\/\/www.forchem.com\/fi\/ota-yhteytta\/"]}]},{"@type":"ImageObject","inLanguage":"fi","@id":"https:\/\/www.forchem.com\/fi\/ota-yhteytta\/#primaryimage","url":"https:\/\/www.forchem.com\/wp-content\/uploads\/2022\/11\/forchem-contact-e1683624706964.jpg","contentUrl":"https:\/\/www.forchem.com\/wp-content\/uploads\/2022\/11\/forchem-contact-e1683624706964.jpg","width":1500,"height":843},{"@type":"BreadcrumbList","@id":"https:\/\/www.forchem.com\/fi\/ota-yhteytta\/#breadcrumb","itemListElement":[{"@type":"ListItem","position":1,"name":"Home","item":"https:\/\/www.forchem.com\/fi\/"},{"@type":"ListItem","position":2,"name":"Ota yhteytt\u00e4"}]},{"@type":"WebSite","@id":"https:\/\/www.forchem.com\/#website","url":"https:\/\/www.forchem.com\/","name":"Forchem","description":"Forchem website","publisher":{"@id":"https:\/\/www.forchem.com\/#organization"},"potentialAction":[{"@type":"SearchAction","target":{"@type":"EntryPoint","urlTemplate":"https:\/\/www.forchem.com\/?s={search_term_string}"},"query-input":{"@type":"PropertyValueSpecification","valueRequired":true,"valueName":"search_term_string"}}],"inLanguage":"fi"},{"@type":"Organization","@id":"https:\/\/www.forchem.com\/#organization","name":"Forchem","url":"https:\/\/www.forchem.com\/","logo":{"@type":"ImageObject","inLanguage":"fi","@id":"https:\/\/www.forchem.com\/#\/schema\/logo\/image\/","url":"https:\/\/www.forchem.com\/wp-content\/uploads\/2019\/12\/Forchem_logo_black.png","contentUrl":"https:\/\/www.forchem.com\/wp-content\/uploads\/2019\/12\/Forchem_logo_black.png","width":1417,"height":565,"caption":"Forchem"},"image":{"@id":"https:\/\/www.forchem.com\/#\/schema\/logo\/image\/"}}]}},"_links":{"self":[{"href":"https:\/\/www.forchem.com\/fi\/wp-json\/wp\/v2\/pages\/1737","targetHints":{"allow":["GET"]}}],"collection":[{"href":"https:\/\/www.forchem.com\/fi\/wp-json\/wp\/v2\/pages"}],"about":[{"href":"https:\/\/www.forchem.com\/fi\/wp-json\/wp\/v2\/types\/page"}],"author":[{"embeddable":true,"href":"https:\/\/www.forchem.com\/fi\/wp-json\/wp\/v2\/users\/1"}],"replies":[{"embeddable":true,"href":"https:\/\/www.forchem.com\/fi\/wp-json\/wp\/v2\/comments?post=1737"}],"version-history":[{"count":11,"href":"https:\/\/www.forchem.com\/fi\/wp-json\/wp\/v2\/pages\/1737\/revisions"}],"predecessor-version":[{"id":3696,"href":"https:\/\/www.forchem.com\/fi\/wp-json\/wp\/v2\/pages\/1737\/revisions\/3696"}],"wp:featuredmedia":[{"embeddable":true,"href":"https:\/\/www.forchem.com\/fi\/wp-json\/wp\/v2\/media\/3101"}],"wp:attachment":[{"href":"https:\/\/www.forchem.com\/fi\/wp-json\/wp\/v2\/media?parent=1737"}],"curies":[{"name":"wp","href":"https:\/\/api.w.org\/{rel}","templated":true}]}}