{"id":1738,"date":"2019-09-03T11:29:51","date_gmt":"2019-09-03T08:29:51","guid":{"rendered":"https:\/\/www.forchem.com\/insights\/"},"modified":"2024-05-31T11:09:42","modified_gmt":"2024-05-31T08:09:42","slug":"ajankohtaista","status":"publish","type":"page","link":"https:\/\/www.forchem.com\/fi\/ajankohtaista\/","title":{"rendered":"Ajankohtaista"},"content":{"rendered":"\n\n\t<h1>\nMeill\u00e4 Forchemilla ymp\u00e4rist\u00f6asiat ovat<br \/>\naina olleet toimintamme t\u00e4rkeimpi\u00e4 suuntaviivoja<\/h1>\n<h1>\n\t\tForchemin uutiset ja lehdist\u00f6tiedotteet\n\t<\/h1>\n\t\t\t\t\t\t\t\t\t\t\t\t\t\t<a href=\"https:\/\/www.forchem.com\/fi\/forchem-uutiset\/forchem-oyj-oli-mukana-metsa-groupin-rauman-sellutehtaan-ja-sahan-avoimien-ovien-paivassa-la-25-5-2024\/\" target=\"_self\" title=\"Forchem Oyj oli mukana Mets\u00e4 Groupin Rauman sellutehtaan ja sahan avoimien ovien p\u00e4iv\u00e4ss\u00e4 la 25.5.2024.\" rel=\"noopener\">\n\t\t\t\t<img decoding=\"async\" src=\"https:\/\/www.forchem.com\/wp-content\/uploads\/2024\/05\/forchem-uutinen-020-768x1024.jpg\" alt=\"\" \/>\n\t\t\t\t<\/a>\n\t\t\t\t\t\t<h3>\n\t\t\t\t<a href=https:\/\/www.forchem.com\/fi\/forchem-uutiset\/forchem-oyj-oli-mukana-metsa-groupin-rauman-sellutehtaan-ja-sahan-avoimien-ovien-paivassa-la-25-5-2024\/ title=\"Forchem Oyj oli mukana Mets\u00e4 Groupin Rauman sellutehtaan ja sahan avoimien ovien p\u00e4iv\u00e4ss\u00e4 la 25.5.2024.\" tabindex=\"0\">Forchem Oyj oli mukana Mets\u00e4 Groupin Rauman sellutehtaan ja sahan avoimien ovien p\u00e4iv\u00e4ss\u00e4 la 25.5.2024.<\/a>\t\t\t<\/h3>\n\t\t\t\t\t\t\t<h5>\n\t\t\t31.05.2024\t\t\t\n\t\t\t | \t\t\t\t\t\n\t\t\t\t\t\t\t\t\t<a href=\"https:\/\/www.forchem.com\/fi\/kategoria\/forchem-uutiset\/\" rel=\"category tag\">Forchem uutiset<\/a>\t\t\t\t<\/h5>\n\t\t\t\t\t\t\t\t\tTapahtumatorilla meid\u00e4n omalla pisteell\u00e4mme vieraili valtava m\u00e4\u00e4r\u00e4 ihmisi\u00e4 ja saimme k\u00e4yd\u00e4 keskusteluita koko tapahtuman ajan. Raakam\u00e4nty\u00f6ljyn jatkok\u00e4ytt\u00f6 sen lukuisissa eri muodoissa kiinnosti ja innosti. Pisteell\u00e4mme arvuuteltiin my\u00f6s isossa lasimaljassa olevien k\u00e4pyjen m\u00e4\u00e4r\u00e4\u00e4, mik\u00e4 ei ollutkaan helppoa k\u00e4pyjen kokoerojen takia. Oikea vastaus on: 235 k\u00e4py\u00e4. L\u00e4himm\u00e4s oikeaa arvausta p\u00e4\u00e4siv\u00e4t: T. Niemi (A palkinto) ja V. Niemi&hellip;\n\t\t\t\t\t<a href=\"https:\/\/www.forchem.com\/fi\/forchem-uutiset\/forchem-oyj-oli-mukana-metsa-groupin-rauman-sellutehtaan-ja-sahan-avoimien-ovien-paivassa-la-25-5-2024\/\" target=\"_self\" rel=\"noopener\">Lue lis\u00e4\u00e4 &#8594;<\/a>\t\t\n\t\t\t\t\t\t\t\t\t\t\t\t\t\t<a href=\"https:\/\/www.forchem.com\/fi\/forchem-uutiset\/forchemille-jalleen-korkein-nolla-tapaturmaa-foorumin-tasoluokitus\/\" target=\"_self\" title=\"Forchemille j\u00e4lleen korkein Nolla tapaturmaa -foorumin tasoluokitus\" rel=\"noopener\">\n\t\t\t\t<img decoding=\"async\" src=\"https:\/\/www.forchem.com\/wp-content\/uploads\/2023\/05\/nolla-tapaturmaa-2023-tausta-1024x576.jpg\" alt=\"\" \/>\n\t\t\t\t<\/a>\n\t\t\t\t\t\t<h3>\n\t\t\t\t<a href=https:\/\/www.forchem.com\/fi\/forchem-uutiset\/forchemille-jalleen-korkein-nolla-tapaturmaa-foorumin-tasoluokitus\/ title=\"Forchemille j\u00e4lleen korkein Nolla tapaturmaa -foorumin tasoluokitus\" tabindex=\"0\">Forchemille j\u00e4lleen korkein Nolla tapaturmaa -foorumin tasoluokitus<\/a>\t\t\t<\/h3>\n\t\t\t\t\t\t\t<h5>\n\t\t\t16.05.2024\t\t\t\n\t\t\t | \t\t\t\t\t\n\t\t\t\t\t\t\t\t\t<a href=\"https:\/\/www.forchem.com\/fi\/kategoria\/forchem-uutiset\/\" rel=\"category tag\">Forchem uutiset<\/a>\t\t\t\t<\/h5>\n\t\t\t\t\t\t\t\t\tNolla tapaturmaa -foorumi on my\u00f6nt\u00e4nyt j\u00e4lleen Forchem Oyj:lle parhaan mahdollisen tasoluokituksen vuodelle 2023. T\u00e4m\u00e4n vuoden hakukierroksella 108 ty\u00f6paikkaa sai tunnustuksen, ja n\u00e4ist\u00e4 48 ty\u00f6paikalla oli nolla tapaturmaa. Nolla tapaturmaa -foorumissa edistet\u00e4\u00e4n yhdess\u00e4 positiivista turvallisuuskulttuuria sek\u00e4 v\u00e4litet\u00e4\u00e4n uusinta tietoa ty\u00f6turvallisuuden kehityssuunnista. Foorumin arvot ovat avoimuus, yhdess\u00e4 oppiminen ja toistemme kannustaminen. N\u00e4it\u00e4 samoja arvoja pyrimme toteuttamaan my\u00f6s&hellip;\n\t\t\t\t\t<a href=\"https:\/\/www.forchem.com\/fi\/forchem-uutiset\/forchemille-jalleen-korkein-nolla-tapaturmaa-foorumin-tasoluokitus\/\" target=\"_self\" rel=\"noopener\">Lue lis\u00e4\u00e4 &#8594;<\/a>\t\t\n\t\t\t\t\t\t\t\t\t\t\t\t\t\t<a href=\"https:\/\/www.forchem.com\/fi\/uncategorized-fi\/forchem-saavutti-taas-nolla-tapaturmaa-foorumin-tasoluokituksen-1\/\" target=\"_self\" title=\"Forchem saavutti taas Nolla tapaturmaa -foorumin tasoluokituksen 1.\" rel=\"noopener\">\n\t\t\t\t<img decoding=\"async\" src=\"https:\/\/www.forchem.com\/wp-content\/uploads\/2023\/05\/nolla-tapaturmaa-2022-tausta-1024x576.jpg\" alt=\"\" \/>\n\t\t\t\t<\/a>\n\t\t\t\t\t\t<h3>\n\t\t\t\t<a href=https:\/\/www.forchem.com\/fi\/uncategorized-fi\/forchem-saavutti-taas-nolla-tapaturmaa-foorumin-tasoluokituksen-1\/ title=\"Forchem saavutti taas Nolla tapaturmaa -foorumin tasoluokituksen 1.\" tabindex=\"0\">Forchem saavutti taas Nolla tapaturmaa -foorumin tasoluokituksen 1.<\/a>\t\t\t<\/h3>\n\t\t\t\t\t\t\t<h5>\n\t\t\t09.05.2023\t\t\t\n\t\t\t\t\t\t\t<\/h5>\n\t\t\t\t\t\t\t\t\tNolla tapaturmaa -foorumi on my\u00f6nt\u00e4nyt vuosittaiset ty\u00f6turvallisuuden tasoluokitukset j\u00e4senty\u00f6paikoilleen. Forchem Oyj sai t\u00e4n\u00e4kin vuonna parhaan mahdollisen tasoluokituksen vuodelle 2022. T\u00e4n\u00e4 vuonna tasoluokituksen sai enn\u00e4tykselliset 110 ty\u00f6paikkaa, joista 39 ty\u00f6paikalla ei sattunut vuonna 2022 yht\u00e4\u00e4n poissaoloon johtanutta tapaturmaa. &#8221;Olen ylpe\u00e4 meid\u00e4n turvalliseen ty\u00f6skentelyyn sitoutuneesta henkil\u00f6st\u00f6st\u00e4. Turvallisen ty\u00f6paikan eteen tulee tehd\u00e4 t\u00f6it\u00e4 joka p\u00e4iv\u00e4. Henkil\u00f6kunnalle kuuluu t\u00e4st\u00e4&hellip;\n\t\t\t\t\t<a href=\"https:\/\/www.forchem.com\/fi\/uncategorized-fi\/forchem-saavutti-taas-nolla-tapaturmaa-foorumin-tasoluokituksen-1\/\" target=\"_self\" rel=\"noopener\">Lue lis\u00e4\u00e4 &#8594;<\/a>\t\t\n\t\t\t\t\t\t\t\t\t\t\t\t\t\t<a href=\"https:\/\/www.forchem.com\/fi\/forchem-uutiset\/forchem-at-the-european-coatings-show-2023\/\" target=\"_self\" title=\"Forchem at the European Coatings Show 2023\" rel=\"noopener\">\n\t\t\t\t<img decoding=\"async\" src=\"https:\/\/www.forchem.com\/wp-content\/uploads\/2022\/11\/forchem-contact-e1683624706964-1024x575.jpg\" alt=\"\" \/>\n\t\t\t\t<\/a>\n\t\t\t\t\t\t<h3>\n\t\t\t\t<a href=https:\/\/www.forchem.com\/fi\/forchem-uutiset\/forchem-at-the-european-coatings-show-2023\/ title=\"Forchem at the European Coatings Show 2023\" tabindex=\"0\">Forchem at the European Coatings Show 2023<\/a>\t\t\t<\/h3>\n\t\t\t\t\t\t\t<h5>\n\t\t\t14.02.2023\t\t\t\n\t\t\t | \t\t\t\t\t\n\t\t\t\t\t\t\t\t\t<a href=\"https:\/\/www.forchem.com\/fi\/kategoria\/forchem-uutiset\/\" rel=\"category tag\">Forchem uutiset<\/a>\t\t\t\t<\/h5>\n\t\t\t\t\t\t\t\t\tForchem is exhibiting at the European Coatings Show in Nuremberg 28th-30th of March 2023. ECS is the gathering of the coatings and paint industry covering all aspects of the production of paints, coatings, sealants, construction chemicals and adhesives. We are happy to be back at the European Coatings Show, and we invite you to visit&hellip;\n\t\t\t\t\t<a href=\"https:\/\/www.forchem.com\/fi\/forchem-uutiset\/forchem-at-the-european-coatings-show-2023\/\" target=\"_self\" rel=\"noopener\">Lue lis\u00e4\u00e4 &#8594;<\/a>\t\t\n\t\t\t\t\t\t\t\t\t\t\t\t\t\t<a href=\"https:\/\/www.forchem.com\/fi\/forchem-uutiset\/lammin-kiitos-kuluneesta-vuodesta-rauhallista-joulua-ja-onnellista-uutta-vuotta-2\/\" target=\"_self\" title=\"L\u00e4mmin kiitos kuluneesta vuodesta. Rauhallista joulua ja Onnellista uutta vuotta!\" rel=\"noopener\">\n\t\t\t\t<img decoding=\"async\" src=\"https:\/\/www.forchem.com\/wp-content\/uploads\/2022\/12\/Forchem-jouluntoivotus-netti-2022-1024x459.png\" alt=\"\" \/>\n\t\t\t\t<\/a>\n\t\t\t\t\t\t<h3>\n\t\t\t\t<a href=https:\/\/www.forchem.com\/fi\/forchem-uutiset\/lammin-kiitos-kuluneesta-vuodesta-rauhallista-joulua-ja-onnellista-uutta-vuotta-2\/ title=\"L\u00e4mmin kiitos kuluneesta vuodesta. Rauhallista joulua ja Onnellista uutta vuotta!\" tabindex=\"0\">L\u00e4mmin kiitos kuluneesta vuodesta. Rauhallista joulua ja Onnellista uutta vuotta!<\/a>\t\t\t<\/h3>\n\t\t\t\t\t\t\t<h5>\n\t\t\t19.12.2022\t\t\t\n\t\t\t | \t\t\t\t\t\n\t\t\t\t\t\t\t\t\t<a href=\"https:\/\/www.forchem.com\/fi\/kategoria\/forchem-uutiset\/\" rel=\"category tag\">Forchem uutiset<\/a>\t\t\t\t<\/h5>\n\t\t\t\t<a href=\"https:\/\/www.forchem.com\/fi\/forchem-uutiset\/lammin-kiitos-kuluneesta-vuodesta-rauhallista-joulua-ja-onnellista-uutta-vuotta-2\/\" target=\"_self\" rel=\"noopener\">Lue lis\u00e4\u00e4 &#8594;<\/a>\t\t\n\t\t\t\t\t\t<h3>\n\t\t\t\t<a href=https:\/\/www.forchem.com\/fi\/forchem-uutiset\/forchem-saavutti-nolla-tapaturmaa-foorumin-tasoluokituksen-i-maailman-karjessa\/ title=\"Forchem saavutti Nolla tapaturmaa -foorumin tasoluokituksen I - Maailman k\u00e4rjess\u00e4.\" tabindex=\"0\">Forchem saavutti Nolla tapaturmaa -foorumin tasoluokituksen I &#8211; Maailman k\u00e4rjess\u00e4.<\/a>\t\t\t<\/h3>\n\t\t\t\t\t\t\t<h5>\n\t\t\t25.04.2022\t\t\t\n\t\t\t | \t\t\t\t\t\n\t\t\t\t\t\t\t\t\t<a href=\"https:\/\/www.forchem.com\/fi\/kategoria\/forchem-uutiset\/\" rel=\"category tag\">Forchem uutiset<\/a>\t\t\t\t<\/h5>\n\t\t\t\t\t\t\t\t\tNolla tapaturmaa -foorumi my\u00f6nt\u00e4\u00e4 vuosittain tasoluokituksia j\u00e4senty\u00f6paikoille, jotka ovat menestyksellisesti edist\u00e4neet ty\u00f6paikkansa ty\u00f6turvallisuutta. Forchem Oyj sai parhaan mahdollisen tasoluokituksen vuodelle 2021.\u00a0 T\u00e4rke\u00e4mp\u00e4\u00e4 kuin py\u00f6re\u00e4n nollan saavuttaminen on kuitenkin turvallisuusajattelun sis\u00e4ist\u00e4minen ja pyrkimys tapaturmien v\u00e4ltt\u00e4miseen. Ty\u00f6turvallisuuden tasoluokituksen sai t\u00e4ll\u00e4 kertaa 92 yrityst\u00e4 123:sta hakijasta &#8211; ja niist\u00e4 37 v\u00e4lttyi viime vuonna kokonaan tapaturmilta. Sek\u00e4 hakijam\u00e4\u00e4r\u00e4 ett\u00e4&hellip;\n\t\t\t\t\t<a href=\"https:\/\/www.forchem.com\/fi\/forchem-uutiset\/forchem-saavutti-nolla-tapaturmaa-foorumin-tasoluokituksen-i-maailman-karjessa\/\" target=\"_self\" rel=\"noopener\">Lue lis\u00e4\u00e4 &#8594;<\/a>\t\t\n\t\t\t\t\t\t\t\t\t\t\t\t\t\t<a href=\"https:\/\/www.forchem.com\/fi\/forchem-uutiset\/lammin-kiitos-kuluneesta-vuodesta-rauhallista-joulua-ja-onnellista-uutta-vuotta\/\" target=\"_self\" title=\"L\u00e4mmin kiitos kuluneesta vuodesta. Rauhallista joulua ja Onnellista uutta vuotta!\" rel=\"noopener\">\n\t\t\t\t<img decoding=\"async\" src=\"https:\/\/www.forchem.com\/wp-content\/uploads\/2020\/12\/Forchem-jouluntoivotus-verkkosivut-1024x459.png\" alt=\"\" \/>\n\t\t\t\t<\/a>\n\t\t\t\t\t\t<h3>\n\t\t\t\t<a href=https:\/\/www.forchem.com\/fi\/forchem-uutiset\/lammin-kiitos-kuluneesta-vuodesta-rauhallista-joulua-ja-onnellista-uutta-vuotta\/ title=\"L\u00e4mmin kiitos kuluneesta vuodesta. Rauhallista joulua ja Onnellista uutta vuotta!\" tabindex=\"0\">L\u00e4mmin kiitos kuluneesta vuodesta. Rauhallista joulua ja Onnellista uutta vuotta!<\/a>\t\t\t<\/h3>\n\t\t\t\t\t\t\t<h5>\n\t\t\t20.12.2021\t\t\t\n\t\t\t | \t\t\t\t\t\n\t\t\t\t\t\t\t\t\t<a href=\"https:\/\/www.forchem.com\/fi\/kategoria\/forchem-uutiset\/\" rel=\"category tag\">Forchem uutiset<\/a>\t\t\t\t<\/h5>\n\t\t\t\t\t\t\t\t\tT\u00e4n\u00e4\u00a0jouluna\u00a0teimme lahjoituksen WWF:lle ilmastokriisin hillint\u00e4\u00e4n. WWF torjuu ilmastonmuutosta mm. ehk\u00e4isem\u00e4ll\u00e4 mets\u00e4katoa, vaikuttamalla p\u00e4\u00e4t\u00f6ksentekoon ja auttamalla uhanalaisia lajeja sopeutumaan muuttuviin olosuhteisiin.\n\t\t\t\t\t<a href=\"https:\/\/www.forchem.com\/fi\/forchem-uutiset\/lammin-kiitos-kuluneesta-vuodesta-rauhallista-joulua-ja-onnellista-uutta-vuotta\/\" target=\"_self\" rel=\"noopener\">Lue lis\u00e4\u00e4 &#8594;<\/a>\t\t\n\t\t\t\t\t\t<h3>\n\t\t\t\t<a href=https:\/\/www.forchem.com\/fi\/forchem-uutiset\/saksan-myyntikonttorimme-on-muuttanut\/ title=\"Saksan myyntikonttorimme on muuttanut\" tabindex=\"0\">Saksan myyntikonttorimme on muuttanut<\/a>\t\t\t<\/h3>\n\t\t\t\t\t\t\t<h5>\n\t\t\t31.08.2021\t\t\t\n\t\t\t | \t\t\t\t\t\n\t\t\t\t\t\t\t\t\t<a href=\"https:\/\/www.forchem.com\/fi\/kategoria\/forchem-uutiset\/\" rel=\"category tag\">Forchem uutiset<\/a>\t\t\t\t<\/h5>\n\t\t\t\t\t\t\t\t\tOsoitteemme on 16.08.2021 alkaen Hovesaatstr. 6, 48432 Rheine, GERMANY. Yrityspuiston uusissa ja valoisissa tiloissa Keski- ja It\u00e4-Euroopan asiakkaitamme palvelee myyntip\u00e4\u00e4llikk\u00f6 Ingrid L\u00fcnnemann.\n\t\t\t\t\t<a href=\"https:\/\/www.forchem.com\/fi\/forchem-uutiset\/saksan-myyntikonttorimme-on-muuttanut\/\" target=\"_self\" rel=\"noopener\">Lue lis\u00e4\u00e4 &#8594;<\/a>\t\t\n\t\t\t\t\t\t<h3>\n\t\t\t\t<a href=https:\/\/www.forchem.com\/fi\/forchem-uutiset\/forchem-oyj-on-mukana-lahjoittamassa-turun-yliopistolle-automaatiotekniikan-professuuria\/ title=\"Forchem Oyj on mukana lahjoittamassa Turun yliopistolle automaatiotekniikan professuuria\" tabindex=\"0\">Forchem Oyj on mukana lahjoittamassa Turun yliopistolle automaatiotekniikan professuuria<\/a>\t\t\t<\/h3>\n\t\t\t\t\t\t\t<h5>\n\t\t\t19.05.2021\t\t\t\n\t\t\t | \t\t\t\t\t\n\t\t\t\t\t\t\t\t\t<a href=\"https:\/\/www.forchem.com\/fi\/kategoria\/forchem-uutiset\/\" rel=\"category tag\">Forchem uutiset<\/a>\t\t\t\t<\/h5>\n\t\t\t\t\t\t\t\t\tRauman seudun organisaatiot lahjoittavat Turun yliopistolle automaatiotekniikan professuurin. Lahjoituksen arvo on 600 000 euroa. Lahjoitusprofessuuri on suunnattu kone- ja materiaalitekniikkaan, joissa yliopisto aloitti syksyll\u00e4 2020 uudet diplomi-insin\u00f6\u00f6rikoulutukset. Professuurin lahjoittavat yhdess\u00e4 Rauman kaupunki, Alfa Laval Aalborg Oy, BMH Technology Oy, Deltamarin Oy, Forchem Oyj, Kongsberg Maritime Finland OY, L\u00e4hiTapiola L\u00e4nsi-Suomi, Motoseal Components Oy, Oras Oy, Pintos&hellip;\n\t\t\t\t\t<a href=\"https:\/\/www.forchem.com\/fi\/forchem-uutiset\/forchem-oyj-on-mukana-lahjoittamassa-turun-yliopistolle-automaatiotekniikan-professuuria\/\" target=\"_self\" rel=\"noopener\">Lue lis\u00e4\u00e4 &#8594;<\/a>\t\t\n\t\t\t\t\t\t<h3>\n\t\t\t\t<a href=https:\/\/www.forchem.com\/fi\/forchem-uutiset\/forchemin-vastuullisuus-palkittiin-ecovadis-platinamitalilla-2021\/ title=\"Forchemin vastuullisuus palkittiin EcoVadis platinamitalilla 2021\" tabindex=\"0\">Forchemin vastuullisuus palkittiin EcoVadis platinamitalilla 2021<\/a>\t\t\t<\/h3>\n\t\t\t\t\t\t\t<h5>\n\t\t\t22.03.2021\t\t\t\n\t\t\t | \t\t\t\t\t\n\t\t\t\t\t\t\t\t\t<a href=\"https:\/\/www.forchem.com\/fi\/kategoria\/forchem-uutiset\/\" rel=\"category tag\">Forchem uutiset<\/a>\t\t\t\t<\/h5>\n\t\t\t\t\t\t\t\t\tMaailman luotettavin yritysvastuuarviointien tarjoaja EcoVadis on tunnustanut Forchemin pitk\u00e4aikaiset investoinnit vastuullisuudesta. Vastuullisuus on Forchemin liiketoimintaideologian ja -strategian ydin: k\u00e4yt\u00e4mme kest\u00e4v\u00e4n kehityksen mukaisesti hankittua m\u00e4nty\u00f6ljy\u00e4, jota tuotetaan selluprosessin sivuvirtana. EcoVadisin vastuullisuuden tuloskortit tarjoavat yksityiskohtaisen kuvan ymp\u00e4rist\u00f6\u00f6n liittyviin, sosiaalisiin ja eettisiin riskeihin 198 ostokategoriassa, 155 maassa. EcoVadis platinamitalin my\u00f6t\u00e4 Forchem on maailman parhaimman yhden prosentin (1 %)&hellip;\n\t\t\t\t\t<a href=\"https:\/\/www.forchem.com\/fi\/forchem-uutiset\/forchemin-vastuullisuus-palkittiin-ecovadis-platinamitalilla-2021\/\" target=\"_self\" rel=\"noopener\">Lue lis\u00e4\u00e4 &#8594;<\/a>\t\t\n<h2>\n\t\tYhteystiedot medialle\n\t<\/h2>\n\tOta meihin yhteytt\u00e4<br \/>\ninfo (at) forchem.com<br \/>\n+358 2 478 4400\n<h2>\n\t\t<a href=\"https:\/\/www.forchem.com\/media\/mediabank\/\" title=\"Mediapankki\" target=\"_self\" rel=\"noopener\">\n\t\tMediapankki\n\t\t<\/a>\n\t<\/h2>\n\t<p>Mediapankistamme l\u00f6yd\u00e4t Forchemin logon, valokuvia, brand bookin sek\u00e4 visuaaliset ohjeet.<\/p>\n\t\t\t<a href=\"https:\/\/www.forchem.com\/fi\/arkisto\/\" target=\"_self\" role=\"button\" aria-label=\"Uutiset ja tiedotteet\" rel=\"noopener\">\n\t\t\t\t\t\t\tUutiset ja tiedotteet\n\t\t<\/a>\n\t\t\t<a href=\"https:\/\/www.forchem.com\/fi\/insights\/mediabank\/\" target=\"_self\" role=\"button\" aria-label=\"Mediapankki\" rel=\"noopener\">\n\t\t\t\t\t\t\tMediapankki\n\t\t<\/a>\n\n","protected":false},"excerpt":{"rendered":"<p>Meill\u00e4 Forchemilla ymp\u00e4rist\u00f6asiat ovat aina olleet toimintamme t\u00e4rkeimpi\u00e4 suuntaviivoja Forchemin uutiset ja lehdist\u00f6tiedotteet Forchem Oyj oli mukana Mets\u00e4 Groupin Rauman sellutehtaan ja sahan avoimien ovien p\u00e4iv\u00e4ss\u00e4 la 25.5.2024. 31.05.2024 | Forchem uutiset Tapahtumatorilla meid\u00e4n omalla pisteell\u00e4mme vieraili valtava m\u00e4\u00e4r\u00e4 ihmisi\u00e4 ja saimme k\u00e4yd\u00e4 keskusteluita koko tapahtuman ajan. Raakam\u00e4nty\u00f6ljyn jatkok\u00e4ytt\u00f6 sen lukuisissa eri muodoissa kiinnosti ja&hellip;<\/p>\n","protected":false},"author":1,"featured_media":1441,"parent":0,"menu_order":0,"comment_status":"closed","ping_status":"closed","template":"","meta":{"_acf_changed":false,"footnotes":""},"class_list":["post-1738","page","type-page","status-publish","has-post-thumbnail","hentry"],"acf":[],"yoast_head":"<!-- This site is optimized with the Yoast SEO plugin v26.7 - https:\/\/yoast.com\/wordpress\/plugins\/seo\/ -->\n<title>Ajankohtaista - Forchem<\/title>\n<meta name=\"robots\" content=\"index, follow, max-snippet:-1, max-image-preview:large, max-video-preview:-1\" \/>\n<link rel=\"canonical\" href=\"https:\/\/www.forchem.com\/fi\/ajankohtaista\/\" \/>\n<meta property=\"og:locale\" content=\"fi_FI\" \/>\n<meta property=\"og:type\" content=\"article\" \/>\n<meta property=\"og:title\" content=\"Ajankohtaista - Forchem\" \/>\n<meta property=\"og:description\" content=\"Meill\u00e4 Forchemilla ymp\u00e4rist\u00f6asiat ovat aina olleet toimintamme t\u00e4rkeimpi\u00e4 suuntaviivoja Forchemin uutiset ja lehdist\u00f6tiedotteet Forchem Oyj oli mukana Mets\u00e4 Groupin Rauman sellutehtaan ja sahan avoimien ovien p\u00e4iv\u00e4ss\u00e4 la 25.5.2024. 31.05.2024 | Forchem uutiset Tapahtumatorilla meid\u00e4n omalla pisteell\u00e4mme vieraili valtava m\u00e4\u00e4r\u00e4 ihmisi\u00e4 ja saimme k\u00e4yd\u00e4 keskusteluita koko tapahtuman ajan. Raakam\u00e4nty\u00f6ljyn jatkok\u00e4ytt\u00f6 sen lukuisissa eri muodoissa kiinnosti ja&hellip;\" \/>\n<meta property=\"og:url\" content=\"https:\/\/www.forchem.com\/fi\/ajankohtaista\/\" \/>\n<meta property=\"og:site_name\" content=\"Forchem\" \/>\n<meta property=\"article:modified_time\" content=\"2024-05-31T08:09:42+00:00\" \/>\n<meta property=\"og:image\" content=\"https:\/\/www.forchem.com\/wp-content\/uploads\/2019\/09\/Acr1839238884288539595.jpg\" \/>\n\t<meta property=\"og:image:width\" content=\"1431\" \/>\n\t<meta property=\"og:image:height\" content=\"808\" \/>\n\t<meta property=\"og:image:type\" content=\"image\/jpeg\" \/>\n<meta name=\"twitter:card\" content=\"summary_large_image\" \/>\n<meta name=\"twitter:label1\" content=\"Arvioitu lukuaika\" \/>\n\t<meta name=\"twitter:data1\" content=\"3 minuuttia\" \/>\n<script type=\"application\/ld+json\" class=\"yoast-schema-graph\">{\"@context\":\"https:\/\/schema.org\",\"@graph\":[{\"@type\":\"WebPage\",\"@id\":\"https:\/\/www.forchem.com\/fi\/ajankohtaista\/\",\"url\":\"https:\/\/www.forchem.com\/fi\/ajankohtaista\/\",\"name\":\"Ajankohtaista - Forchem\",\"isPartOf\":{\"@id\":\"https:\/\/www.forchem.com\/#website\"},\"primaryImageOfPage\":{\"@id\":\"https:\/\/www.forchem.com\/fi\/ajankohtaista\/#primaryimage\"},\"image\":{\"@id\":\"https:\/\/www.forchem.com\/fi\/ajankohtaista\/#primaryimage\"},\"thumbnailUrl\":\"https:\/\/www.forchem.com\/wp-content\/uploads\/2019\/09\/Acr1839238884288539595.jpg\",\"datePublished\":\"2019-09-03T08:29:51+00:00\",\"dateModified\":\"2024-05-31T08:09:42+00:00\",\"breadcrumb\":{\"@id\":\"https:\/\/www.forchem.com\/fi\/ajankohtaista\/#breadcrumb\"},\"inLanguage\":\"fi\",\"potentialAction\":[{\"@type\":\"ReadAction\",\"target\":[\"https:\/\/www.forchem.com\/fi\/ajankohtaista\/\"]}]},{\"@type\":\"ImageObject\",\"inLanguage\":\"fi\",\"@id\":\"https:\/\/www.forchem.com\/fi\/ajankohtaista\/#primaryimage\",\"url\":\"https:\/\/www.forchem.com\/wp-content\/uploads\/2019\/09\/Acr1839238884288539595.jpg\",\"contentUrl\":\"https:\/\/www.forchem.com\/wp-content\/uploads\/2019\/09\/Acr1839238884288539595.jpg\",\"width\":1431,\"height\":808,\"caption\":\"File type: image\/jpeg File size: 638 KB Dimensions: 1431 by 808 pixels\"},{\"@type\":\"BreadcrumbList\",\"@id\":\"https:\/\/www.forchem.com\/fi\/ajankohtaista\/#breadcrumb\",\"itemListElement\":[{\"@type\":\"ListItem\",\"position\":1,\"name\":\"Home\",\"item\":\"https:\/\/www.forchem.com\/fi\/\"},{\"@type\":\"ListItem\",\"position\":2,\"name\":\"Ajankohtaista\"}]},{\"@type\":\"WebSite\",\"@id\":\"https:\/\/www.forchem.com\/#website\",\"url\":\"https:\/\/www.forchem.com\/\",\"name\":\"Forchem\",\"description\":\"Forchem website\",\"publisher\":{\"@id\":\"https:\/\/www.forchem.com\/#organization\"},\"potentialAction\":[{\"@type\":\"SearchAction\",\"target\":{\"@type\":\"EntryPoint\",\"urlTemplate\":\"https:\/\/www.forchem.com\/?s={search_term_string}\"},\"query-input\":{\"@type\":\"PropertyValueSpecification\",\"valueRequired\":true,\"valueName\":\"search_term_string\"}}],\"inLanguage\":\"fi\"},{\"@type\":\"Organization\",\"@id\":\"https:\/\/www.forchem.com\/#organization\",\"name\":\"Forchem\",\"url\":\"https:\/\/www.forchem.com\/\",\"logo\":{\"@type\":\"ImageObject\",\"inLanguage\":\"fi\",\"@id\":\"https:\/\/www.forchem.com\/#\/schema\/logo\/image\/\",\"url\":\"https:\/\/www.forchem.com\/wp-content\/uploads\/2019\/12\/Forchem_logo_black.png\",\"contentUrl\":\"https:\/\/www.forchem.com\/wp-content\/uploads\/2019\/12\/Forchem_logo_black.png\",\"width\":1417,\"height\":565,\"caption\":\"Forchem\"},\"image\":{\"@id\":\"https:\/\/www.forchem.com\/#\/schema\/logo\/image\/\"}}]}<\/script>\n<!-- \/ Yoast SEO plugin. -->","yoast_head_json":{"title":"Ajankohtaista - Forchem","robots":{"index":"index","follow":"follow","max-snippet":"max-snippet:-1","max-image-preview":"max-image-preview:large","max-video-preview":"max-video-preview:-1"},"canonical":"https:\/\/www.forchem.com\/fi\/ajankohtaista\/","og_locale":"fi_FI","og_type":"article","og_title":"Ajankohtaista - Forchem","og_description":"Meill\u00e4 Forchemilla ymp\u00e4rist\u00f6asiat ovat aina olleet toimintamme t\u00e4rkeimpi\u00e4 suuntaviivoja Forchemin uutiset ja lehdist\u00f6tiedotteet Forchem Oyj oli mukana Mets\u00e4 Groupin Rauman sellutehtaan ja sahan avoimien ovien p\u00e4iv\u00e4ss\u00e4 la 25.5.2024. 31.05.2024 | Forchem uutiset Tapahtumatorilla meid\u00e4n omalla pisteell\u00e4mme vieraili valtava m\u00e4\u00e4r\u00e4 ihmisi\u00e4 ja saimme k\u00e4yd\u00e4 keskusteluita koko tapahtuman ajan. Raakam\u00e4nty\u00f6ljyn jatkok\u00e4ytt\u00f6 sen lukuisissa eri muodoissa kiinnosti ja&hellip;","og_url":"https:\/\/www.forchem.com\/fi\/ajankohtaista\/","og_site_name":"Forchem","article_modified_time":"2024-05-31T08:09:42+00:00","og_image":[{"width":1431,"height":808,"url":"https:\/\/www.forchem.com\/wp-content\/uploads\/2019\/09\/Acr1839238884288539595.jpg","type":"image\/jpeg"}],"twitter_card":"summary_large_image","twitter_misc":{"Arvioitu lukuaika":"3 minuuttia"},"schema":{"@context":"https:\/\/schema.org","@graph":[{"@type":"WebPage","@id":"https:\/\/www.forchem.com\/fi\/ajankohtaista\/","url":"https:\/\/www.forchem.com\/fi\/ajankohtaista\/","name":"Ajankohtaista - Forchem","isPartOf":{"@id":"https:\/\/www.forchem.com\/#website"},"primaryImageOfPage":{"@id":"https:\/\/www.forchem.com\/fi\/ajankohtaista\/#primaryimage"},"image":{"@id":"https:\/\/www.forchem.com\/fi\/ajankohtaista\/#primaryimage"},"thumbnailUrl":"https:\/\/www.forchem.com\/wp-content\/uploads\/2019\/09\/Acr1839238884288539595.jpg","datePublished":"2019-09-03T08:29:51+00:00","dateModified":"2024-05-31T08:09:42+00:00","breadcrumb":{"@id":"https:\/\/www.forchem.com\/fi\/ajankohtaista\/#breadcrumb"},"inLanguage":"fi","potentialAction":[{"@type":"ReadAction","target":["https:\/\/www.forchem.com\/fi\/ajankohtaista\/"]}]},{"@type":"ImageObject","inLanguage":"fi","@id":"https:\/\/www.forchem.com\/fi\/ajankohtaista\/#primaryimage","url":"https:\/\/www.forchem.com\/wp-content\/uploads\/2019\/09\/Acr1839238884288539595.jpg","contentUrl":"https:\/\/www.forchem.com\/wp-content\/uploads\/2019\/09\/Acr1839238884288539595.jpg","width":1431,"height":808,"caption":"File type: image\/jpeg File size: 638 KB Dimensions: 1431 by 808 pixels"},{"@type":"BreadcrumbList","@id":"https:\/\/www.forchem.com\/fi\/ajankohtaista\/#breadcrumb","itemListElement":[{"@type":"ListItem","position":1,"name":"Home","item":"https:\/\/www.forchem.com\/fi\/"},{"@type":"ListItem","position":2,"name":"Ajankohtaista"}]},{"@type":"WebSite","@id":"https:\/\/www.forchem.com\/#website","url":"https:\/\/www.forchem.com\/","name":"Forchem","description":"Forchem website","publisher":{"@id":"https:\/\/www.forchem.com\/#organization"},"potentialAction":[{"@type":"SearchAction","target":{"@type":"EntryPoint","urlTemplate":"https:\/\/www.forchem.com\/?s={search_term_string}"},"query-input":{"@type":"PropertyValueSpecification","valueRequired":true,"valueName":"search_term_string"}}],"inLanguage":"fi"},{"@type":"Organization","@id":"https:\/\/www.forchem.com\/#organization","name":"Forchem","url":"https:\/\/www.forchem.com\/","logo":{"@type":"ImageObject","inLanguage":"fi","@id":"https:\/\/www.forchem.com\/#\/schema\/logo\/image\/","url":"https:\/\/www.forchem.com\/wp-content\/uploads\/2019\/12\/Forchem_logo_black.png","contentUrl":"https:\/\/www.forchem.com\/wp-content\/uploads\/2019\/12\/Forchem_logo_black.png","width":1417,"height":565,"caption":"Forchem"},"image":{"@id":"https:\/\/www.forchem.com\/#\/schema\/logo\/image\/"}}]}},"_links":{"self":[{"href":"https:\/\/www.forchem.com\/fi\/wp-json\/wp\/v2\/pages\/1738","targetHints":{"allow":["GET"]}}],"collection":[{"href":"https:\/\/www.forchem.com\/fi\/wp-json\/wp\/v2\/pages"}],"about":[{"href":"https:\/\/www.forchem.com\/fi\/wp-json\/wp\/v2\/types\/page"}],"author":[{"embeddable":true,"href":"https:\/\/www.forchem.com\/fi\/wp-json\/wp\/v2\/users\/1"}],"replies":[{"embeddable":true,"href":"https:\/\/www.forchem.com\/fi\/wp-json\/wp\/v2\/comments?post=1738"}],"version-history":[{"count":17,"href":"https:\/\/www.forchem.com\/fi\/wp-json\/wp\/v2\/pages\/1738\/revisions"}],"predecessor-version":[{"id":3487,"href":"https:\/\/www.forchem.com\/fi\/wp-json\/wp\/v2\/pages\/1738\/revisions\/3487"}],"wp:featuredmedia":[{"embeddable":true,"href":"https:\/\/www.forchem.com\/fi\/wp-json\/wp\/v2\/media\/1441"}],"wp:attachment":[{"href":"https:\/\/www.forchem.com\/fi\/wp-json\/wp\/v2\/media?parent=1738"}],"curies":[{"name":"wp","href":"https:\/\/api.w.org\/{rel}","templated":true}]}}