{"id":1739,"date":"2019-09-03T11:29:44","date_gmt":"2019-09-03T11:29:44","guid":{"rendered":"https:\/\/www.forchem.com\/innovation\/"},"modified":"2022-02-17T14:13:22","modified_gmt":"2022-02-17T12:13:22","slug":"innovaatiot","status":"publish","type":"page","link":"https:\/\/www.forchem.com\/fi\/innovaatiot\/","title":{"rendered":"Innovaatiot"},"content":{"rendered":"\n\n\t<h1>Pihka on havupuiden luontainen suojautumiskeino,\u00a0 todellinen metsien aarre ja ihmeaine, joka parantaa puiden vastustuskyky\u00e4<\/h1>\n<h2>\n\t\tM\u00e4nty\u00f6ljy on osa jokap\u00e4iv\u00e4ist\u00e4 el\u00e4m\u00e4\u00e4mme\n\t<\/h2>\n\t<p>Forchem perustettiin jalostamaan biopohjaisia innovaatioita suomalaisten m\u00e4ntymetsien elinvoimasta. Pihka on havupuiden luontainen suojautumiskeino &#8211; todellinen metsien aarre ja ihmeaine, joka parantaa puiden vastustuskyky\u00e4.<\/p>\n<p>Ainutlaatuisten ominaisuuksiensa ansiosta m\u00e4nty\u00f6ljy voidaan jatkojalostaa erilaisiksi tuotteiksi. V\u00e4lituotteita &#8211; kuten rasvahappoja, steroleja ja hartseja &#8211; voidaan k\u00e4ytt\u00e4\u00e4 lukuisissa eri muodoissa, joista monet ovat viel\u00e4 l\u00f6yt\u00e4m\u00e4tt\u00e4. Me Forchemilla tutkimme m\u00e4nty\u00f6ljyn monia arvokkaita ominaisuuksia, jotka tarjoavat usein kest\u00e4v\u00e4n vaihtoehdon uusiutumattomille raaka-aineille monissa tuotteissa. M\u00e4nty\u00f6ljyll\u00e4 on ainutlaatuisia antibakteerisia ominaisuuksia ja ravitsemuksellisia, terveydelle hy\u00f6dyllisi\u00e4 vaikutuksia.<\/p>\n\t\t\t\t<img loading=\"lazy\" decoding=\"async\" src=\"https:\/\/www.forchem.com\/wp-content\/uploads\/2019\/11\/B2A8881-edit-02.jpg\" alt=\"_B2A8881-edit-02\" itemprop=\"image\" height=\"635\" width=\"768\" title=\"_B2A8881-edit-02\" onerror=\"this.style.display='none'\"  \/>\n<h2>\n\t\tPalkittu tutkimus- ja kehitysty\u00f6mme\n\t<\/h2>\n\t<p>Tutkimus- ja kehitysty\u00f6mme on palkittua. Forchem on tunnustettu yhdeksi maailman lupaavimmista cleantech-yrityksist\u00e4. Vuonna 2012 maailmanlaajuinen Cleantech-liitto valitsi yli 4\u00a0500 yhti\u00f6n joukosta Forchemin maailman 30 parhaan cleantechyrityksen listalle. Suomen Innovaatiorahasto Sitra listasi Forchemin yhdeksi Suomen mielenkiintoisimmista yrityksist\u00e4 kiertotalouden saralla vuonna 2019.<\/p>\n<h2>\n\t\tSovellukset\n\t<\/h2>\n\t<p>M\u00e4nty\u00f6ljy on ainutlaatuinen raaka-aine. Jo Viikingit tiesiv\u00e4t k\u00e4ytt\u00e4\u00e4 sit\u00e4 vett\u00e4 hylkivien ominaisuuksiensa ansiosta veneiden pinnoitteeseen &#8211; t\u00e4t\u00e4 ominaisuutta k\u00e4yt\u00e4mme edelleen pinnoitteissa, maaleissa ja musteissa. N\u00e4iden perinteisempien sovellusten lis\u00e4ksi m\u00e4nty\u00f6ljy voidaan jalostaa arvokkaiksi tuotteiksi, joilla on antibakteerisia sek\u00e4 kolesterolia alentavia ominaisuuksia.<\/p>\n<h2>\n\t\tProgres\u00ae &#8211; turvallinen ja luonnollinen suoja el\u00e4imille\n\t<\/h2>\n\t<p>Progres on Forchemin ja Hankkijan palkittu rehuinnovaatio. M\u00e4nty\u00f6ljy on m\u00e4ntyjen luonnollinen suojamekanismi, joka s\u00e4ilytt\u00e4\u00e4 arvokkaat antibakteeriset ominaisuutensa jalostusprosessissa. Kun m\u00e4nty\u00f6ljyn rasvahappopohjaista \u200b\u200bProgresia lis\u00e4t\u00e4\u00e4n el\u00e4inten rehuun, se est\u00e4\u00e4 gram-positiivisten patogeenisten suolistobakteerien (kuten Streptokokki tai Stafylokokki) kasvua sek\u00e4 el\u00e4inten suolitulehduksia.<\/p>\n<p>Progresin k\u00e4ytt\u00f6 v\u00e4hent\u00e4\u00e4 esimerkiksi vastasyntyneiden porsaiden kuolleisuutta, edist\u00e4\u00e4 niiden kasvua ja parantaa eloonj\u00e4\u00e4mismahdollisuuksia. Porsaiden ripulia on t\u00e4h\u00e4n asti usein hoidettu teollisilla antibiooteilla, Progres-rehun avulla niiden vastustuskyky\u00e4 voidaan parantaa luonnollisesti. Luonnollisten ominaisuuksiensa vuoksi Progres on turvallinen ja aktiivinen yhdiste.<\/p>\n<p>Progres on maailman ensimm\u00e4inen, ja toistaiseksi ainoa hartsihappotuote rehumarkkinoilla. Progresin ominaisuuksia sek\u00e4 potentiaalia on kehitetty jatkuvasti vuodesta 2014 l\u00e4htien, ja sit\u00e4 tutkitaan jatkuvasti. Vuonna 2018 Progres sai Suomen innovaatiopalkinnon, ja se nimettiin Hollannissa <em>vuoden 2017 parhaaksi ideaksi.<\/em><\/p>\n\t\t\t\t<img decoding=\"async\" alt=\"\" src=\"https:\/\/www.forchem.com\/wp-content\/uploads\/2019\/11\/innovationsub-1200.jpg\"\/>\n\t\t<h2>Pakkasneste<\/h2>\n\t\t\t<p>Pohjoisen m\u00e4ntyjen on kestett\u00e4v\u00e4 kovat kasvuolosuhteet, ja siksi niiden molekyylit kest\u00e4v\u00e4t \u00e4\u00e4rimm\u00e4ist\u00e4 kylmyytt\u00e4. M\u00e4nty\u00f6ljy on erinomainen moottorin pakkasneste, joka voi my\u00f6s parantaa moottorin kest\u00e4vyytt\u00e4.<\/p>\n\t\t\t\t<img decoding=\"async\" alt=\"\" src=\"https:\/\/www.forchem.com\/wp-content\/uploads\/2019\/11\/innovationsub-1200.jpg\"\/>\n\t\t<h2>Sideaineet ja liimat<\/h2>\n\t\t\t<p>M\u00e4nty\u00f6ljyhartsejamme (TOR) voidaan hy\u00f6dynt\u00e4\u00e4 moniin loppuk\u00e4ytt\u00f6tarkoituksiin, kuten painomusteen sideaineisiin ja liimahartseihin.<\/p>\n\t\t\t\t<img decoding=\"async\" alt=\"\" src=\"https:\/\/www.forchem.com\/wp-content\/uploads\/2019\/11\/innovationsub-1200.jpg\"\/>\n\t\t<h2>Voiteluaineet <\/h2>\n\t\t\t<p>M\u00e4nty\u00f6ljyrasvahappoja k\u00e4ytettiin voiteluaineena Ven\u00e4j\u00e4lle sotakorvauksina toimitetuissa junien moottoreissa. Nyky\u00e4\u00e4n voiteluaineita l\u00f6ytyy metallinty\u00f6st\u00f6nesteist\u00e4, \u00f6ljyn louhinnassa k\u00e4ytett\u00e4vist\u00e4 kemikaaleista, saippuoista jne.<\/p>\n\t\t\t\t<img decoding=\"async\" alt=\"\" src=\"https:\/\/www.forchem.com\/wp-content\/uploads\/2019\/11\/innovationsub-1200.jpg\"\/>\n\t\t<h2>Alempi kolesteroli<\/h2>\n\t\t\t<p>M\u00e4nty\u00f6ljypiest\u00e4 erotettuja steroleja l\u00f6ytyy useista kolesterolia alentavista ratkaisuista, kuten margariinista.<\/p>\n\t\t\t\t<img decoding=\"async\" alt=\"\" src=\"https:\/\/www.forchem.com\/wp-content\/uploads\/2019\/11\/innovationsub-1200.jpg\"\/>\n\t\t<h2>Maalit<\/h2>\n\t\t\t<p>M\u00e4nty\u00f6ljy\u00e4 k\u00e4ytet\u00e4\u00e4n lis\u00e4aineena useissa maaleissa. Asiakkaamme Tikkurilan kanssa olemme luoneet alkydiyhdisteen, joka antaa sein\u00e4maalille sen ainutlaatuiset ominaisuudet, kuten korkean kiillon ja erinomaisen h\u00f6yryn sek\u00e4 korroosion kest\u00e4vyyden.<\/p>\n\t\t\t\t<img decoding=\"async\" alt=\"\" src=\"https:\/\/www.forchem.com\/wp-content\/uploads\/2019\/11\/innovationsub-1200.jpg\"\/>\n\t\t<h2>Saippua<\/h2>\n\t\t\t<p>Erityist\u00e4 m\u00e4nty\u00f6ljyn tislett\u00e4 voidaan k\u00e4ytt\u00e4\u00e4 sellun puhdistuksen apuaineena. Tisle auttaa selluprosessia sekapuun ja sellun tuotannossa, sill\u00e4 se est\u00e4\u00e4 pikeytymist\u00e4.<\/p>\n\n","protected":false},"excerpt":{"rendered":"<p>Pihka on havupuiden luontainen suojautumiskeino,\u00a0 todellinen metsien aarre ja ihmeaine, joka parantaa puiden vastustuskyky\u00e4 M\u00e4nty\u00f6ljy on osa jokap\u00e4iv\u00e4ist\u00e4 el\u00e4m\u00e4\u00e4mme Forchem perustettiin jalostamaan biopohjaisia innovaatioita suomalaisten m\u00e4ntymetsien elinvoimasta. Pihka on havupuiden luontainen suojautumiskeino &#8211; todellinen metsien aarre ja ihmeaine, joka parantaa puiden vastustuskyky\u00e4. Ainutlaatuisten ominaisuuksiensa ansiosta m\u00e4nty\u00f6ljy voidaan jatkojalostaa erilaisiksi tuotteiksi. V\u00e4lituotteita &#8211; kuten rasvahappoja, steroleja&hellip;<\/p>\n","protected":false},"author":1,"featured_media":1478,"parent":0,"menu_order":0,"comment_status":"closed","ping_status":"closed","template":"","meta":{"_acf_changed":false,"footnotes":""},"class_list":["post-1739","page","type-page","status-publish","has-post-thumbnail","hentry"],"acf":[],"yoast_head":"<!-- This site is optimized with the Yoast SEO plugin v26.7 - https:\/\/yoast.com\/wordpress\/plugins\/seo\/ -->\n<title>Innovaatiot - Forchem<\/title>\n<meta name=\"robots\" content=\"index, follow, max-snippet:-1, max-image-preview:large, max-video-preview:-1\" \/>\n<link rel=\"canonical\" href=\"https:\/\/www.forchem.com\/fi\/innovaatiot\/\" \/>\n<meta property=\"og:locale\" content=\"fi_FI\" \/>\n<meta property=\"og:type\" content=\"article\" \/>\n<meta property=\"og:title\" content=\"Innovaatiot - Forchem\" \/>\n<meta property=\"og:description\" content=\"Pihka on havupuiden luontainen suojautumiskeino,\u00a0 todellinen metsien aarre ja ihmeaine, joka parantaa puiden vastustuskyky\u00e4 M\u00e4nty\u00f6ljy on osa jokap\u00e4iv\u00e4ist\u00e4 el\u00e4m\u00e4\u00e4mme Forchem perustettiin jalostamaan biopohjaisia innovaatioita suomalaisten m\u00e4ntymetsien elinvoimasta. Pihka on havupuiden luontainen suojautumiskeino &#8211; todellinen metsien aarre ja ihmeaine, joka parantaa puiden vastustuskyky\u00e4. Ainutlaatuisten ominaisuuksiensa ansiosta m\u00e4nty\u00f6ljy voidaan jatkojalostaa erilaisiksi tuotteiksi. V\u00e4lituotteita &#8211; kuten rasvahappoja, steroleja&hellip;\" \/>\n<meta property=\"og:url\" content=\"https:\/\/www.forchem.com\/fi\/innovaatiot\/\" \/>\n<meta property=\"og:site_name\" content=\"Forchem\" \/>\n<meta property=\"article:modified_time\" content=\"2022-02-17T12:13:22+00:00\" \/>\n<meta property=\"og:image\" content=\"https:\/\/www.forchem.com\/wp-content\/uploads\/2019\/11\/50A2905-edit-1080.jpg\" \/>\n\t<meta property=\"og:image:width\" content=\"1920\" \/>\n\t<meta property=\"og:image:height\" content=\"1080\" \/>\n\t<meta property=\"og:image:type\" content=\"image\/jpeg\" \/>\n<meta name=\"twitter:card\" content=\"summary_large_image\" \/>\n<meta name=\"twitter:label1\" content=\"Arvioitu lukuaika\" \/>\n\t<meta name=\"twitter:data1\" content=\"3 minuuttia\" \/>\n<script type=\"application\/ld+json\" class=\"yoast-schema-graph\">{\"@context\":\"https:\/\/schema.org\",\"@graph\":[{\"@type\":\"WebPage\",\"@id\":\"https:\/\/www.forchem.com\/fi\/innovaatiot\/\",\"url\":\"https:\/\/www.forchem.com\/fi\/innovaatiot\/\",\"name\":\"Innovaatiot - Forchem\",\"isPartOf\":{\"@id\":\"https:\/\/www.forchem.com\/#website\"},\"primaryImageOfPage\":{\"@id\":\"https:\/\/www.forchem.com\/fi\/innovaatiot\/#primaryimage\"},\"image\":{\"@id\":\"https:\/\/www.forchem.com\/fi\/innovaatiot\/#primaryimage\"},\"thumbnailUrl\":\"https:\/\/www.forchem.com\/wp-content\/uploads\/2019\/11\/50A2905-edit-1080.jpg\",\"datePublished\":\"2019-09-03T11:29:44+00:00\",\"dateModified\":\"2022-02-17T12:13:22+00:00\",\"breadcrumb\":{\"@id\":\"https:\/\/www.forchem.com\/fi\/innovaatiot\/#breadcrumb\"},\"inLanguage\":\"fi\",\"potentialAction\":[{\"@type\":\"ReadAction\",\"target\":[\"https:\/\/www.forchem.com\/fi\/innovaatiot\/\"]}]},{\"@type\":\"ImageObject\",\"inLanguage\":\"fi\",\"@id\":\"https:\/\/www.forchem.com\/fi\/innovaatiot\/#primaryimage\",\"url\":\"https:\/\/www.forchem.com\/wp-content\/uploads\/2019\/11\/50A2905-edit-1080.jpg\",\"contentUrl\":\"https:\/\/www.forchem.com\/wp-content\/uploads\/2019\/11\/50A2905-edit-1080.jpg\",\"width\":1920,\"height\":1080},{\"@type\":\"BreadcrumbList\",\"@id\":\"https:\/\/www.forchem.com\/fi\/innovaatiot\/#breadcrumb\",\"itemListElement\":[{\"@type\":\"ListItem\",\"position\":1,\"name\":\"Home\",\"item\":\"https:\/\/www.forchem.com\/fi\/\"},{\"@type\":\"ListItem\",\"position\":2,\"name\":\"Innovaatiot\"}]},{\"@type\":\"WebSite\",\"@id\":\"https:\/\/www.forchem.com\/#website\",\"url\":\"https:\/\/www.forchem.com\/\",\"name\":\"Forchem\",\"description\":\"Forchem website\",\"publisher\":{\"@id\":\"https:\/\/www.forchem.com\/#organization\"},\"potentialAction\":[{\"@type\":\"SearchAction\",\"target\":{\"@type\":\"EntryPoint\",\"urlTemplate\":\"https:\/\/www.forchem.com\/?s={search_term_string}\"},\"query-input\":{\"@type\":\"PropertyValueSpecification\",\"valueRequired\":true,\"valueName\":\"search_term_string\"}}],\"inLanguage\":\"fi\"},{\"@type\":\"Organization\",\"@id\":\"https:\/\/www.forchem.com\/#organization\",\"name\":\"Forchem\",\"url\":\"https:\/\/www.forchem.com\/\",\"logo\":{\"@type\":\"ImageObject\",\"inLanguage\":\"fi\",\"@id\":\"https:\/\/www.forchem.com\/#\/schema\/logo\/image\/\",\"url\":\"https:\/\/www.forchem.com\/wp-content\/uploads\/2019\/12\/Forchem_logo_black.png\",\"contentUrl\":\"https:\/\/www.forchem.com\/wp-content\/uploads\/2019\/12\/Forchem_logo_black.png\",\"width\":1417,\"height\":565,\"caption\":\"Forchem\"},\"image\":{\"@id\":\"https:\/\/www.forchem.com\/#\/schema\/logo\/image\/\"}}]}<\/script>\n<!-- \/ Yoast SEO plugin. -->","yoast_head_json":{"title":"Innovaatiot - Forchem","robots":{"index":"index","follow":"follow","max-snippet":"max-snippet:-1","max-image-preview":"max-image-preview:large","max-video-preview":"max-video-preview:-1"},"canonical":"https:\/\/www.forchem.com\/fi\/innovaatiot\/","og_locale":"fi_FI","og_type":"article","og_title":"Innovaatiot - Forchem","og_description":"Pihka on havupuiden luontainen suojautumiskeino,\u00a0 todellinen metsien aarre ja ihmeaine, joka parantaa puiden vastustuskyky\u00e4 M\u00e4nty\u00f6ljy on osa jokap\u00e4iv\u00e4ist\u00e4 el\u00e4m\u00e4\u00e4mme Forchem perustettiin jalostamaan biopohjaisia innovaatioita suomalaisten m\u00e4ntymetsien elinvoimasta. Pihka on havupuiden luontainen suojautumiskeino &#8211; todellinen metsien aarre ja ihmeaine, joka parantaa puiden vastustuskyky\u00e4. Ainutlaatuisten ominaisuuksiensa ansiosta m\u00e4nty\u00f6ljy voidaan jatkojalostaa erilaisiksi tuotteiksi. V\u00e4lituotteita &#8211; kuten rasvahappoja, steroleja&hellip;","og_url":"https:\/\/www.forchem.com\/fi\/innovaatiot\/","og_site_name":"Forchem","article_modified_time":"2022-02-17T12:13:22+00:00","og_image":[{"width":1920,"height":1080,"url":"https:\/\/www.forchem.com\/wp-content\/uploads\/2019\/11\/50A2905-edit-1080.jpg","type":"image\/jpeg"}],"twitter_card":"summary_large_image","twitter_misc":{"Arvioitu lukuaika":"3 minuuttia"},"schema":{"@context":"https:\/\/schema.org","@graph":[{"@type":"WebPage","@id":"https:\/\/www.forchem.com\/fi\/innovaatiot\/","url":"https:\/\/www.forchem.com\/fi\/innovaatiot\/","name":"Innovaatiot - Forchem","isPartOf":{"@id":"https:\/\/www.forchem.com\/#website"},"primaryImageOfPage":{"@id":"https:\/\/www.forchem.com\/fi\/innovaatiot\/#primaryimage"},"image":{"@id":"https:\/\/www.forchem.com\/fi\/innovaatiot\/#primaryimage"},"thumbnailUrl":"https:\/\/www.forchem.com\/wp-content\/uploads\/2019\/11\/50A2905-edit-1080.jpg","datePublished":"2019-09-03T11:29:44+00:00","dateModified":"2022-02-17T12:13:22+00:00","breadcrumb":{"@id":"https:\/\/www.forchem.com\/fi\/innovaatiot\/#breadcrumb"},"inLanguage":"fi","potentialAction":[{"@type":"ReadAction","target":["https:\/\/www.forchem.com\/fi\/innovaatiot\/"]}]},{"@type":"ImageObject","inLanguage":"fi","@id":"https:\/\/www.forchem.com\/fi\/innovaatiot\/#primaryimage","url":"https:\/\/www.forchem.com\/wp-content\/uploads\/2019\/11\/50A2905-edit-1080.jpg","contentUrl":"https:\/\/www.forchem.com\/wp-content\/uploads\/2019\/11\/50A2905-edit-1080.jpg","width":1920,"height":1080},{"@type":"BreadcrumbList","@id":"https:\/\/www.forchem.com\/fi\/innovaatiot\/#breadcrumb","itemListElement":[{"@type":"ListItem","position":1,"name":"Home","item":"https:\/\/www.forchem.com\/fi\/"},{"@type":"ListItem","position":2,"name":"Innovaatiot"}]},{"@type":"WebSite","@id":"https:\/\/www.forchem.com\/#website","url":"https:\/\/www.forchem.com\/","name":"Forchem","description":"Forchem website","publisher":{"@id":"https:\/\/www.forchem.com\/#organization"},"potentialAction":[{"@type":"SearchAction","target":{"@type":"EntryPoint","urlTemplate":"https:\/\/www.forchem.com\/?s={search_term_string}"},"query-input":{"@type":"PropertyValueSpecification","valueRequired":true,"valueName":"search_term_string"}}],"inLanguage":"fi"},{"@type":"Organization","@id":"https:\/\/www.forchem.com\/#organization","name":"Forchem","url":"https:\/\/www.forchem.com\/","logo":{"@type":"ImageObject","inLanguage":"fi","@id":"https:\/\/www.forchem.com\/#\/schema\/logo\/image\/","url":"https:\/\/www.forchem.com\/wp-content\/uploads\/2019\/12\/Forchem_logo_black.png","contentUrl":"https:\/\/www.forchem.com\/wp-content\/uploads\/2019\/12\/Forchem_logo_black.png","width":1417,"height":565,"caption":"Forchem"},"image":{"@id":"https:\/\/www.forchem.com\/#\/schema\/logo\/image\/"}}]}},"_links":{"self":[{"href":"https:\/\/www.forchem.com\/fi\/wp-json\/wp\/v2\/pages\/1739","targetHints":{"allow":["GET"]}}],"collection":[{"href":"https:\/\/www.forchem.com\/fi\/wp-json\/wp\/v2\/pages"}],"about":[{"href":"https:\/\/www.forchem.com\/fi\/wp-json\/wp\/v2\/types\/page"}],"author":[{"embeddable":true,"href":"https:\/\/www.forchem.com\/fi\/wp-json\/wp\/v2\/users\/1"}],"replies":[{"embeddable":true,"href":"https:\/\/www.forchem.com\/fi\/wp-json\/wp\/v2\/comments?post=1739"}],"version-history":[{"count":20,"href":"https:\/\/www.forchem.com\/fi\/wp-json\/wp\/v2\/pages\/1739\/revisions"}],"predecessor-version":[{"id":2969,"href":"https:\/\/www.forchem.com\/fi\/wp-json\/wp\/v2\/pages\/1739\/revisions\/2969"}],"wp:featuredmedia":[{"embeddable":true,"href":"https:\/\/www.forchem.com\/fi\/wp-json\/wp\/v2\/media\/1478"}],"wp:attachment":[{"href":"https:\/\/www.forchem.com\/fi\/wp-json\/wp\/v2\/media?parent=1739"}],"curies":[{"name":"wp","href":"https:\/\/api.w.org\/{rel}","templated":true}]}}