{"id":1740,"date":"2019-09-03T11:29:11","date_gmt":"2019-09-03T08:29:11","guid":{"rendered":"https:\/\/www.forchem.com\/sustainability\/"},"modified":"2026-04-09T10:29:36","modified_gmt":"2026-04-09T07:29:36","slug":"vastuullisuus","status":"publish","type":"page","link":"https:\/\/www.forchem.com\/fi\/vastuullisuus\/","title":{"rendered":"Vastuullisuus"},"content":{"rendered":"\n\n\t<h1>Olemme yhteisell\u00e4 tutkimusmatkalla, luomassa vihre\u00e4mp\u00e4\u00e4 tulevaisuutta<\/h1>\n<h2>\n\t\t\tYksi kemianteollisuuden vastuullisimmista yrityksist\u00e4\t<\/h2>\n\t<p>Kest\u00e4v\u00e4 kehitys on Forchemin liiketoimintaideologian sek\u00e4 liiketoimintastrategian ydin. K\u00e4yt\u00e4mme vastuullisesti hankittua raakam\u00e4nty\u00f6ljy\u00e4 ja jalostamme siit\u00e4 ensiluokkaisia tuotteita, jotka korvaavat fossiilipohjaisia materiaaleja. Me Forchemilla panostamme ymp\u00e4rist\u00f6n ja kest\u00e4v\u00e4n kehityksen turvaamiseen kaikessa toiminnassamme.<\/p>\n<p>Varmistamme, ett\u00e4 toimintaamme tarkastavat kumppanit ovat hyv\u00e4maineisia ja puolueettomia. Maailman luotettavin yritysvastuuarviointien tarjoaja<a href=\"https:\/\/ecovadis.com\">\u00a0<u>EcoVadis<\/u><\/a> on tunnustanut Forchemin pitk\u00e4aikaiset investoinnit kest\u00e4v\u00e4\u00e4n kehitykseen vuodesta 2019 l\u00e4htien. Otathan yhteytt\u00e4, mik\u00e4li haluat kuulla tuloksistamme.<\/p>\n<p>Forchemille on my\u00f6nnetty sek\u00e4 <strong>ISCC EU- ett\u00e4 ISCC PLUS -sertifikaatit<\/strong>. Lue lis\u00e4\u00e4 sertifioinnista <a href=\"https:\/\/www.forchem.com\/fi\/forchem-uutiset\/forchem-receives-iscc-certification\/\" target=\"_blank\" rel=\"noopener\">t\u00e4\u00e4lt\u00e4<\/a>.<\/p>\n<h2>\n\t\t\tUusiutuvat raaka-aineet\t<\/h2>\n\t<p>Forchem perustettiin jalostamaan biopohjaisia innovaatioita suomalaisten m\u00e4ntymetsien elinvoimasta. Raaka-aineemme m\u00e4nty\u00f6ljy on ymp\u00e4rist\u00f6\u00e4 s\u00e4\u00e4st\u00e4v\u00e4 materiaali. M\u00e4nty, josta m\u00e4nty\u00f6ljy tuotetaan, on pohjoisissa metsiss\u00e4 kasvava uusiutuva luonnonvara.<\/p>\n<p>Raakam\u00e4nty\u00f6ljy tuotetaan tarkoituksella sellunkeiton sivuvirtana, osana paperin ja kartongin tuotantoa. Forchem jalostaa m\u00e4nty\u00f6ljyn arvoa lis\u00e4\u00e4viksi ratkaisuiksi, jotka korvaavat fossiilipohjaiset raaka-aineet monissa p\u00e4ivitt\u00e4in k\u00e4ytetyiss\u00e4 tuotteissa.<\/p>\n<p>&nbsp;<\/p>\n<h2>\n\t\t\tYmp\u00e4rist\u00f6periaatteet\t<\/h2>\n\t<p>Kaikki tuotantoprosessimme on suunniteltu kest\u00e4v\u00e4n kehityksen periaatteiden mukaisesti, mik\u00e4 tarkoittaa, ett\u00e4 niiden ymp\u00e4rist\u00f6jalanj\u00e4lki on mahdollisimman pieni.<\/p>\n<p>Liiketoimintamme perustuu kiertotalouteen: ostamme raaka-aineemme sellutehtailta. Jalostamme sellunkeittoprosessista saatavan sivutuotteen arvokkaaksi hy\u00f6dyksi. Kaikki raaka-aineet, joita Forchem ei pysty jatkojalostamaan, samoin kuin jalostusprosessissa syntynyt piki, myyd\u00e4\u00e4n takaisin sellutehtaille energiak\u00e4ytt\u00f6\u00f6n.<\/p>\n<p>Rauman tuotantoyksikk\u00f6mme sijaitsee l\u00e4hell\u00e4 raaka-ainel\u00e4hteit\u00e4. T\u00e4m\u00e4 mahdollistaa tehokkaat logistiikkaketjut ja v\u00e4hent\u00e4\u00e4 kokonaisp\u00e4\u00e4st\u00f6j\u00e4.<\/p>\n<h2>\n\t\t\tKest\u00e4vyysraportti\t<\/h2>\n\t\t\t<a href=\"https:\/\/www.forchem.com\/wp-content\/uploads\/2026\/04\/Forchem_kestavyysraportti-2025-SUOMI-LOWRES-2.pdf\" title=\"Click Here\" target=\"_blank\" rel=\"noopener\"  role=\"button\" aria-label=\"LATAA FORCHEMIN KEST\u00c4VYYSRAPORTTI 2025 (PDF)\">\n\t\t\t\t\t\t\tLATAA FORCHEMIN KEST\u00c4VYYSRAPORTTI 2025 (PDF)\n\t\t<\/a>\n\t\t\t<a href=\"https:\/\/indd.adobe.com\/view\/08bc1937-6319-49df-9dad-115b51dd3b9a\" title=\"Click Here\" target=\"_blank\" rel=\"noopener\"  role=\"button\" aria-label=\"LUE KEST\u00c4VYYSRAPORTTI 2025 \/ S\u00c4HK\u00d6INEN JULKAISU\">\n\t\t\t\t\t\t\tLUE KEST\u00c4VYYSRAPORTTI 2025 \/ S\u00c4HK\u00d6INEN JULKAISU\n\t\t<\/a>\n\t\t\t\t<a href=\"https:\/\/www.forchem.com\/fi\/tuotteet\/tall-oil-fatty-acid-tofa\/\"  target=\"_self\" itemprop=\"url\">\n\t\t\t\t<img decoding=\"async\" src=\"https:\/\/www.forchem.com\/wp-content\/uploads\/2022\/01\/forchem-s-001.jpg\" alt=\"forchem-s-001\" itemprop=\"image\" height=\"576\" width=\"768\" title=\"forchem-s-001\" onerror=\"this.style.display='none'\" loading=\"lazy\" \/>\n\t\t\t\t<\/a>\n<h3>\n\t\t\tTOFA\t<\/h3>\n<h3>\n\t\t\tM\u00e4nty\u00f6ljyrasvahappo<br \/> for2\t<\/h3>\n\t\t\t<a href=\"https:\/\/www.forchem.com\/fi\/tuotteet\/tall-oil-fatty-acid-tofa\/\" title=\"Click Here\" target=\"_self\"   role=\"button\" aria-label=\"Lue lis\u00e4\u00e4\">\n\t\t\t\t\t\t\tLue lis\u00e4\u00e4\n\t\t<\/a>\n\t\t\t\t<a href=\"https:\/\/www.forchem.com\/fi\/tuotteet\/distilled-tall-oil-dto\/\"  target=\"_self\" itemprop=\"url\">\n\t\t\t\t<img decoding=\"async\" src=\"https:\/\/www.forchem.com\/wp-content\/uploads\/2022\/01\/forchem-s-002-1.jpg\" alt=\"forchem-s-002\" itemprop=\"image\" height=\"576\" width=\"768\" title=\"forchem-s-002\" onerror=\"this.style.display='none'\" loading=\"lazy\" \/>\n\t\t\t\t<\/a>\n<h3>\n\t\t\tDTO\t<\/h3>\n<h3>\n\t\t\tTislattu m\u00e4nty\u00f6ljy<br \/> for25\/30\t<\/h3>\n\t\t\t<a href=\"https:\/\/www.forchem.com\/fi\/tuotteet\/distilled-tall-oil-dto\/\" title=\"Click Here\" target=\"_self\"   role=\"button\" aria-label=\"Lue LIS\u00c4\u00c4\">\n\t\t\t\t\t\t\tLue LIS\u00c4\u00c4\n\t\t<\/a>\n\t\t\t\t<a href=\"https:\/\/www.forchem.com\/fi\/tuotteet\/tall-oil-rosin-tor\/\"  target=\"_self\" itemprop=\"url\">\n\t\t\t\t<img decoding=\"async\" src=\"https:\/\/www.forchem.com\/wp-content\/uploads\/2022\/01\/forchem-s-003.jpg\" alt=\"forchem-s-003\" itemprop=\"image\" height=\"576\" width=\"768\" title=\"forchem-s-003\" onerror=\"this.style.display='none'\" loading=\"lazy\" \/>\n\t\t\t\t<\/a>\n<h3>\n\t\t\tTOR\t<\/h3>\n<h3>\n\t\t\tM\u00e4nty\u00f6ljyresiinihappo<br \/> for85\t<\/h3>\n\t\t\t<a href=\"https:\/\/www.forchem.com\/fi\/tuotteet\/tall-oil-rosin-tor\/\" title=\"Click Here\" target=\"_self\"   role=\"button\" aria-label=\"Lue lis\u00e4\u00e4\">\n\t\t\t\t\t\t\tLue lis\u00e4\u00e4\n\t\t<\/a>\n\t\t\t\t<a href=\"https:\/\/www.forchem.com\/fi\/tuotteet\/fortop600\/\"  target=\"_self\" itemprop=\"url\">\n\t\t\t\t<img decoding=\"async\" src=\"https:\/\/www.forchem.com\/wp-content\/uploads\/2022\/01\/forchem-s-004.jpg\" alt=\"forchem-s-004\" itemprop=\"image\" height=\"576\" width=\"768\" title=\"forchem-s-004\" onerror=\"this.style.display='none'\" loading=\"lazy\" \/>\n\t\t\t\t<\/a>\n<h3>\n\t\t\tFORTOP600\t<\/h3>\n<h3>\n\t\t\tNestem\u00e4inen biopolttoneste polttomoottoriin\t<\/h3>\n\t\t\t<a href=\"https:\/\/www.forchem.com\/fi\/tuotteet\/fortop600\/\" title=\"Click Here\" target=\"_self\"   role=\"button\" aria-label=\"Lue lis\u00e4\u00e4\">\n\t\t\t\t\t\t\tLue lis\u00e4\u00e4\n\t\t<\/a>\n\n","protected":false},"excerpt":{"rendered":"<p>Olemme yhteisell\u00e4 tutkimusmatkalla, luomassa vihre\u00e4mp\u00e4\u00e4 tulevaisuutta Yksi kemianteollisuuden vastuullisimmista yrityksist\u00e4 Kest\u00e4v\u00e4 kehitys on Forchemin liiketoimintaideologian sek\u00e4 liiketoimintastrategian ydin. K\u00e4yt\u00e4mme vastuullisesti hankittua raakam\u00e4nty\u00f6ljy\u00e4 ja jalostamme siit\u00e4 ensiluokkaisia tuotteita, jotka korvaavat fossiilipohjaisia materiaaleja. Me Forchemilla panostamme ymp\u00e4rist\u00f6n ja kest\u00e4v\u00e4n kehityksen turvaamiseen kaikessa toiminnassamme. Varmistamme, ett\u00e4 toimintaamme tarkastavat kumppanit ovat hyv\u00e4maineisia ja puolueettomia. Maailman luotettavin yritysvastuuarviointien tarjoaja\u00a0EcoVadis on&hellip;<\/p>\n","protected":false},"author":1,"featured_media":1567,"parent":0,"menu_order":0,"comment_status":"closed","ping_status":"closed","template":"","meta":{"_acf_changed":false,"footnotes":""},"class_list":["post-1740","page","type-page","status-publish","has-post-thumbnail","hentry"],"acf":[],"yoast_head":"<!-- This site is optimized with the Yoast SEO plugin v26.7 - https:\/\/yoast.com\/wordpress\/plugins\/seo\/ -->\n<title>Vastuullisuus - Forchem<\/title>\n<meta name=\"robots\" content=\"index, follow, max-snippet:-1, max-image-preview:large, max-video-preview:-1\" \/>\n<link rel=\"canonical\" href=\"https:\/\/www.forchem.com\/fi\/vastuullisuus\/\" \/>\n<meta property=\"og:locale\" content=\"fi_FI\" \/>\n<meta property=\"og:type\" content=\"article\" \/>\n<meta property=\"og:title\" content=\"Vastuullisuus - Forchem\" \/>\n<meta property=\"og:description\" content=\"Olemme yhteisell\u00e4 tutkimusmatkalla, luomassa vihre\u00e4mp\u00e4\u00e4 tulevaisuutta Yksi kemianteollisuuden vastuullisimmista yrityksist\u00e4 Kest\u00e4v\u00e4 kehitys on Forchemin liiketoimintaideologian sek\u00e4 liiketoimintastrategian ydin. K\u00e4yt\u00e4mme vastuullisesti hankittua raakam\u00e4nty\u00f6ljy\u00e4 ja jalostamme siit\u00e4 ensiluokkaisia tuotteita, jotka korvaavat fossiilipohjaisia materiaaleja. Me Forchemilla panostamme ymp\u00e4rist\u00f6n ja kest\u00e4v\u00e4n kehityksen turvaamiseen kaikessa toiminnassamme. Varmistamme, ett\u00e4 toimintaamme tarkastavat kumppanit ovat hyv\u00e4maineisia ja puolueettomia. Maailman luotettavin yritysvastuuarviointien tarjoaja\u00a0EcoVadis on&hellip;\" \/>\n<meta property=\"og:url\" content=\"https:\/\/www.forchem.com\/fi\/vastuullisuus\/\" \/>\n<meta property=\"og:site_name\" content=\"Forchem\" \/>\n<meta property=\"article:modified_time\" content=\"2026-04-09T07:29:36+00:00\" \/>\n<meta property=\"og:image\" content=\"https:\/\/www.forchem.com\/wp-content\/uploads\/2019\/12\/quality-standards-01.jpg\" \/>\n\t<meta property=\"og:image:width\" content=\"1920\" \/>\n\t<meta property=\"og:image:height\" content=\"1280\" \/>\n\t<meta property=\"og:image:type\" content=\"image\/jpeg\" \/>\n<meta name=\"twitter:card\" content=\"summary_large_image\" \/>\n<meta name=\"twitter:label1\" content=\"Arvioitu lukuaika\" \/>\n\t<meta name=\"twitter:data1\" content=\"2 minuuttia\" \/>\n<script type=\"application\/ld+json\" class=\"yoast-schema-graph\">{\"@context\":\"https:\/\/schema.org\",\"@graph\":[{\"@type\":\"WebPage\",\"@id\":\"https:\/\/www.forchem.com\/fi\/vastuullisuus\/\",\"url\":\"https:\/\/www.forchem.com\/fi\/vastuullisuus\/\",\"name\":\"Vastuullisuus - Forchem\",\"isPartOf\":{\"@id\":\"https:\/\/www.forchem.com\/#website\"},\"primaryImageOfPage\":{\"@id\":\"https:\/\/www.forchem.com\/fi\/vastuullisuus\/#primaryimage\"},\"image\":{\"@id\":\"https:\/\/www.forchem.com\/fi\/vastuullisuus\/#primaryimage\"},\"thumbnailUrl\":\"https:\/\/www.forchem.com\/wp-content\/uploads\/2019\/12\/quality-standards-01.jpg\",\"datePublished\":\"2019-09-03T08:29:11+00:00\",\"dateModified\":\"2026-04-09T07:29:36+00:00\",\"breadcrumb\":{\"@id\":\"https:\/\/www.forchem.com\/fi\/vastuullisuus\/#breadcrumb\"},\"inLanguage\":\"fi\",\"potentialAction\":[{\"@type\":\"ReadAction\",\"target\":[\"https:\/\/www.forchem.com\/fi\/vastuullisuus\/\"]}]},{\"@type\":\"ImageObject\",\"inLanguage\":\"fi\",\"@id\":\"https:\/\/www.forchem.com\/fi\/vastuullisuus\/#primaryimage\",\"url\":\"https:\/\/www.forchem.com\/wp-content\/uploads\/2019\/12\/quality-standards-01.jpg\",\"contentUrl\":\"https:\/\/www.forchem.com\/wp-content\/uploads\/2019\/12\/quality-standards-01.jpg\",\"width\":1920,\"height\":1280},{\"@type\":\"BreadcrumbList\",\"@id\":\"https:\/\/www.forchem.com\/fi\/vastuullisuus\/#breadcrumb\",\"itemListElement\":[{\"@type\":\"ListItem\",\"position\":1,\"name\":\"Home\",\"item\":\"https:\/\/www.forchem.com\/fi\/\"},{\"@type\":\"ListItem\",\"position\":2,\"name\":\"Vastuullisuus\"}]},{\"@type\":\"WebSite\",\"@id\":\"https:\/\/www.forchem.com\/#website\",\"url\":\"https:\/\/www.forchem.com\/\",\"name\":\"Forchem\",\"description\":\"Forchem website\",\"publisher\":{\"@id\":\"https:\/\/www.forchem.com\/#organization\"},\"potentialAction\":[{\"@type\":\"SearchAction\",\"target\":{\"@type\":\"EntryPoint\",\"urlTemplate\":\"https:\/\/www.forchem.com\/?s={search_term_string}\"},\"query-input\":{\"@type\":\"PropertyValueSpecification\",\"valueRequired\":true,\"valueName\":\"search_term_string\"}}],\"inLanguage\":\"fi\"},{\"@type\":\"Organization\",\"@id\":\"https:\/\/www.forchem.com\/#organization\",\"name\":\"Forchem\",\"url\":\"https:\/\/www.forchem.com\/\",\"logo\":{\"@type\":\"ImageObject\",\"inLanguage\":\"fi\",\"@id\":\"https:\/\/www.forchem.com\/#\/schema\/logo\/image\/\",\"url\":\"https:\/\/www.forchem.com\/wp-content\/uploads\/2019\/12\/Forchem_logo_black.png\",\"contentUrl\":\"https:\/\/www.forchem.com\/wp-content\/uploads\/2019\/12\/Forchem_logo_black.png\",\"width\":1417,\"height\":565,\"caption\":\"Forchem\"},\"image\":{\"@id\":\"https:\/\/www.forchem.com\/#\/schema\/logo\/image\/\"}}]}<\/script>\n<!-- \/ Yoast SEO plugin. -->","yoast_head_json":{"title":"Vastuullisuus - Forchem","robots":{"index":"index","follow":"follow","max-snippet":"max-snippet:-1","max-image-preview":"max-image-preview:large","max-video-preview":"max-video-preview:-1"},"canonical":"https:\/\/www.forchem.com\/fi\/vastuullisuus\/","og_locale":"fi_FI","og_type":"article","og_title":"Vastuullisuus - Forchem","og_description":"Olemme yhteisell\u00e4 tutkimusmatkalla, luomassa vihre\u00e4mp\u00e4\u00e4 tulevaisuutta Yksi kemianteollisuuden vastuullisimmista yrityksist\u00e4 Kest\u00e4v\u00e4 kehitys on Forchemin liiketoimintaideologian sek\u00e4 liiketoimintastrategian ydin. K\u00e4yt\u00e4mme vastuullisesti hankittua raakam\u00e4nty\u00f6ljy\u00e4 ja jalostamme siit\u00e4 ensiluokkaisia tuotteita, jotka korvaavat fossiilipohjaisia materiaaleja. Me Forchemilla panostamme ymp\u00e4rist\u00f6n ja kest\u00e4v\u00e4n kehityksen turvaamiseen kaikessa toiminnassamme. Varmistamme, ett\u00e4 toimintaamme tarkastavat kumppanit ovat hyv\u00e4maineisia ja puolueettomia. Maailman luotettavin yritysvastuuarviointien tarjoaja\u00a0EcoVadis on&hellip;","og_url":"https:\/\/www.forchem.com\/fi\/vastuullisuus\/","og_site_name":"Forchem","article_modified_time":"2026-04-09T07:29:36+00:00","og_image":[{"width":1920,"height":1280,"url":"https:\/\/www.forchem.com\/wp-content\/uploads\/2019\/12\/quality-standards-01.jpg","type":"image\/jpeg"}],"twitter_card":"summary_large_image","twitter_misc":{"Arvioitu lukuaika":"2 minuuttia"},"schema":{"@context":"https:\/\/schema.org","@graph":[{"@type":"WebPage","@id":"https:\/\/www.forchem.com\/fi\/vastuullisuus\/","url":"https:\/\/www.forchem.com\/fi\/vastuullisuus\/","name":"Vastuullisuus - Forchem","isPartOf":{"@id":"https:\/\/www.forchem.com\/#website"},"primaryImageOfPage":{"@id":"https:\/\/www.forchem.com\/fi\/vastuullisuus\/#primaryimage"},"image":{"@id":"https:\/\/www.forchem.com\/fi\/vastuullisuus\/#primaryimage"},"thumbnailUrl":"https:\/\/www.forchem.com\/wp-content\/uploads\/2019\/12\/quality-standards-01.jpg","datePublished":"2019-09-03T08:29:11+00:00","dateModified":"2026-04-09T07:29:36+00:00","breadcrumb":{"@id":"https:\/\/www.forchem.com\/fi\/vastuullisuus\/#breadcrumb"},"inLanguage":"fi","potentialAction":[{"@type":"ReadAction","target":["https:\/\/www.forchem.com\/fi\/vastuullisuus\/"]}]},{"@type":"ImageObject","inLanguage":"fi","@id":"https:\/\/www.forchem.com\/fi\/vastuullisuus\/#primaryimage","url":"https:\/\/www.forchem.com\/wp-content\/uploads\/2019\/12\/quality-standards-01.jpg","contentUrl":"https:\/\/www.forchem.com\/wp-content\/uploads\/2019\/12\/quality-standards-01.jpg","width":1920,"height":1280},{"@type":"BreadcrumbList","@id":"https:\/\/www.forchem.com\/fi\/vastuullisuus\/#breadcrumb","itemListElement":[{"@type":"ListItem","position":1,"name":"Home","item":"https:\/\/www.forchem.com\/fi\/"},{"@type":"ListItem","position":2,"name":"Vastuullisuus"}]},{"@type":"WebSite","@id":"https:\/\/www.forchem.com\/#website","url":"https:\/\/www.forchem.com\/","name":"Forchem","description":"Forchem website","publisher":{"@id":"https:\/\/www.forchem.com\/#organization"},"potentialAction":[{"@type":"SearchAction","target":{"@type":"EntryPoint","urlTemplate":"https:\/\/www.forchem.com\/?s={search_term_string}"},"query-input":{"@type":"PropertyValueSpecification","valueRequired":true,"valueName":"search_term_string"}}],"inLanguage":"fi"},{"@type":"Organization","@id":"https:\/\/www.forchem.com\/#organization","name":"Forchem","url":"https:\/\/www.forchem.com\/","logo":{"@type":"ImageObject","inLanguage":"fi","@id":"https:\/\/www.forchem.com\/#\/schema\/logo\/image\/","url":"https:\/\/www.forchem.com\/wp-content\/uploads\/2019\/12\/Forchem_logo_black.png","contentUrl":"https:\/\/www.forchem.com\/wp-content\/uploads\/2019\/12\/Forchem_logo_black.png","width":1417,"height":565,"caption":"Forchem"},"image":{"@id":"https:\/\/www.forchem.com\/#\/schema\/logo\/image\/"}}]}},"_links":{"self":[{"href":"https:\/\/www.forchem.com\/fi\/wp-json\/wp\/v2\/pages\/1740","targetHints":{"allow":["GET"]}}],"collection":[{"href":"https:\/\/www.forchem.com\/fi\/wp-json\/wp\/v2\/pages"}],"about":[{"href":"https:\/\/www.forchem.com\/fi\/wp-json\/wp\/v2\/types\/page"}],"author":[{"embeddable":true,"href":"https:\/\/www.forchem.com\/fi\/wp-json\/wp\/v2\/users\/1"}],"replies":[{"embeddable":true,"href":"https:\/\/www.forchem.com\/fi\/wp-json\/wp\/v2\/comments?post=1740"}],"version-history":[{"count":12,"href":"https:\/\/www.forchem.com\/fi\/wp-json\/wp\/v2\/pages\/1740\/revisions"}],"predecessor-version":[{"id":3757,"href":"https:\/\/www.forchem.com\/fi\/wp-json\/wp\/v2\/pages\/1740\/revisions\/3757"}],"wp:featuredmedia":[{"embeddable":true,"href":"https:\/\/www.forchem.com\/fi\/wp-json\/wp\/v2\/media\/1567"}],"wp:attachment":[{"href":"https:\/\/www.forchem.com\/fi\/wp-json\/wp\/v2\/media?parent=1740"}],"curies":[{"name":"wp","href":"https:\/\/api.w.org\/{rel}","templated":true}]}}