{"id":1741,"date":"2019-09-03T11:28:48","date_gmt":"2019-09-03T11:28:48","guid":{"rendered":"https:\/\/www.forchem.com\/products\/"},"modified":"2022-10-26T13:27:29","modified_gmt":"2022-10-26T10:27:29","slug":"tuotteet","status":"publish","type":"page","link":"https:\/\/www.forchem.com\/fi\/tuotteet\/","title":{"rendered":"Tuotteet"},"content":{"rendered":"\n\n\t<h1>Me luomme kest\u00e4vi\u00e4 vaihtoehtoja uusiutumattomille ainesosille tuotteissa, jotka palvelevat meit\u00e4 jokap\u00e4iv\u00e4isess\u00e4 el\u00e4m\u00e4ss\u00e4mme<\/h1>\n<h2>\n\t\tMeill\u00e4 on selke\u00e4 visio vihreiden ja kest\u00e4vien konseptien hy\u00f6dynt\u00e4misest\u00e4. Toimintamme ytimess\u00e4 on m\u00e4nty\u00f6ljy, sellunkeiton kest\u00e4v\u00e4 sivutuote.\n\t<\/h2>\n\t<p>Forchemin m\u00e4nty\u00f6ljy (CTO) on luonnollinen raaka-aine pohjoisista m\u00e4ntymetsist\u00e4. M\u00e4nty\u00f6ljy syntyy m\u00e4nnyist\u00e4 sellunkeiton sivutuotteena, mink\u00e4 j\u00e4lkeen m\u00e4nty\u00f6ljy jatkojalostetaan Rauman biojalostamolla.<\/p>\n<p>Jalostetut m\u00e4nty\u00f6ljytuotteet ovat luonnollisia raaka-aineita moniin teollisiin prosesseihin. N\u00e4m\u00e4 biopohjaiset raaka-aineet korvaavat fossiilipohjaisia \u200b\u200baineosia erilaisissa p\u00e4ivitt\u00e4isiss\u00e4 tuotteissa. Niit\u00e4 k\u00e4ytet\u00e4\u00e4n esimerkiksi maaleissa, pinnoitteissa ja painomusteissa. M\u00e4nty\u00f6ljy on tulevaisuudessa t\u00e4rke\u00e4 aineosa my\u00f6s monissa tuotteissa, joilla on antibakteerisia tai kolesterolia alentavia ominaisuuksia, mainitaksemme muutamia k\u00e4ytt\u00f6tarkoituksia.<\/p>\n<h1>\n\t\tTuotteemme\n\t<\/h1>\n\t\t\t\t\t\t<h4 tabindex=\"0\">M\u00c4NTY\u00d6LJYRASVAHAPPO (TOFA)<\/h4>\n\t\t\t<p>M\u00c4NTY\u00d6LJYRASVAHAPPO (TOFA)<\/p>\n<p>M\u00e4nty\u00f6ljyrasvahappo on Forchemin klassinen m\u00e4nty\u00f6ljytuote. Se on eritt\u00e4in puhdasta rasvahappoa, jossa on vain v\u00e4h\u00e4n hartsihappoja sek\u00e4 v\u00e4h\u00e4n saippuoitumattomia aineita optimaalisen tislausprosessimme kautta.<\/p>\n<p><a href=\"https:\/\/www.forchem.com\/fi\/tuotteet\/mantyoljyrasvahappo-tofa\/\">LUE LIS\u00c4\u00c4 <\/a><\/p>\n\t\t\t\t\t\t<h4 tabindex=\"0\">M\u00c4NTY\u00d6LJYHARTSI (TOR)<\/h4>\n\t\t\t<p>M\u00c4NTY\u00d6LJYHARTSI (TOR)<\/p>\n<p>Forchemin m\u00e4nty\u00f6ljyhartsi (TOR) on resiinihapposekoite, joka on jalostettu m\u00e4nty\u00f6ljyst\u00e4. TOR-tuotteet ovat muokkaamattomia ja niiss\u00e4 on vaihteleva m\u00e4\u00e4r\u00e4 abioottisia hartsihappoja, joilla taataan kustannustehokas ja mukautuva alusta monille lopputuotteille ja asiakaskohtaisiin prosesseihin.<\/p>\n<p><a href=\"https:\/\/www.forchem.com\/fi\/tuotteet\/mantyoljyhartsi-tor\/\">LUE LIS\u00c4\u00c4 <\/a><\/p>\n\t\t\t\t\t\t<h4 tabindex=\"0\">TISLATTU M\u00c4NTY\u00d6LJY (DTO)<\/h4>\n\t\t\t<p>TISLATTU M\u00c4NTY\u00d6LJE (DTO)<\/p>\n<p>Forchemin tislatulla m\u00e4nty\u00f6ljyll\u00e4 (DTO) on erinomaiset ominaisuudet, joita voidaan hy\u00f6dynt\u00e4\u00e4 erilaisissa kemiallisissa reaktioissa ja sekoitetuissa tuotteissa. Tislattu m\u00e4nty\u00f6ljy on ainutlaatuinen yhdistelm\u00e4 rasva- ja hartsihappoja, joita ei l\u00f6ydy muista rasvahapoista.<\/p>\n<p><a href=\"https:\/\/www.forchem.com\/fi\/tuotteet\/tislattu-mantyoljy-dto\/\">LUE LIS\u00c4\u00c4 <\/a><\/p>\n\t\t\t\t\t\t<h4 tabindex=\"0\">FORTOP600<\/h4>\n\t\t\t<p>FORTOP600<\/p>\n<p>Fortop600 on pikipolttoaine, joka on sekoitettu m\u00e4nty\u00f6ljyn piest\u00e4 sek\u00e4 muista monomeerisist\u00e4 m\u00e4nty\u00f6ljytisleist\u00e4. Luonnonvaraisena materiaalina fortop600 tarjoaa ymp\u00e4rist\u00f6yst\u00e4v\u00e4llisen ja helposti sovellettavan nestem\u00e4isen vaihtoehdon fossiilisille polttoaineille.<\/p>\n<p><a href=\"https:\/\/www.forchem.com\/fi\/tuotteet\/fortop600\/\">LUE LIS\u00c4\u00c4 <\/a><\/p>\n\t\t\t\t\t\t<h4 tabindex=\"0\">MUUT M\u00c4NTY\u00d6LJYTUOTTEET<\/h4>\n\t\t\t<p>MUUT M\u00c4NTY\u00d6LJY TUOTTEET<\/p>\n<p>M\u00e4nty\u00f6ljyrasvahappojen, m\u00e4nty\u00f6ljyhartsien, m\u00e4nty\u00f6ljytisleiden sek\u00e4 biopolttoaineen lis\u00e4ksi Forchem voi tuottaa erikoisseoksia erilaisista tislausjakeista. T\u00e4m\u00e4 riippuu luonnollisesti tehtaan kapasiteetista sek\u00e4 kaupallisista ja logistiikkaan liittyvist\u00e4 asioista.<\/p>\n<p><a href=\"https:\/\/www.forchem.com\/fi\/tuotteet\/muut-mantyoljytuotteet\/\">LUE LIS\u00c4\u00c4 <\/a><\/p>\n<h2>\n\t\tLaatu- ja johtamisj\u00e4rjestelm\u00e4\n\t<\/h2>\n\t<p>Forchemin laatuj\u00e4rjestelm\u00e4 perustuu korkealaatuisiin prosesseihin ja materiaaleihin sek\u00e4 jatkuvaan tuotekehitykseen ja testaukseen.<\/p>\n<p>Painopiste on asetettu etenkin tuotannon eri vaiheisiin, logistiikasta asiakkaille suunnattuihin lopputuotteisiin asti. Digitaalinen toiminnanohjausj\u00e4rjestelm\u00e4mme mahdollistaa prosessien laadunvalvonnan kaikkialla maailmassa, jotta ongelmakohdat voidaan hoitaa heti niiden ilmentyess\u00e4.<\/p>\n<p>Pitk\u00e4n aikav\u00e4lin suunnitteluun ja tavoitteisiin perustuva toimintatapa on pienen, mutta tehokkaan organisaatiomme valttikortti. Lis\u00e4ksi tuotantolinjojemme huipputeknologia antaa meille joustokyvyn ja tuotantokapasiteetin palvella asiakkaitamme paremmin kuin mihin he ovat tottuneet.<\/p>\n<p>Meill\u00e4 Forchemilla ymp\u00e4rist\u00f6asiat ovat aina olleet toimintamme t\u00e4rkeimpi\u00e4 suuntaviivoja. Energiatehokas tuotantolaitoksemme k\u00e4ytt\u00e4\u00e4 99%:sti bioenergiaa. Laitoksen omien tisleiden ja uusiutuvan bioenergian hy\u00f6dynt\u00e4minen ovat hyvin linjassa kansallisten ja kansainv\u00e4listen ymp\u00e4rist\u00f6tavoitteiden kanssa. Forchem on ekologisesti kest\u00e4v\u00e4 raaka-ainetuottaja.<\/p>\n<p><a href=\"https:\/\/www.forchem.com\/fi\/vastuullisuus\/\">Lue lis\u00e4\u00e4 sitoutumisestamme ymp\u00e4rist\u00f6\u00f6n ja kest\u00e4v\u00e4\u00e4n kehitykseen.<\/a><\/p>\n<p>&nbsp;<\/p>\n<h2>\n\t\tTavoitteet korkealla\n\t<\/h2>\n\t<p>Kaikki Forchemin tuotteet ovat biopohjaisia \u200b\u200bkemikaaleja m\u00e4nty\u00f6ljyst\u00e4. Kemikaaleja s\u00e4\u00e4nnell\u00e4\u00e4n REACH-asetuksella (EY 1907\/2006). REACH-asetuksen tavoitteena on kemikaalien turvallinen k\u00e4ytt\u00f6 ja rekister\u00f6inti, jonka tarkoituksena on antaa tietoa kuluttajille, s\u00e4\u00e4ntelij\u00f6ille ja teollisuudelle. REACH velvoittaa, ett\u00e4 eritt\u00e4in huolestuttavat (Substances of Very Hugh Concern, SVHC) ja huolta aiheuttavat (Substances of Concern, SoC) aineet ovat rekister\u00f6it\u00e4v\u00e4 erikseen. Mit\u00e4\u00e4n Forchemin tuotteista ei ole mainittu kummassakaan n\u00e4ist\u00e4 luetteloista.<\/p>\n<p>REACH velvoittaa, ett\u00e4 kaikki kemialliset yhdisteet ovat rekister\u00f6it\u00e4v\u00e4 Euroopan kemikaalivirastossa. Luonnossa esiintyvi\u00e4 aineita ei kuitenkaan rekister\u00f6id\u00e4 (REACH-asetuksen artikla 2 (7b) ja liite V(8)), jos ne t\u00e4ytt\u00e4v\u00e4t tietyt REACH-asetuksen 3 artiklan 39 kohdassa luetellut vaatimukset.<\/p>\n<p>Forchemin tuotteiden REACH-status:<\/p>\n<p>M\u00e4nty\u00f6ljyrasvahappo (TOFA) (CAS-nro 61790-12-3) on vapautettu rekister\u00f6intivelvollisuudesta REACH-asetuksen liitteen V (9) mukaisesti.<\/p>\n<p>M\u00e4nty\u00f6ljyhartsi (TOR) (CAS-nro 8050-09-7) ja tislattu m\u00e4nty\u00f6ljy (DTO) (CAS-nro 8002-26-4) on rekister\u00f6ity vuodesta 2010.<\/p>\n\t\t\t\t<img loading=\"lazy\" decoding=\"async\" src=\"https:\/\/www.forchem.com\/wp-content\/uploads\/2022\/10\/B2A0585.jpg\" alt=\"_B2A0585\" itemprop=\"image\" height=\"1333\" width=\"2000\" title=\"_B2A0585\" onerror=\"this.style.display='none'\"  \/>\n\n","protected":false},"excerpt":{"rendered":"<p>Me luomme kest\u00e4vi\u00e4 vaihtoehtoja uusiutumattomille ainesosille tuotteissa, jotka palvelevat meit\u00e4 jokap\u00e4iv\u00e4isess\u00e4 el\u00e4m\u00e4ss\u00e4mme Meill\u00e4 on selke\u00e4 visio vihreiden ja kest\u00e4vien konseptien hy\u00f6dynt\u00e4misest\u00e4. Toimintamme ytimess\u00e4 on m\u00e4nty\u00f6ljy, sellunkeiton kest\u00e4v\u00e4 sivutuote. Forchemin m\u00e4nty\u00f6ljy (CTO) on luonnollinen raaka-aine pohjoisista m\u00e4ntymetsist\u00e4. M\u00e4nty\u00f6ljy syntyy m\u00e4nnyist\u00e4 sellunkeiton sivutuotteena, mink\u00e4 j\u00e4lkeen m\u00e4nty\u00f6ljy jatkojalostetaan Rauman biojalostamolla. Jalostetut m\u00e4nty\u00f6ljytuotteet ovat luonnollisia raaka-aineita moniin teollisiin prosesseihin.&hellip;<\/p>\n","protected":false},"author":1,"featured_media":0,"parent":0,"menu_order":0,"comment_status":"closed","ping_status":"closed","template":"","meta":{"_acf_changed":false,"footnotes":""},"class_list":["post-1741","page","type-page","status-publish","hentry"],"acf":[],"yoast_head":"<!-- This site is optimized with the Yoast SEO plugin v26.7 - https:\/\/yoast.com\/wordpress\/plugins\/seo\/ -->\n<title>Tuotteet - Forchem<\/title>\n<meta name=\"robots\" content=\"index, follow, max-snippet:-1, max-image-preview:large, max-video-preview:-1\" \/>\n<link rel=\"canonical\" href=\"https:\/\/www.forchem.com\/fi\/tuotteet\/\" \/>\n<meta property=\"og:locale\" content=\"fi_FI\" \/>\n<meta property=\"og:type\" content=\"article\" \/>\n<meta property=\"og:title\" content=\"Tuotteet - Forchem\" \/>\n<meta property=\"og:description\" content=\"Me luomme kest\u00e4vi\u00e4 vaihtoehtoja uusiutumattomille ainesosille tuotteissa, jotka palvelevat meit\u00e4 jokap\u00e4iv\u00e4isess\u00e4 el\u00e4m\u00e4ss\u00e4mme Meill\u00e4 on selke\u00e4 visio vihreiden ja kest\u00e4vien konseptien hy\u00f6dynt\u00e4misest\u00e4. Toimintamme ytimess\u00e4 on m\u00e4nty\u00f6ljy, sellunkeiton kest\u00e4v\u00e4 sivutuote. Forchemin m\u00e4nty\u00f6ljy (CTO) on luonnollinen raaka-aine pohjoisista m\u00e4ntymetsist\u00e4. M\u00e4nty\u00f6ljy syntyy m\u00e4nnyist\u00e4 sellunkeiton sivutuotteena, mink\u00e4 j\u00e4lkeen m\u00e4nty\u00f6ljy jatkojalostetaan Rauman biojalostamolla. Jalostetut m\u00e4nty\u00f6ljytuotteet ovat luonnollisia raaka-aineita moniin teollisiin prosesseihin.&hellip;\" \/>\n<meta property=\"og:url\" content=\"https:\/\/www.forchem.com\/fi\/tuotteet\/\" \/>\n<meta property=\"og:site_name\" content=\"Forchem\" \/>\n<meta property=\"article:modified_time\" content=\"2022-10-26T10:27:29+00:00\" \/>\n<meta property=\"og:image\" content=\"https:\/\/www.forchem.com\/wp-content\/uploads\/2022\/10\/B2A0585.jpg\" \/>\n<meta name=\"twitter:card\" content=\"summary_large_image\" \/>\n<meta name=\"twitter:label1\" content=\"Arvioitu lukuaika\" \/>\n\t<meta name=\"twitter:data1\" content=\"3 minuuttia\" \/>\n<script type=\"application\/ld+json\" class=\"yoast-schema-graph\">{\"@context\":\"https:\/\/schema.org\",\"@graph\":[{\"@type\":\"WebPage\",\"@id\":\"https:\/\/www.forchem.com\/fi\/tuotteet\/\",\"url\":\"https:\/\/www.forchem.com\/fi\/tuotteet\/\",\"name\":\"Tuotteet - Forchem\",\"isPartOf\":{\"@id\":\"https:\/\/www.forchem.com\/#website\"},\"primaryImageOfPage\":{\"@id\":\"https:\/\/www.forchem.com\/fi\/tuotteet\/#primaryimage\"},\"image\":{\"@id\":\"https:\/\/www.forchem.com\/fi\/tuotteet\/#primaryimage\"},\"thumbnailUrl\":\"https:\/\/www.forchem.com\/wp-content\/uploads\/2022\/10\/B2A0585.jpg\",\"datePublished\":\"2019-09-03T11:28:48+00:00\",\"dateModified\":\"2022-10-26T10:27:29+00:00\",\"breadcrumb\":{\"@id\":\"https:\/\/www.forchem.com\/fi\/tuotteet\/#breadcrumb\"},\"inLanguage\":\"fi\",\"potentialAction\":[{\"@type\":\"ReadAction\",\"target\":[\"https:\/\/www.forchem.com\/fi\/tuotteet\/\"]}]},{\"@type\":\"ImageObject\",\"inLanguage\":\"fi\",\"@id\":\"https:\/\/www.forchem.com\/fi\/tuotteet\/#primaryimage\",\"url\":\"https:\/\/www.forchem.com\/wp-content\/uploads\/2022\/10\/B2A0585.jpg\",\"contentUrl\":\"https:\/\/www.forchem.com\/wp-content\/uploads\/2022\/10\/B2A0585.jpg\"},{\"@type\":\"BreadcrumbList\",\"@id\":\"https:\/\/www.forchem.com\/fi\/tuotteet\/#breadcrumb\",\"itemListElement\":[{\"@type\":\"ListItem\",\"position\":1,\"name\":\"Home\",\"item\":\"https:\/\/www.forchem.com\/fi\/\"},{\"@type\":\"ListItem\",\"position\":2,\"name\":\"Tuotteet\"}]},{\"@type\":\"WebSite\",\"@id\":\"https:\/\/www.forchem.com\/#website\",\"url\":\"https:\/\/www.forchem.com\/\",\"name\":\"Forchem\",\"description\":\"Forchem website\",\"publisher\":{\"@id\":\"https:\/\/www.forchem.com\/#organization\"},\"potentialAction\":[{\"@type\":\"SearchAction\",\"target\":{\"@type\":\"EntryPoint\",\"urlTemplate\":\"https:\/\/www.forchem.com\/?s={search_term_string}\"},\"query-input\":{\"@type\":\"PropertyValueSpecification\",\"valueRequired\":true,\"valueName\":\"search_term_string\"}}],\"inLanguage\":\"fi\"},{\"@type\":\"Organization\",\"@id\":\"https:\/\/www.forchem.com\/#organization\",\"name\":\"Forchem\",\"url\":\"https:\/\/www.forchem.com\/\",\"logo\":{\"@type\":\"ImageObject\",\"inLanguage\":\"fi\",\"@id\":\"https:\/\/www.forchem.com\/#\/schema\/logo\/image\/\",\"url\":\"https:\/\/www.forchem.com\/wp-content\/uploads\/2019\/12\/Forchem_logo_black.png\",\"contentUrl\":\"https:\/\/www.forchem.com\/wp-content\/uploads\/2019\/12\/Forchem_logo_black.png\",\"width\":1417,\"height\":565,\"caption\":\"Forchem\"},\"image\":{\"@id\":\"https:\/\/www.forchem.com\/#\/schema\/logo\/image\/\"}}]}<\/script>\n<!-- \/ Yoast SEO plugin. -->","yoast_head_json":{"title":"Tuotteet - Forchem","robots":{"index":"index","follow":"follow","max-snippet":"max-snippet:-1","max-image-preview":"max-image-preview:large","max-video-preview":"max-video-preview:-1"},"canonical":"https:\/\/www.forchem.com\/fi\/tuotteet\/","og_locale":"fi_FI","og_type":"article","og_title":"Tuotteet - Forchem","og_description":"Me luomme kest\u00e4vi\u00e4 vaihtoehtoja uusiutumattomille ainesosille tuotteissa, jotka palvelevat meit\u00e4 jokap\u00e4iv\u00e4isess\u00e4 el\u00e4m\u00e4ss\u00e4mme Meill\u00e4 on selke\u00e4 visio vihreiden ja kest\u00e4vien konseptien hy\u00f6dynt\u00e4misest\u00e4. Toimintamme ytimess\u00e4 on m\u00e4nty\u00f6ljy, sellunkeiton kest\u00e4v\u00e4 sivutuote. Forchemin m\u00e4nty\u00f6ljy (CTO) on luonnollinen raaka-aine pohjoisista m\u00e4ntymetsist\u00e4. M\u00e4nty\u00f6ljy syntyy m\u00e4nnyist\u00e4 sellunkeiton sivutuotteena, mink\u00e4 j\u00e4lkeen m\u00e4nty\u00f6ljy jatkojalostetaan Rauman biojalostamolla. Jalostetut m\u00e4nty\u00f6ljytuotteet ovat luonnollisia raaka-aineita moniin teollisiin prosesseihin.&hellip;","og_url":"https:\/\/www.forchem.com\/fi\/tuotteet\/","og_site_name":"Forchem","article_modified_time":"2022-10-26T10:27:29+00:00","og_image":[{"url":"https:\/\/www.forchem.com\/wp-content\/uploads\/2022\/10\/B2A0585.jpg","type":"","width":"","height":""}],"twitter_card":"summary_large_image","twitter_misc":{"Arvioitu lukuaika":"3 minuuttia"},"schema":{"@context":"https:\/\/schema.org","@graph":[{"@type":"WebPage","@id":"https:\/\/www.forchem.com\/fi\/tuotteet\/","url":"https:\/\/www.forchem.com\/fi\/tuotteet\/","name":"Tuotteet - Forchem","isPartOf":{"@id":"https:\/\/www.forchem.com\/#website"},"primaryImageOfPage":{"@id":"https:\/\/www.forchem.com\/fi\/tuotteet\/#primaryimage"},"image":{"@id":"https:\/\/www.forchem.com\/fi\/tuotteet\/#primaryimage"},"thumbnailUrl":"https:\/\/www.forchem.com\/wp-content\/uploads\/2022\/10\/B2A0585.jpg","datePublished":"2019-09-03T11:28:48+00:00","dateModified":"2022-10-26T10:27:29+00:00","breadcrumb":{"@id":"https:\/\/www.forchem.com\/fi\/tuotteet\/#breadcrumb"},"inLanguage":"fi","potentialAction":[{"@type":"ReadAction","target":["https:\/\/www.forchem.com\/fi\/tuotteet\/"]}]},{"@type":"ImageObject","inLanguage":"fi","@id":"https:\/\/www.forchem.com\/fi\/tuotteet\/#primaryimage","url":"https:\/\/www.forchem.com\/wp-content\/uploads\/2022\/10\/B2A0585.jpg","contentUrl":"https:\/\/www.forchem.com\/wp-content\/uploads\/2022\/10\/B2A0585.jpg"},{"@type":"BreadcrumbList","@id":"https:\/\/www.forchem.com\/fi\/tuotteet\/#breadcrumb","itemListElement":[{"@type":"ListItem","position":1,"name":"Home","item":"https:\/\/www.forchem.com\/fi\/"},{"@type":"ListItem","position":2,"name":"Tuotteet"}]},{"@type":"WebSite","@id":"https:\/\/www.forchem.com\/#website","url":"https:\/\/www.forchem.com\/","name":"Forchem","description":"Forchem website","publisher":{"@id":"https:\/\/www.forchem.com\/#organization"},"potentialAction":[{"@type":"SearchAction","target":{"@type":"EntryPoint","urlTemplate":"https:\/\/www.forchem.com\/?s={search_term_string}"},"query-input":{"@type":"PropertyValueSpecification","valueRequired":true,"valueName":"search_term_string"}}],"inLanguage":"fi"},{"@type":"Organization","@id":"https:\/\/www.forchem.com\/#organization","name":"Forchem","url":"https:\/\/www.forchem.com\/","logo":{"@type":"ImageObject","inLanguage":"fi","@id":"https:\/\/www.forchem.com\/#\/schema\/logo\/image\/","url":"https:\/\/www.forchem.com\/wp-content\/uploads\/2019\/12\/Forchem_logo_black.png","contentUrl":"https:\/\/www.forchem.com\/wp-content\/uploads\/2019\/12\/Forchem_logo_black.png","width":1417,"height":565,"caption":"Forchem"},"image":{"@id":"https:\/\/www.forchem.com\/#\/schema\/logo\/image\/"}}]}},"_links":{"self":[{"href":"https:\/\/www.forchem.com\/fi\/wp-json\/wp\/v2\/pages\/1741","targetHints":{"allow":["GET"]}}],"collection":[{"href":"https:\/\/www.forchem.com\/fi\/wp-json\/wp\/v2\/pages"}],"about":[{"href":"https:\/\/www.forchem.com\/fi\/wp-json\/wp\/v2\/types\/page"}],"author":[{"embeddable":true,"href":"https:\/\/www.forchem.com\/fi\/wp-json\/wp\/v2\/users\/1"}],"replies":[{"embeddable":true,"href":"https:\/\/www.forchem.com\/fi\/wp-json\/wp\/v2\/comments?post=1741"}],"version-history":[{"count":15,"href":"https:\/\/www.forchem.com\/fi\/wp-json\/wp\/v2\/pages\/1741\/revisions"}],"predecessor-version":[{"id":3087,"href":"https:\/\/www.forchem.com\/fi\/wp-json\/wp\/v2\/pages\/1741\/revisions\/3087"}],"wp:attachment":[{"href":"https:\/\/www.forchem.com\/fi\/wp-json\/wp\/v2\/media?parent=1741"}],"curies":[{"name":"wp","href":"https:\/\/api.w.org\/{rel}","templated":true}]}}