{"id":1742,"date":"2018-05-12T12:26:09","date_gmt":"2018-05-12T09:26:09","guid":{"rendered":"https:\/\/www.forchem.com\/about\/"},"modified":"2021-01-21T15:02:16","modified_gmt":"2021-01-21T13:02:16","slug":"about","status":"publish","type":"page","link":"https:\/\/www.forchem.com\/fi\/","title":{"rendered":"Etusivu"},"content":{"rendered":"<h1>\n\t\tAarteita <br>mets\u00e4st\u00e4\n\t<\/h1>\n\t\t\t\t\t<ul id=\"menu-main-menu-fi\"><li id=\"menu-item-1795\"><a href=\"https:\/\/www.forchem.com\/fi\/forchem\/\">Forchem<\/a>\n<ul>\n\t<li id=\"menu-item-1796\"><a href=\"https:\/\/www.forchem.com\/fi\/forchem\/laatustandardit\/\">Laatustandardit<\/a><\/li>\n<\/ul>\n<\/li>\n<li id=\"menu-item-1803\"><a href=\"https:\/\/www.forchem.com\/fi\/tuotteet\/\">Tuotteet<\/a>\n<ul>\n\t<li id=\"menu-item-1808\"><a href=\"https:\/\/www.forchem.com\/fi\/tuotteet\/mantyoljyrasvahappo-tofa\/\">M\u00e4nty\u00f6ljyrasvahappo (TOFA)<\/a><\/li>\n\t<li id=\"menu-item-1806\"><a href=\"https:\/\/www.forchem.com\/fi\/tuotteet\/tislattu-mantyoljy-dto\/\">Tislattu m\u00e4nty\u00f6ljy (DTO)<\/a><\/li>\n\t<li id=\"menu-item-1807\"><a href=\"https:\/\/www.forchem.com\/fi\/tuotteet\/mantyoljyhartsi-tor\/\">M\u00e4nty\u00f6ljyhartsi (TOR)<\/a><\/li>\n\t<li id=\"menu-item-1805\"><a href=\"https:\/\/www.forchem.com\/fi\/tuotteet\/fortop600\/\">Fortop600<\/a><\/li>\n\t<li id=\"menu-item-1804\"><a href=\"https:\/\/www.forchem.com\/fi\/tuotteet\/muut-mantyoljytuotteet\/\">Muut m\u00e4nty\u00f6ljytuotteet<\/a><\/li>\n<\/ul>\n<\/li>\n<li id=\"menu-item-1802\"><a href=\"https:\/\/www.forchem.com\/fi\/vastuullisuus\/\">Vastuullisuus<\/a><\/li>\n<li id=\"menu-item-1801\"><a href=\"https:\/\/www.forchem.com\/fi\/innovaatiot\/\">Innovaatiot<\/a><\/li>\n<li id=\"menu-item-1799\"><a href=\"https:\/\/www.forchem.com\/fi\/ajankohtaista\/\">Ajankohtaista<\/a>\n<ul>\n\t<li id=\"menu-item-2488\"><a href=\"https:\/\/www.forchem.com\/fi\/arkisto\/\">Uutiset ja tiedotteet<\/a><\/li>\n\t<li id=\"menu-item-1800\"><a href=\"https:\/\/www.forchem.com\/fi\/ajankohtaista\/mediapankki\/\">Mediapankki<\/a><\/li>\n<\/ul>\n<\/li>\n<li id=\"menu-item-1797\"><a href=\"https:\/\/www.forchem.com\/fi\/ota-yhteytta\/\">Ota yhteytt\u00e4<\/a>\n<ul>\n\t<li id=\"menu-item-1798\"><a href=\"https:\/\/www.forchem.com\/fi\/ota-yhteytta\/toihin-forchemille\/\">T\u00f6ihin Forchemille<\/a><\/li>\n\t<li id=\"menu-item-2536\"><a href=\"https:\/\/www.forchem.com\/fi\/ota-yhteytta\/whistleblower-ilmoita-mahdollisesta-vaarinkaytoksesta-tai-toimintaperiaatteiden-rikkomuksesta\/\">Whistleblower<\/a><\/li>\n<\/ul>\n<\/li>\n<li id=\"menu-item-wpml-ls-4-en\"><a title=\"EN\" href=\"https:\/\/www.forchem.com\">EN<\/a><\/li>\n<li id=\"menu-item-wpml-ls-4-fi\"><a title=\"FI\" href=\"https:\/\/www.forchem.com\/fi\/\">FI<\/a><\/li>\n<\/ul>\t\n\t\t\t\t \t\t\t\t\t\t<ul id=\"menu-main-menu-fi-1\"><li id=\"menu-item-1795\"><a href=\"https:\/\/www.forchem.com\/fi\/forchem\/\">Forchem<\/a>\n<ul>\n\t<li id=\"menu-item-1796\"><a href=\"https:\/\/www.forchem.com\/fi\/forchem\/laatustandardit\/\">Laatustandardit<\/a><\/li>\n<\/ul>\n<\/li>\n<li id=\"menu-item-1803\"><a href=\"https:\/\/www.forchem.com\/fi\/tuotteet\/\">Tuotteet<\/a>\n<ul>\n\t<li id=\"menu-item-1808\"><a href=\"https:\/\/www.forchem.com\/fi\/tuotteet\/mantyoljyrasvahappo-tofa\/\">M\u00e4nty\u00f6ljyrasvahappo (TOFA)<\/a><\/li>\n\t<li id=\"menu-item-1806\"><a href=\"https:\/\/www.forchem.com\/fi\/tuotteet\/tislattu-mantyoljy-dto\/\">Tislattu m\u00e4nty\u00f6ljy (DTO)<\/a><\/li>\n\t<li id=\"menu-item-1807\"><a href=\"https:\/\/www.forchem.com\/fi\/tuotteet\/mantyoljyhartsi-tor\/\">M\u00e4nty\u00f6ljyhartsi (TOR)<\/a><\/li>\n\t<li id=\"menu-item-1805\"><a href=\"https:\/\/www.forchem.com\/fi\/tuotteet\/fortop600\/\">Fortop600<\/a><\/li>\n\t<li id=\"menu-item-1804\"><a href=\"https:\/\/www.forchem.com\/fi\/tuotteet\/muut-mantyoljytuotteet\/\">Muut m\u00e4nty\u00f6ljytuotteet<\/a><\/li>\n<\/ul>\n<\/li>\n<li id=\"menu-item-1802\"><a href=\"https:\/\/www.forchem.com\/fi\/vastuullisuus\/\">Vastuullisuus<\/a><\/li>\n<li id=\"menu-item-1801\"><a href=\"https:\/\/www.forchem.com\/fi\/innovaatiot\/\">Innovaatiot<\/a><\/li>\n<li id=\"menu-item-1799\"><a href=\"https:\/\/www.forchem.com\/fi\/ajankohtaista\/\">Ajankohtaista<\/a>\n<ul>\n\t<li id=\"menu-item-2488\"><a href=\"https:\/\/www.forchem.com\/fi\/arkisto\/\">Uutiset ja tiedotteet<\/a><\/li>\n\t<li id=\"menu-item-1800\"><a href=\"https:\/\/www.forchem.com\/fi\/ajankohtaista\/mediapankki\/\">Mediapankki<\/a><\/li>\n<\/ul>\n<\/li>\n<li id=\"menu-item-1797\"><a href=\"https:\/\/www.forchem.com\/fi\/ota-yhteytta\/\">Ota yhteytt\u00e4<\/a>\n<ul>\n\t<li id=\"menu-item-1798\"><a href=\"https:\/\/www.forchem.com\/fi\/ota-yhteytta\/toihin-forchemille\/\">T\u00f6ihin Forchemille<\/a><\/li>\n\t<li id=\"menu-item-2536\"><a href=\"https:\/\/www.forchem.com\/fi\/ota-yhteytta\/whistleblower-ilmoita-mahdollisesta-vaarinkaytoksesta-tai-toimintaperiaatteiden-rikkomuksesta\/\">Whistleblower<\/a><\/li>\n<\/ul>\n<\/li>\n<li id=\"menu-item-wpml-ls-4-en\"><a title=\"EN\" href=\"https:\/\/www.forchem.com\">EN<\/a><\/li>\n<li id=\"menu-item-wpml-ls-4-fi\"><a title=\"FI\" href=\"https:\/\/www.forchem.com\/fi\/\">FI<\/a><\/li>\n<\/ul>\t\t\t\t\n\t\n<div class=\"wpml-ls-statics-shortcode_actions wpml-ls wpml-ls-legacy-list-horizontal\">\n\t<ul role=\"menu\"><li class=\"wpml-ls-slot-shortcode_actions wpml-ls-item wpml-ls-item-en wpml-ls-first-item wpml-ls-item-legacy-list-horizontal\" role=\"none\">\n\t\t\t\t<a href=\"https:\/\/www.forchem.com\/\" class=\"wpml-ls-link\" role=\"menuitem\"  aria-label=\"Switch to EN(EN)\" title=\"Switch to EN(EN)\" >\n                    <span class=\"wpml-ls-native\" lang=\"en\">EN<\/span><\/a>\n\t\t\t<\/li><li class=\"wpml-ls-slot-shortcode_actions wpml-ls-item wpml-ls-item-fi wpml-ls-current-language wpml-ls-last-item wpml-ls-item-legacy-list-horizontal\" role=\"none\">\n\t\t\t\t<a href=\"https:\/\/www.forchem.com\/fi\/\" class=\"wpml-ls-link\" role=\"menuitem\" >\n                    <span class=\"wpml-ls-native\" role=\"menuitem\">FI<\/span><\/a>\n\t\t\t<\/li><\/ul>\n<\/div>\n <div class=\"fl-page-nav-search\">\n\t<a href=\"#\" class=\"fas fa-search\" aria-label=\"Haku\" aria-expanded=\"false\" aria-haspopup=\"true\" id='flsearchform'><\/a>\n\t<form method=\"get\" role=\"search\" aria-label=\"Haku\" action=\"https:\/\/www.forchem.com\/fi\/\" title=\"Kirjoita ja suorita haku painamalla Enter.\">\n\t\t<input type=\"search\" class=\"fl-search-input form-control\" name=\"s\" placeholder=\"Haku\" value=\"\" aria-labelledby=\"flsearchform\" \/>\n\t<\/form>\n<\/div>\n\n<h2>\n\t\tTarinamme\n\t<\/h2>\n\t<p>Tarinamme alkaa ikivihreiden m\u00e4ntymetsien keskelt\u00e4. M\u00e4ntyjen sis\u00e4ll\u00e4 virtaava kultainen pihka on metsien aarre, jota jo esi-is\u00e4mme k\u00e4yttiv\u00e4t parannuskeinona. T\u00e4\u00e4ll\u00e4, raumalaisella biojalostamolla, ty\u00f6skentelee taitava ja tehokas tiimi, joka tuntee mets\u00e4n aarteet. T\u00e4m\u00e4 tarina kertoo meist\u00e4 ja tutkimusretkest\u00e4mme, jolla jalostamme luonnon raaka-aineita kest\u00e4v\u00e4ll\u00e4 tavalla ja luomme terveytt\u00e4 ja hyvinvointia kaikille.<\/p>\n\t\t\t<a href=\"https:\/\/www.forchem.com\/fi\/forchem\/\" target=\"_self\" role=\"button\" rel=\"noopener noreferrer\">\n\t\t\t\t\t\t\tLue lis\u00e4\u00e4\n\t\t<\/a>\n<h2>\n\t\tM\u00e4nty\u00f6ljy <br> on osa jokap\u00e4iv\u00e4ist\u00e4 el\u00e4m\u00e4\u00e4mme\n\t<\/h2>\n\t<p>Forchem perustettiin jalostamaan biopohjaisia innovaatioita suomalaisten m\u00e4ntymetsien elinvoimasta. Pihka on havupuiden luontainen suojautumiskeino \u2013 todellinen metsien aarre ja ihmeaine, joka parantaa puiden vastustuskyky\u00e4.<\/p>\n<p>Ainutlaatuisten ominaisuuksiensa ansiosta m\u00e4nty\u00f6ljy voidaan jatkojalostaa erilaisiksi tuotteiksi. V\u00e4lituotteita &#8211; kuten rasvahappoja, steroleja ja hartseja &#8211; voidaan k\u00e4ytt\u00e4\u00e4 lukuisissa eri muodoissa, joista monet ovat viel\u00e4 l\u00f6yt\u00e4m\u00e4tt\u00e4. Me Forchemilla tutkimme m\u00e4nty\u00f6ljyn monia arvokkaita ominaisuuksia, jotka tarjoavat usein kest\u00e4v\u00e4n vaihtoehdon uusiutumattomille raaka-aineille monissa tuotteissa. M\u00e4nty\u00f6ljyll\u00e4 on ainutlaatuisia antibakteerisia ominaisuuksia ja ravitsemuksellisia, terveydelle hy\u00f6dyllisi\u00e4 vaikutuksia.<\/p>\n\t<p>&#8221;M\u00e4nty\u00f6ljy on kest\u00e4v\u00e4 vaihtoehto uusiutumattomille aineosille monissa tuotteissa, jotka palvelevat meit\u00e4 p\u00e4ivitt\u00e4isess\u00e4 el\u00e4m\u00e4ss\u00e4mme.&#8221;<\/p>\n<p>&nbsp;<\/p>\n\t<p>Tutkimus- ja kehitysty\u00f6mme on palkittua. Forchem on tunnustettu yhdeksi maailman lupaavimmista cleantech-yrityksist\u00e4. Vuonna 2012 maailmanlaajuinen Cleantech-liitto valitsi yli 4 500 yhti\u00f6n joukosta Forchemin maailman 30 parhaan cleantech yrityksen listalle. Suomen Innovaatiorahasto Sitra listasi Forchemin yhdeksi Suomen mielenkiintoisimmista yrityksist\u00e4 kiertotalouden saralla vuonna 2019.<\/p>\n\t\t\t<a href=\"https:\/\/www.forchem.com\/fi\/innovation\/\" target=\"_self\" role=\"button\" rel=\"noopener noreferrer\">\n\t\t\t\t\t\t\tLue lis\u00e4\u00e4\n\t\t<\/a>\n<h1>\n\t\ttuotteemme\n\t<\/h1>\n\t\t\t\t\t\t<h4 tabindex=\"0\">M\u00c4NTY\u00d6LJYRASVAHAPPO (TOFA)<\/h4>\n\t\t\t<p>M\u00c4NTY\u00d6LJYRASVAHAPPO (TOFA)<\/p>\n<p>M\u00e4nty\u00f6ljyrasvahappo on Forchemin klassinen m\u00e4nty\u00f6ljytuote. Se on eritt\u00e4in puhdasta rasvahappoa, jossa on vain v\u00e4h\u00e4n hartsihappoja sek\u00e4 v\u00e4h\u00e4n saippuoitumattomia aineita optimaalisen tislausprosessimme kautta.<\/p>\n<p><a href=\"https:\/\/www.forchem.com\/fi\/tuotteet\/mantyoljyrasvahappo-tofa\/\">LUE LIS\u00c4\u00c4 <\/a><\/p>\n\t\t\t\t\t\t<h4 tabindex=\"0\">M\u00c4NTY\u00d6LJYHARTSI (TOR)<\/h4>\n\t\t\t<p>M\u00c4NTY\u00d6LJYHARTSI (TOR)<\/p>\n<p>Forchemin m\u00e4nty\u00f6ljyhartsi (TOR) on resiinihapposekoite, joka on jalostettu m\u00e4nty\u00f6ljyst\u00e4. TOR-tuotteet ovat muokkaamattomia ja niiss\u00e4 on vaihteleva m\u00e4\u00e4r\u00e4 abioottisia hartsihappoja, joilla taataan kustannustehokas ja mukautuva alusta monille lopputuotteille ja asiakaskohtaisiin prosesseihin.<\/p>\n<p><a href=\"https:\/\/www.forchem.com\/fi\/tuotteet\/mantyoljyhartsi-tor\/\">LUE LIS\u00c4\u00c4 <\/a><\/p>\n\t\t\t\t\t\t<h4 tabindex=\"0\">TISLATTU M\u00c4NTY\u00d6LJY (DTO)<\/h4>\n\t\t\t<p>TISLATTU M\u00c4NTY\u00d6LJE (DTO)<\/p>\n<p>Forchemin tislatulla m\u00e4nty\u00f6ljyll\u00e4 (DTO) on erinomaiset ominaisuudet, joita voidaan hy\u00f6dynt\u00e4\u00e4 erilaisissa kemiallisissa reaktioissa ja sekoitetuissa tuotteissa. Tislattu m\u00e4nty\u00f6ljy on ainutlaatuinen yhdistelm\u00e4 rasva- ja hartsihappoja, joita ei l\u00f6ydy muista rasvahapoista.<\/p>\n<p><a href=\"https:\/\/www.forchem.com\/fi\/tuotteet\/tislattu-mantyoljy-dto\/\">LUE LIS\u00c4\u00c4 <\/a><\/p>\n\t\t\t\t\t\t<h4 tabindex=\"0\">FORTOP600<\/h4>\n\t\t\t<p>FORTOP600<\/p>\n<p>Fortop600 on pikipolttoaine, joka on sekoitettu m\u00e4nty\u00f6ljyn piest\u00e4 sek\u00e4 muista monomeerisist\u00e4 m\u00e4nty\u00f6ljytisleist\u00e4. Luonnonvaraisena materiaalina fortop600 tarjoaa ymp\u00e4rist\u00f6yst\u00e4v\u00e4llisen ja helposti sovellettavan nestem\u00e4isen vaihtoehdon fossiilisille polttoaineille.<\/p>\n<p><a href=\"https:\/\/www.forchem.com\/fi\/tuotteet\/fortop600\/\">LUE LIS\u00c4\u00c4 <\/a><\/p>\n\t\t\t\t\t\t<h4 tabindex=\"0\">MUUT M\u00c4NTY\u00d6LJYTUOTTEET<\/h4>\n\t\t\t<p>MUUT M\u00c4NTY\u00d6LJY TUOTTEET<\/p>\n<p>M\u00e4nty\u00f6ljyrasvahappojen, m\u00e4nty\u00f6ljyhartsien, m\u00e4nty\u00f6ljytisleiden sek\u00e4 biopolttoaineen lis\u00e4ksi Forchem voi tuottaa erikoisseoksia erilaisista tislausjakeista. T\u00e4m\u00e4 riippuu luonnollisesti tehtaan kapasiteetista sek\u00e4 kaupallisista ja logistiikkaan liittyvist\u00e4 asioista.<\/p>\n<p><a href=\"https:\/\/www.forchem.com\/fi\/tuotteet\/muut-mantyoljytuotteet\/\">LUE LIS\u00c4\u00c4 <\/a><\/p>\n","protected":false},"excerpt":{"rendered":"<p>Aarteita mets\u00e4st\u00e4 Forchem Laatustandardit Tuotteet M\u00e4nty\u00f6ljyrasvahappo (TOFA) Tislattu m\u00e4nty\u00f6ljy (DTO) M\u00e4nty\u00f6ljyhartsi (TOR) Fortop600 Muut m\u00e4nty\u00f6ljytuotteet Vastuullisuus Innovaatiot Ajankohtaista Uutiset ja tiedotteet Mediapankki Ota yhteytt\u00e4 T\u00f6ihin Forchemille Whistleblower EN FI Forchem Laatustandardit Tuotteet M\u00e4nty\u00f6ljyrasvahappo (TOFA) Tislattu m\u00e4nty\u00f6ljy (DTO) M\u00e4nty\u00f6ljyhartsi (TOR) Fortop600 Muut m\u00e4nty\u00f6ljytuotteet Vastuullisuus Innovaatiot Ajankohtaista Uutiset ja tiedotteet Mediapankki Ota yhteytt\u00e4 T\u00f6ihin Forchemille Whistleblower EN&hellip;<\/p>\n","protected":false},"author":1,"featured_media":1487,"parent":0,"menu_order":0,"comment_status":"closed","ping_status":"closed","template":"","meta":{"_acf_changed":false,"footnotes":""},"class_list":["post-1742","page","type-page","status-publish","has-post-thumbnail","hentry"],"acf":[],"yoast_head":"<!-- This site is optimized with the Yoast SEO plugin v26.7 - https:\/\/yoast.com\/wordpress\/plugins\/seo\/ -->\n<title>Etusivu - Forchem<\/title>\n<meta name=\"robots\" content=\"index, follow, max-snippet:-1, max-image-preview:large, max-video-preview:-1\" \/>\n<link rel=\"canonical\" href=\"https:\/\/www.forchem.com\/fi\/\" \/>\n<meta property=\"og:locale\" content=\"fi_FI\" \/>\n<meta property=\"og:type\" content=\"article\" \/>\n<meta property=\"og:title\" content=\"Etusivu - Forchem\" \/>\n<meta property=\"og:description\" content=\"Aarteita mets\u00e4st\u00e4 Forchem Laatustandardit Tuotteet M\u00e4nty\u00f6ljyrasvahappo (TOFA) Tislattu m\u00e4nty\u00f6ljy (DTO) M\u00e4nty\u00f6ljyhartsi (TOR) Fortop600 Muut m\u00e4nty\u00f6ljytuotteet Vastuullisuus Innovaatiot Ajankohtaista Uutiset ja tiedotteet Mediapankki Ota yhteytt\u00e4 T\u00f6ihin Forchemille Whistleblower EN FI Forchem Laatustandardit Tuotteet M\u00e4nty\u00f6ljyrasvahappo (TOFA) Tislattu m\u00e4nty\u00f6ljy (DTO) M\u00e4nty\u00f6ljyhartsi (TOR) Fortop600 Muut m\u00e4nty\u00f6ljytuotteet Vastuullisuus Innovaatiot Ajankohtaista Uutiset ja tiedotteet Mediapankki Ota yhteytt\u00e4 T\u00f6ihin Forchemille Whistleblower EN&hellip;\" \/>\n<meta property=\"og:url\" content=\"https:\/\/www.forchem.com\/fi\/\" \/>\n<meta property=\"og:site_name\" content=\"Forchem\" \/>\n<meta property=\"article:modified_time\" content=\"2021-01-21T13:02:16+00:00\" \/>\n<meta property=\"og:image\" content=\"https:\/\/www.forchem.com\/wp-content\/uploads\/2019\/11\/forchem-forest-404.jpg\" \/>\n\t<meta property=\"og:image:width\" content=\"1920\" \/>\n\t<meta property=\"og:image:height\" content=\"1268\" \/>\n\t<meta property=\"og:image:type\" content=\"image\/jpeg\" \/>\n<meta name=\"twitter:card\" content=\"summary_large_image\" \/>\n<meta name=\"twitter:label1\" content=\"Arvioitu lukuaika\" \/>\n\t<meta name=\"twitter:data1\" content=\"3 minuuttia\" \/>\n<script type=\"application\/ld+json\" class=\"yoast-schema-graph\">{\"@context\":\"https:\/\/schema.org\",\"@graph\":[{\"@type\":\"WebPage\",\"@id\":\"https:\/\/www.forchem.com\/fi\/\",\"url\":\"https:\/\/www.forchem.com\/fi\/\",\"name\":\"Etusivu - Forchem\",\"isPartOf\":{\"@id\":\"https:\/\/www.forchem.com\/#website\"},\"primaryImageOfPage\":{\"@id\":\"https:\/\/www.forchem.com\/fi\/#primaryimage\"},\"image\":{\"@id\":\"https:\/\/www.forchem.com\/fi\/#primaryimage\"},\"thumbnailUrl\":\"https:\/\/www.forchem.com\/wp-content\/uploads\/2019\/11\/forchem-forest-404.jpg\",\"datePublished\":\"2018-05-12T09:26:09+00:00\",\"dateModified\":\"2021-01-21T13:02:16+00:00\",\"breadcrumb\":{\"@id\":\"https:\/\/www.forchem.com\/fi\/#breadcrumb\"},\"inLanguage\":\"fi\",\"potentialAction\":[{\"@type\":\"ReadAction\",\"target\":[\"https:\/\/www.forchem.com\/fi\/\"]}]},{\"@type\":\"ImageObject\",\"inLanguage\":\"fi\",\"@id\":\"https:\/\/www.forchem.com\/fi\/#primaryimage\",\"url\":\"https:\/\/www.forchem.com\/wp-content\/uploads\/2019\/11\/forchem-forest-404.jpg\",\"contentUrl\":\"https:\/\/www.forchem.com\/wp-content\/uploads\/2019\/11\/forchem-forest-404.jpg\",\"width\":1920,\"height\":1268},{\"@type\":\"BreadcrumbList\",\"@id\":\"https:\/\/www.forchem.com\/fi\/#breadcrumb\",\"itemListElement\":[{\"@type\":\"ListItem\",\"position\":1,\"name\":\"Home\",\"item\":\"https:\/\/www.forchem.com\/fi\/\"},{\"@type\":\"ListItem\",\"position\":2,\"name\":\"Etusivu\"}]},{\"@type\":\"WebSite\",\"@id\":\"https:\/\/www.forchem.com\/#website\",\"url\":\"https:\/\/www.forchem.com\/\",\"name\":\"Forchem\",\"description\":\"Forchem website\",\"publisher\":{\"@id\":\"https:\/\/www.forchem.com\/#organization\"},\"potentialAction\":[{\"@type\":\"SearchAction\",\"target\":{\"@type\":\"EntryPoint\",\"urlTemplate\":\"https:\/\/www.forchem.com\/?s={search_term_string}\"},\"query-input\":{\"@type\":\"PropertyValueSpecification\",\"valueRequired\":true,\"valueName\":\"search_term_string\"}}],\"inLanguage\":\"fi\"},{\"@type\":\"Organization\",\"@id\":\"https:\/\/www.forchem.com\/#organization\",\"name\":\"Forchem\",\"url\":\"https:\/\/www.forchem.com\/\",\"logo\":{\"@type\":\"ImageObject\",\"inLanguage\":\"fi\",\"@id\":\"https:\/\/www.forchem.com\/#\/schema\/logo\/image\/\",\"url\":\"https:\/\/www.forchem.com\/wp-content\/uploads\/2019\/12\/Forchem_logo_black.png\",\"contentUrl\":\"https:\/\/www.forchem.com\/wp-content\/uploads\/2019\/12\/Forchem_logo_black.png\",\"width\":1417,\"height\":565,\"caption\":\"Forchem\"},\"image\":{\"@id\":\"https:\/\/www.forchem.com\/#\/schema\/logo\/image\/\"}}]}<\/script>\n<!-- \/ Yoast SEO plugin. -->","yoast_head_json":{"title":"Etusivu - Forchem","robots":{"index":"index","follow":"follow","max-snippet":"max-snippet:-1","max-image-preview":"max-image-preview:large","max-video-preview":"max-video-preview:-1"},"canonical":"https:\/\/www.forchem.com\/fi\/","og_locale":"fi_FI","og_type":"article","og_title":"Etusivu - Forchem","og_description":"Aarteita mets\u00e4st\u00e4 Forchem Laatustandardit Tuotteet M\u00e4nty\u00f6ljyrasvahappo (TOFA) Tislattu m\u00e4nty\u00f6ljy (DTO) M\u00e4nty\u00f6ljyhartsi (TOR) Fortop600 Muut m\u00e4nty\u00f6ljytuotteet Vastuullisuus Innovaatiot Ajankohtaista Uutiset ja tiedotteet Mediapankki Ota yhteytt\u00e4 T\u00f6ihin Forchemille Whistleblower EN FI Forchem Laatustandardit Tuotteet M\u00e4nty\u00f6ljyrasvahappo (TOFA) Tislattu m\u00e4nty\u00f6ljy (DTO) M\u00e4nty\u00f6ljyhartsi (TOR) Fortop600 Muut m\u00e4nty\u00f6ljytuotteet Vastuullisuus Innovaatiot Ajankohtaista Uutiset ja tiedotteet Mediapankki Ota yhteytt\u00e4 T\u00f6ihin Forchemille Whistleblower EN&hellip;","og_url":"https:\/\/www.forchem.com\/fi\/","og_site_name":"Forchem","article_modified_time":"2021-01-21T13:02:16+00:00","og_image":[{"width":1920,"height":1268,"url":"https:\/\/www.forchem.com\/wp-content\/uploads\/2019\/11\/forchem-forest-404.jpg","type":"image\/jpeg"}],"twitter_card":"summary_large_image","twitter_misc":{"Arvioitu lukuaika":"3 minuuttia"},"schema":{"@context":"https:\/\/schema.org","@graph":[{"@type":"WebPage","@id":"https:\/\/www.forchem.com\/fi\/","url":"https:\/\/www.forchem.com\/fi\/","name":"Etusivu - Forchem","isPartOf":{"@id":"https:\/\/www.forchem.com\/#website"},"primaryImageOfPage":{"@id":"https:\/\/www.forchem.com\/fi\/#primaryimage"},"image":{"@id":"https:\/\/www.forchem.com\/fi\/#primaryimage"},"thumbnailUrl":"https:\/\/www.forchem.com\/wp-content\/uploads\/2019\/11\/forchem-forest-404.jpg","datePublished":"2018-05-12T09:26:09+00:00","dateModified":"2021-01-21T13:02:16+00:00","breadcrumb":{"@id":"https:\/\/www.forchem.com\/fi\/#breadcrumb"},"inLanguage":"fi","potentialAction":[{"@type":"ReadAction","target":["https:\/\/www.forchem.com\/fi\/"]}]},{"@type":"ImageObject","inLanguage":"fi","@id":"https:\/\/www.forchem.com\/fi\/#primaryimage","url":"https:\/\/www.forchem.com\/wp-content\/uploads\/2019\/11\/forchem-forest-404.jpg","contentUrl":"https:\/\/www.forchem.com\/wp-content\/uploads\/2019\/11\/forchem-forest-404.jpg","width":1920,"height":1268},{"@type":"BreadcrumbList","@id":"https:\/\/www.forchem.com\/fi\/#breadcrumb","itemListElement":[{"@type":"ListItem","position":1,"name":"Home","item":"https:\/\/www.forchem.com\/fi\/"},{"@type":"ListItem","position":2,"name":"Etusivu"}]},{"@type":"WebSite","@id":"https:\/\/www.forchem.com\/#website","url":"https:\/\/www.forchem.com\/","name":"Forchem","description":"Forchem website","publisher":{"@id":"https:\/\/www.forchem.com\/#organization"},"potentialAction":[{"@type":"SearchAction","target":{"@type":"EntryPoint","urlTemplate":"https:\/\/www.forchem.com\/?s={search_term_string}"},"query-input":{"@type":"PropertyValueSpecification","valueRequired":true,"valueName":"search_term_string"}}],"inLanguage":"fi"},{"@type":"Organization","@id":"https:\/\/www.forchem.com\/#organization","name":"Forchem","url":"https:\/\/www.forchem.com\/","logo":{"@type":"ImageObject","inLanguage":"fi","@id":"https:\/\/www.forchem.com\/#\/schema\/logo\/image\/","url":"https:\/\/www.forchem.com\/wp-content\/uploads\/2019\/12\/Forchem_logo_black.png","contentUrl":"https:\/\/www.forchem.com\/wp-content\/uploads\/2019\/12\/Forchem_logo_black.png","width":1417,"height":565,"caption":"Forchem"},"image":{"@id":"https:\/\/www.forchem.com\/#\/schema\/logo\/image\/"}}]}},"_links":{"self":[{"href":"https:\/\/www.forchem.com\/fi\/wp-json\/wp\/v2\/pages\/1742","targetHints":{"allow":["GET"]}}],"collection":[{"href":"https:\/\/www.forchem.com\/fi\/wp-json\/wp\/v2\/pages"}],"about":[{"href":"https:\/\/www.forchem.com\/fi\/wp-json\/wp\/v2\/types\/page"}],"author":[{"embeddable":true,"href":"https:\/\/www.forchem.com\/fi\/wp-json\/wp\/v2\/users\/1"}],"replies":[{"embeddable":true,"href":"https:\/\/www.forchem.com\/fi\/wp-json\/wp\/v2\/comments?post=1742"}],"version-history":[{"count":31,"href":"https:\/\/www.forchem.com\/fi\/wp-json\/wp\/v2\/pages\/1742\/revisions"}],"predecessor-version":[{"id":2659,"href":"https:\/\/www.forchem.com\/fi\/wp-json\/wp\/v2\/pages\/1742\/revisions\/2659"}],"wp:featuredmedia":[{"embeddable":true,"href":"https:\/\/www.forchem.com\/fi\/wp-json\/wp\/v2\/media\/1487"}],"wp:attachment":[{"href":"https:\/\/www.forchem.com\/fi\/wp-json\/wp\/v2\/media?parent=1742"}],"curies":[{"name":"wp","href":"https:\/\/api.w.org\/{rel}","templated":true}]}}