{"id":1743,"date":"2020-01-31T09:21:29","date_gmt":"2020-01-31T07:21:29","guid":{"rendered":"https:\/\/www.forchem.com\/contact\/careers\/"},"modified":"2024-02-12T14:46:56","modified_gmt":"2024-02-12T12:46:56","slug":"toihin-forchemille","status":"publish","type":"page","link":"https:\/\/www.forchem.com\/fi\/ota-yhteytta\/toihin-forchemille\/","title":{"rendered":"T\u00f6ihin Forchemille"},"content":{"rendered":"\n<h2>\n\t\tOletko kiinnostunut ty\u00f6skentelem\u00e4\u00e4n Forchemilla?\n\t<\/h2>\n\t<p>Raumalla ty\u00f6skentelee tehokas tiimi ammattitaitoisia alansa asiantuntijoita, jotka tuntevat mets\u00e4n aarteet. Olemme ylpeit\u00e4 asiantuntemuksestamme ja ty\u00f6skentelemme tiimeiss\u00e4 yhdist\u00e4en osaamistamme ja siten tehostaen ty\u00f6t\u00e4mme.<\/p>\n\t<p>Mik\u00e4li sopivaa teht\u00e4v\u00e4\u00e4 ei t\u00e4ll\u00e4 hetkell\u00e4 ole tarjolla, voit l\u00e4hett\u00e4\u00e4 meille avoimen hakemuksen tulevia rekrytointeja varten <b data-stringify-type=\"bold\"><a href=\"mailto:rekry@forchem.com\" target=\"_blank\" rel=\"noopener noreferrer\" data-stringify-link=\"mailto:rekry@forchem.com\" data-sk=\"tooltip_parent\" aria-haspopup=\"menu\" aria-expanded=\"false\">rekry@forchem.com<\/a><\/b><\/p>\n\t\t\t\t<img loading=\"lazy\" decoding=\"async\" src=\"https:\/\/www.forchem.com\/wp-content\/uploads\/2022\/11\/forchem-careers-11.jpg\" alt=\"forchem-careers-11\" itemprop=\"image\" height=\"1000\" width=\"1000\" title=\"forchem-careers-11\" onerror=\"this.style.display='none'\"  \/>\n\n","protected":false},"excerpt":{"rendered":"<p>Oletko kiinnostunut ty\u00f6skentelem\u00e4\u00e4n Forchemilla? Raumalla ty\u00f6skentelee tehokas tiimi ammattitaitoisia alansa asiantuntijoita, jotka tuntevat mets\u00e4n aarteet. Olemme ylpeit\u00e4 asiantuntemuksestamme ja ty\u00f6skentelemme tiimeiss\u00e4 yhdist\u00e4en osaamistamme ja siten tehostaen ty\u00f6t\u00e4mme. Mik\u00e4li sopivaa teht\u00e4v\u00e4\u00e4 ei t\u00e4ll\u00e4 hetkell\u00e4 ole tarjolla, voit l\u00e4hett\u00e4\u00e4 meille avoimen hakemuksen tulevia rekrytointeja varten rekry@forchem.com<\/p>\n","protected":false},"author":1,"featured_media":1650,"parent":1737,"menu_order":0,"comment_status":"closed","ping_status":"closed","template":"","meta":{"_acf_changed":false,"footnotes":""},"class_list":["post-1743","page","type-page","status-publish","has-post-thumbnail","hentry"],"acf":[],"yoast_head":"<!-- This site is optimized with the Yoast SEO plugin v26.7 - https:\/\/yoast.com\/wordpress\/plugins\/seo\/ -->\n<title>T\u00f6ihin Forchemille - Forchem<\/title>\n<meta name=\"robots\" content=\"index, follow, max-snippet:-1, max-image-preview:large, max-video-preview:-1\" \/>\n<link rel=\"canonical\" href=\"https:\/\/www.forchem.com\/fi\/ota-yhteytta\/toihin-forchemille\/\" \/>\n<meta property=\"og:locale\" content=\"fi_FI\" \/>\n<meta property=\"og:type\" content=\"article\" \/>\n<meta property=\"og:title\" content=\"T\u00f6ihin Forchemille - Forchem\" \/>\n<meta property=\"og:description\" content=\"Oletko kiinnostunut ty\u00f6skentelem\u00e4\u00e4n Forchemilla? Raumalla ty\u00f6skentelee tehokas tiimi ammattitaitoisia alansa asiantuntijoita, jotka tuntevat mets\u00e4n aarteet. Olemme ylpeit\u00e4 asiantuntemuksestamme ja ty\u00f6skentelemme tiimeiss\u00e4 yhdist\u00e4en osaamistamme ja siten tehostaen ty\u00f6t\u00e4mme. Mik\u00e4li sopivaa teht\u00e4v\u00e4\u00e4 ei t\u00e4ll\u00e4 hetkell\u00e4 ole tarjolla, voit l\u00e4hett\u00e4\u00e4 meille avoimen hakemuksen tulevia rekrytointeja varten rekry@forchem.com\" \/>\n<meta property=\"og:url\" content=\"https:\/\/www.forchem.com\/fi\/ota-yhteytta\/toihin-forchemille\/\" \/>\n<meta property=\"og:site_name\" content=\"Forchem\" \/>\n<meta property=\"article:modified_time\" content=\"2024-02-12T12:46:56+00:00\" \/>\n<meta property=\"og:image\" content=\"https:\/\/www.forchem.com\/wp-content\/uploads\/2020\/01\/Image-careers.jpg\" \/>\n\t<meta property=\"og:image:width\" content=\"687\" \/>\n\t<meta property=\"og:image:height\" content=\"678\" \/>\n\t<meta property=\"og:image:type\" content=\"image\/jpeg\" \/>\n<meta name=\"twitter:card\" content=\"summary_large_image\" \/>\n<meta name=\"twitter:label1\" content=\"Arvioitu lukuaika\" \/>\n\t<meta name=\"twitter:data1\" content=\"1 minuutti\" \/>\n<script type=\"application\/ld+json\" class=\"yoast-schema-graph\">{\"@context\":\"https:\/\/schema.org\",\"@graph\":[{\"@type\":\"WebPage\",\"@id\":\"https:\/\/www.forchem.com\/fi\/ota-yhteytta\/toihin-forchemille\/\",\"url\":\"https:\/\/www.forchem.com\/fi\/ota-yhteytta\/toihin-forchemille\/\",\"name\":\"T\u00f6ihin Forchemille - Forchem\",\"isPartOf\":{\"@id\":\"https:\/\/www.forchem.com\/#website\"},\"primaryImageOfPage\":{\"@id\":\"https:\/\/www.forchem.com\/fi\/ota-yhteytta\/toihin-forchemille\/#primaryimage\"},\"image\":{\"@id\":\"https:\/\/www.forchem.com\/fi\/ota-yhteytta\/toihin-forchemille\/#primaryimage\"},\"thumbnailUrl\":\"https:\/\/www.forchem.com\/wp-content\/uploads\/2020\/01\/Image-careers.jpg\",\"datePublished\":\"2020-01-31T07:21:29+00:00\",\"dateModified\":\"2024-02-12T12:46:56+00:00\",\"breadcrumb\":{\"@id\":\"https:\/\/www.forchem.com\/fi\/ota-yhteytta\/toihin-forchemille\/#breadcrumb\"},\"inLanguage\":\"fi\",\"potentialAction\":[{\"@type\":\"ReadAction\",\"target\":[\"https:\/\/www.forchem.com\/fi\/ota-yhteytta\/toihin-forchemille\/\"]}]},{\"@type\":\"ImageObject\",\"inLanguage\":\"fi\",\"@id\":\"https:\/\/www.forchem.com\/fi\/ota-yhteytta\/toihin-forchemille\/#primaryimage\",\"url\":\"https:\/\/www.forchem.com\/wp-content\/uploads\/2020\/01\/Image-careers.jpg\",\"contentUrl\":\"https:\/\/www.forchem.com\/wp-content\/uploads\/2020\/01\/Image-careers.jpg\",\"width\":687,\"height\":678},{\"@type\":\"BreadcrumbList\",\"@id\":\"https:\/\/www.forchem.com\/fi\/ota-yhteytta\/toihin-forchemille\/#breadcrumb\",\"itemListElement\":[{\"@type\":\"ListItem\",\"position\":1,\"name\":\"Home\",\"item\":\"https:\/\/www.forchem.com\/fi\/\"},{\"@type\":\"ListItem\",\"position\":2,\"name\":\"Ota yhteytt\u00e4\",\"item\":\"https:\/\/www.forchem.com\/fi\/ota-yhteytta\/\"},{\"@type\":\"ListItem\",\"position\":3,\"name\":\"T\u00f6ihin Forchemille\"}]},{\"@type\":\"WebSite\",\"@id\":\"https:\/\/www.forchem.com\/#website\",\"url\":\"https:\/\/www.forchem.com\/\",\"name\":\"Forchem\",\"description\":\"Forchem website\",\"publisher\":{\"@id\":\"https:\/\/www.forchem.com\/#organization\"},\"potentialAction\":[{\"@type\":\"SearchAction\",\"target\":{\"@type\":\"EntryPoint\",\"urlTemplate\":\"https:\/\/www.forchem.com\/?s={search_term_string}\"},\"query-input\":{\"@type\":\"PropertyValueSpecification\",\"valueRequired\":true,\"valueName\":\"search_term_string\"}}],\"inLanguage\":\"fi\"},{\"@type\":\"Organization\",\"@id\":\"https:\/\/www.forchem.com\/#organization\",\"name\":\"Forchem\",\"url\":\"https:\/\/www.forchem.com\/\",\"logo\":{\"@type\":\"ImageObject\",\"inLanguage\":\"fi\",\"@id\":\"https:\/\/www.forchem.com\/#\/schema\/logo\/image\/\",\"url\":\"https:\/\/www.forchem.com\/wp-content\/uploads\/2019\/12\/Forchem_logo_black.png\",\"contentUrl\":\"https:\/\/www.forchem.com\/wp-content\/uploads\/2019\/12\/Forchem_logo_black.png\",\"width\":1417,\"height\":565,\"caption\":\"Forchem\"},\"image\":{\"@id\":\"https:\/\/www.forchem.com\/#\/schema\/logo\/image\/\"}}]}<\/script>\n<!-- \/ Yoast SEO plugin. -->","yoast_head_json":{"title":"T\u00f6ihin Forchemille - Forchem","robots":{"index":"index","follow":"follow","max-snippet":"max-snippet:-1","max-image-preview":"max-image-preview:large","max-video-preview":"max-video-preview:-1"},"canonical":"https:\/\/www.forchem.com\/fi\/ota-yhteytta\/toihin-forchemille\/","og_locale":"fi_FI","og_type":"article","og_title":"T\u00f6ihin Forchemille - Forchem","og_description":"Oletko kiinnostunut ty\u00f6skentelem\u00e4\u00e4n Forchemilla? Raumalla ty\u00f6skentelee tehokas tiimi ammattitaitoisia alansa asiantuntijoita, jotka tuntevat mets\u00e4n aarteet. Olemme ylpeit\u00e4 asiantuntemuksestamme ja ty\u00f6skentelemme tiimeiss\u00e4 yhdist\u00e4en osaamistamme ja siten tehostaen ty\u00f6t\u00e4mme. Mik\u00e4li sopivaa teht\u00e4v\u00e4\u00e4 ei t\u00e4ll\u00e4 hetkell\u00e4 ole tarjolla, voit l\u00e4hett\u00e4\u00e4 meille avoimen hakemuksen tulevia rekrytointeja varten rekry@forchem.com","og_url":"https:\/\/www.forchem.com\/fi\/ota-yhteytta\/toihin-forchemille\/","og_site_name":"Forchem","article_modified_time":"2024-02-12T12:46:56+00:00","og_image":[{"width":687,"height":678,"url":"https:\/\/www.forchem.com\/wp-content\/uploads\/2020\/01\/Image-careers.jpg","type":"image\/jpeg"}],"twitter_card":"summary_large_image","twitter_misc":{"Arvioitu lukuaika":"1 minuutti"},"schema":{"@context":"https:\/\/schema.org","@graph":[{"@type":"WebPage","@id":"https:\/\/www.forchem.com\/fi\/ota-yhteytta\/toihin-forchemille\/","url":"https:\/\/www.forchem.com\/fi\/ota-yhteytta\/toihin-forchemille\/","name":"T\u00f6ihin Forchemille - Forchem","isPartOf":{"@id":"https:\/\/www.forchem.com\/#website"},"primaryImageOfPage":{"@id":"https:\/\/www.forchem.com\/fi\/ota-yhteytta\/toihin-forchemille\/#primaryimage"},"image":{"@id":"https:\/\/www.forchem.com\/fi\/ota-yhteytta\/toihin-forchemille\/#primaryimage"},"thumbnailUrl":"https:\/\/www.forchem.com\/wp-content\/uploads\/2020\/01\/Image-careers.jpg","datePublished":"2020-01-31T07:21:29+00:00","dateModified":"2024-02-12T12:46:56+00:00","breadcrumb":{"@id":"https:\/\/www.forchem.com\/fi\/ota-yhteytta\/toihin-forchemille\/#breadcrumb"},"inLanguage":"fi","potentialAction":[{"@type":"ReadAction","target":["https:\/\/www.forchem.com\/fi\/ota-yhteytta\/toihin-forchemille\/"]}]},{"@type":"ImageObject","inLanguage":"fi","@id":"https:\/\/www.forchem.com\/fi\/ota-yhteytta\/toihin-forchemille\/#primaryimage","url":"https:\/\/www.forchem.com\/wp-content\/uploads\/2020\/01\/Image-careers.jpg","contentUrl":"https:\/\/www.forchem.com\/wp-content\/uploads\/2020\/01\/Image-careers.jpg","width":687,"height":678},{"@type":"BreadcrumbList","@id":"https:\/\/www.forchem.com\/fi\/ota-yhteytta\/toihin-forchemille\/#breadcrumb","itemListElement":[{"@type":"ListItem","position":1,"name":"Home","item":"https:\/\/www.forchem.com\/fi\/"},{"@type":"ListItem","position":2,"name":"Ota yhteytt\u00e4","item":"https:\/\/www.forchem.com\/fi\/ota-yhteytta\/"},{"@type":"ListItem","position":3,"name":"T\u00f6ihin Forchemille"}]},{"@type":"WebSite","@id":"https:\/\/www.forchem.com\/#website","url":"https:\/\/www.forchem.com\/","name":"Forchem","description":"Forchem website","publisher":{"@id":"https:\/\/www.forchem.com\/#organization"},"potentialAction":[{"@type":"SearchAction","target":{"@type":"EntryPoint","urlTemplate":"https:\/\/www.forchem.com\/?s={search_term_string}"},"query-input":{"@type":"PropertyValueSpecification","valueRequired":true,"valueName":"search_term_string"}}],"inLanguage":"fi"},{"@type":"Organization","@id":"https:\/\/www.forchem.com\/#organization","name":"Forchem","url":"https:\/\/www.forchem.com\/","logo":{"@type":"ImageObject","inLanguage":"fi","@id":"https:\/\/www.forchem.com\/#\/schema\/logo\/image\/","url":"https:\/\/www.forchem.com\/wp-content\/uploads\/2019\/12\/Forchem_logo_black.png","contentUrl":"https:\/\/www.forchem.com\/wp-content\/uploads\/2019\/12\/Forchem_logo_black.png","width":1417,"height":565,"caption":"Forchem"},"image":{"@id":"https:\/\/www.forchem.com\/#\/schema\/logo\/image\/"}}]}},"_links":{"self":[{"href":"https:\/\/www.forchem.com\/fi\/wp-json\/wp\/v2\/pages\/1743","targetHints":{"allow":["GET"]}}],"collection":[{"href":"https:\/\/www.forchem.com\/fi\/wp-json\/wp\/v2\/pages"}],"about":[{"href":"https:\/\/www.forchem.com\/fi\/wp-json\/wp\/v2\/types\/page"}],"author":[{"embeddable":true,"href":"https:\/\/www.forchem.com\/fi\/wp-json\/wp\/v2\/users\/1"}],"replies":[{"embeddable":true,"href":"https:\/\/www.forchem.com\/fi\/wp-json\/wp\/v2\/comments?post=1743"}],"version-history":[{"count":53,"href":"https:\/\/www.forchem.com\/fi\/wp-json\/wp\/v2\/pages\/1743\/revisions"}],"predecessor-version":[{"id":3406,"href":"https:\/\/www.forchem.com\/fi\/wp-json\/wp\/v2\/pages\/1743\/revisions\/3406"}],"up":[{"embeddable":true,"href":"https:\/\/www.forchem.com\/fi\/wp-json\/wp\/v2\/pages\/1737"}],"wp:featuredmedia":[{"embeddable":true,"href":"https:\/\/www.forchem.com\/fi\/wp-json\/wp\/v2\/media\/1650"}],"wp:attachment":[{"href":"https:\/\/www.forchem.com\/fi\/wp-json\/wp\/v2\/media?parent=1743"}],"curies":[{"name":"wp","href":"https:\/\/api.w.org\/{rel}","templated":true}]}}