{"id":1744,"date":"2019-12-18T16:08:37","date_gmt":"2019-12-18T14:08:37","guid":{"rendered":"https:\/\/www.forchem.com\/forchem\/quality-standards\/"},"modified":"2025-10-17T14:42:19","modified_gmt":"2025-10-17T11:42:19","slug":"laatustandardit","status":"publish","type":"page","link":"https:\/\/www.forchem.com\/fi\/forchem\/laatustandardit\/","title":{"rendered":"Laatustandardit"},"content":{"rendered":"\n\n\t<h1>Forchemin kokonaislaatuj\u00e4rjestelm\u00e4 perustuu korkealaatuisiin prosesseihin ja materiaaleihin sek\u00e4 jatkuvaan tuotekehitykseen ja testaukseen<\/h1>\n<h2>\n\t\t\tLaatustandardit\t<\/h2>\n\t<p>Forchemin kokonaislaatuj\u00e4rjestelm\u00e4 perustuu korkealaatuisiin prosesseihin ja materiaaleihin sek\u00e4 jatkuvaan tuotekehitykseen ja testaukseen. Painopiste on asetettu etenkin tuotannon eri vaiheisiin, aina logistiikkaan ja asiakkaille suunnattuihin lopputuotteisiin asti.<\/p>\n<p>K\u00e4yt\u00e4mme maailman moderneimpia m\u00e4nty\u00f6ljyn erotteluteknologioita. Forchem on ottanut k\u00e4ytt\u00f6\u00f6n integroidun johtamisj\u00e4rjestelm\u00e4n, joka t\u00e4ytt\u00e4\u00e4 laatu-, ymp\u00e4rist\u00f6-, ty\u00f6terveys- ja ty\u00f6turvallisuusjohtamisj\u00e4rjestelmien vaatimukset. Lis\u00e4ksi Forchem on ottanut k\u00e4ytt\u00f6\u00f6n rehujen turvallisuuden johtamisj\u00e4rjestelm\u00e4n GMP+:n mukaisesti.<\/p>\n<p>ISO 9001, ISO 14001 ja ISO 45001 -standardien mukainen johtamisj\u00e4rjestelm\u00e4 sertifioitiin vuoden 2004 lopussa ja GMP+ vuonna 2016.<\/p>\n<p>Meille on my\u00f6nnetty sek\u00e4 ISCC EU- ett\u00e4 ISCC PLUS -sertifikaatit 2020 bioenergian ja rasvahappojen tuotelinjoille.<\/p>\n<table>\n<tbody>\n<tr>\n<td>&nbsp;\n<strong>Lataa sertifikaatit<\/strong><\/td>\n<\/tr>\n<\/tbody>\n<\/table>\n\t\t\t<a href=\"https:\/\/www.forchem.com\/wp-content\/uploads\/2025\/10\/ISO-9001-valid-31122028.pdf\" title=\"Click Here\" target=\"_blank\" rel=\"noopener\"  role=\"button\" aria-label=\"ISO 9001 (PDF)\">\n\t\t\t\t\t\t\tISO 9001 (PDF)\n\t\t<\/a>\n\t\t\t<a href=\"https:\/\/www.forchem.com\/wp-content\/uploads\/2025\/10\/ISO-14001-valid-31122028.pdf\" title=\"Click Here\" target=\"_blank\" rel=\"noopener\"  role=\"button\" aria-label=\"ISO 14001 (PDF)\">\n\t\t\t\t\t\t\tISO 14001 (PDF)\n\t\t<\/a>\n\t\t\t<a href=\"https:\/\/www.forchem.com\/wp-content\/uploads\/2025\/08\/ISO-45001-valid-30112027.pdf\" title=\"Click Here\" target=\"_blank\" rel=\"noopener\"  role=\"button\" aria-label=\"ISO 45001 (PDF)\">\n\t\t\t\t\t\t\tISO 45001 (PDF)\n\t\t<\/a>\n\t\t\t<a href=\"https:\/\/www.forchem.com\/wp-content\/uploads\/2024\/04\/Forchem-Oyj_GMP-cert-2024_Final.pdf\" title=\"Click Here\" target=\"_blank\" rel=\"noopener\"  role=\"button\" aria-label=\"GMP+ (PDF)\">\n\t\t\t\t\t\t\tGMP+ (PDF)\n\t\t<\/a>\n\t\t\t<a href=\"https:\/\/www.forchem.com\/wp-content\/uploads\/2025\/10\/2025-2026-ISCC-EU.pdf\" title=\"Click Here\" target=\"_blank\" rel=\"noopener\"  role=\"button\" aria-label=\"ISCC EU (PDF)\">\n\t\t\t\t\t\t\tISCC EU (PDF)\n\t\t<\/a>\n\t\t\t<a href=\"https:\/\/www.forchem.com\/wp-content\/uploads\/2025\/10\/2025-2026-ISCC-PLUS.pdf\" title=\"Click Here\" target=\"_blank\" rel=\"noopener\"  role=\"button\" aria-label=\"ISCC PLUS (PDF)\">\n\t\t\t\t\t\t\tISCC PLUS (PDF)\n\t\t<\/a>\n\n","protected":false},"excerpt":{"rendered":"<p>Forchemin kokonaislaatuj\u00e4rjestelm\u00e4 perustuu korkealaatuisiin prosesseihin ja materiaaleihin sek\u00e4 jatkuvaan tuotekehitykseen ja testaukseen Laatustandardit Forchemin kokonaislaatuj\u00e4rjestelm\u00e4 perustuu korkealaatuisiin prosesseihin ja materiaaleihin sek\u00e4 jatkuvaan tuotekehitykseen ja testaukseen. Painopiste on asetettu etenkin tuotannon eri vaiheisiin, aina logistiikkaan ja asiakkaille suunnattuihin lopputuotteisiin asti. K\u00e4yt\u00e4mme maailman moderneimpia m\u00e4nty\u00f6ljyn erotteluteknologioita. Forchem on ottanut k\u00e4ytt\u00f6\u00f6n integroidun johtamisj\u00e4rjestelm\u00e4n, joka t\u00e4ytt\u00e4\u00e4 laatu-, ymp\u00e4rist\u00f6-, ty\u00f6terveys-&hellip;<\/p>\n","protected":false},"author":1,"featured_media":1616,"parent":1735,"menu_order":0,"comment_status":"closed","ping_status":"closed","template":"","meta":{"_acf_changed":false,"footnotes":""},"class_list":["post-1744","page","type-page","status-publish","has-post-thumbnail","hentry"],"acf":[],"yoast_head":"<!-- This site is optimized with the Yoast SEO plugin v26.7 - https:\/\/yoast.com\/wordpress\/plugins\/seo\/ -->\n<title>Laatustandardit - Forchem<\/title>\n<meta name=\"robots\" content=\"index, follow, max-snippet:-1, max-image-preview:large, max-video-preview:-1\" \/>\n<link rel=\"canonical\" href=\"https:\/\/www.forchem.com\/fi\/forchem\/laatustandardit\/\" \/>\n<meta property=\"og:locale\" content=\"fi_FI\" \/>\n<meta property=\"og:type\" content=\"article\" \/>\n<meta property=\"og:title\" content=\"Laatustandardit - Forchem\" \/>\n<meta property=\"og:description\" content=\"Forchemin kokonaislaatuj\u00e4rjestelm\u00e4 perustuu korkealaatuisiin prosesseihin ja materiaaleihin sek\u00e4 jatkuvaan tuotekehitykseen ja testaukseen Laatustandardit Forchemin kokonaislaatuj\u00e4rjestelm\u00e4 perustuu korkealaatuisiin prosesseihin ja materiaaleihin sek\u00e4 jatkuvaan tuotekehitykseen ja testaukseen. Painopiste on asetettu etenkin tuotannon eri vaiheisiin, aina logistiikkaan ja asiakkaille suunnattuihin lopputuotteisiin asti. K\u00e4yt\u00e4mme maailman moderneimpia m\u00e4nty\u00f6ljyn erotteluteknologioita. Forchem on ottanut k\u00e4ytt\u00f6\u00f6n integroidun johtamisj\u00e4rjestelm\u00e4n, joka t\u00e4ytt\u00e4\u00e4 laatu-, ymp\u00e4rist\u00f6-, ty\u00f6terveys-&hellip;\" \/>\n<meta property=\"og:url\" content=\"https:\/\/www.forchem.com\/fi\/forchem\/laatustandardit\/\" \/>\n<meta property=\"og:site_name\" content=\"Forchem\" \/>\n<meta property=\"article:modified_time\" content=\"2025-10-17T11:42:19+00:00\" \/>\n<meta property=\"og:image\" content=\"https:\/\/www.forchem.com\/wp-content\/uploads\/2020\/01\/50A3357.jpg\" \/>\n\t<meta property=\"og:image:width\" content=\"1920\" \/>\n\t<meta property=\"og:image:height\" content=\"1280\" \/>\n\t<meta property=\"og:image:type\" content=\"image\/jpeg\" \/>\n<meta name=\"twitter:card\" content=\"summary_large_image\" \/>\n<meta name=\"twitter:label1\" content=\"Arvioitu lukuaika\" \/>\n\t<meta name=\"twitter:data1\" content=\"1 minuutti\" \/>\n<script type=\"application\/ld+json\" class=\"yoast-schema-graph\">{\"@context\":\"https:\/\/schema.org\",\"@graph\":[{\"@type\":\"WebPage\",\"@id\":\"https:\/\/www.forchem.com\/fi\/forchem\/laatustandardit\/\",\"url\":\"https:\/\/www.forchem.com\/fi\/forchem\/laatustandardit\/\",\"name\":\"Laatustandardit - Forchem\",\"isPartOf\":{\"@id\":\"https:\/\/www.forchem.com\/#website\"},\"primaryImageOfPage\":{\"@id\":\"https:\/\/www.forchem.com\/fi\/forchem\/laatustandardit\/#primaryimage\"},\"image\":{\"@id\":\"https:\/\/www.forchem.com\/fi\/forchem\/laatustandardit\/#primaryimage\"},\"thumbnailUrl\":\"https:\/\/www.forchem.com\/wp-content\/uploads\/2020\/01\/50A3357.jpg\",\"datePublished\":\"2019-12-18T14:08:37+00:00\",\"dateModified\":\"2025-10-17T11:42:19+00:00\",\"breadcrumb\":{\"@id\":\"https:\/\/www.forchem.com\/fi\/forchem\/laatustandardit\/#breadcrumb\"},\"inLanguage\":\"fi\",\"potentialAction\":[{\"@type\":\"ReadAction\",\"target\":[\"https:\/\/www.forchem.com\/fi\/forchem\/laatustandardit\/\"]}]},{\"@type\":\"ImageObject\",\"inLanguage\":\"fi\",\"@id\":\"https:\/\/www.forchem.com\/fi\/forchem\/laatustandardit\/#primaryimage\",\"url\":\"https:\/\/www.forchem.com\/wp-content\/uploads\/2020\/01\/50A3357.jpg\",\"contentUrl\":\"https:\/\/www.forchem.com\/wp-content\/uploads\/2020\/01\/50A3357.jpg\",\"width\":1920,\"height\":1280},{\"@type\":\"BreadcrumbList\",\"@id\":\"https:\/\/www.forchem.com\/fi\/forchem\/laatustandardit\/#breadcrumb\",\"itemListElement\":[{\"@type\":\"ListItem\",\"position\":1,\"name\":\"Home\",\"item\":\"https:\/\/www.forchem.com\/fi\/\"},{\"@type\":\"ListItem\",\"position\":2,\"name\":\"Forchem\",\"item\":\"https:\/\/www.forchem.com\/fi\/forchem\/\"},{\"@type\":\"ListItem\",\"position\":3,\"name\":\"Laatustandardit\"}]},{\"@type\":\"WebSite\",\"@id\":\"https:\/\/www.forchem.com\/#website\",\"url\":\"https:\/\/www.forchem.com\/\",\"name\":\"Forchem\",\"description\":\"Forchem website\",\"publisher\":{\"@id\":\"https:\/\/www.forchem.com\/#organization\"},\"potentialAction\":[{\"@type\":\"SearchAction\",\"target\":{\"@type\":\"EntryPoint\",\"urlTemplate\":\"https:\/\/www.forchem.com\/?s={search_term_string}\"},\"query-input\":{\"@type\":\"PropertyValueSpecification\",\"valueRequired\":true,\"valueName\":\"search_term_string\"}}],\"inLanguage\":\"fi\"},{\"@type\":\"Organization\",\"@id\":\"https:\/\/www.forchem.com\/#organization\",\"name\":\"Forchem\",\"url\":\"https:\/\/www.forchem.com\/\",\"logo\":{\"@type\":\"ImageObject\",\"inLanguage\":\"fi\",\"@id\":\"https:\/\/www.forchem.com\/#\/schema\/logo\/image\/\",\"url\":\"https:\/\/www.forchem.com\/wp-content\/uploads\/2019\/12\/Forchem_logo_black.png\",\"contentUrl\":\"https:\/\/www.forchem.com\/wp-content\/uploads\/2019\/12\/Forchem_logo_black.png\",\"width\":1417,\"height\":565,\"caption\":\"Forchem\"},\"image\":{\"@id\":\"https:\/\/www.forchem.com\/#\/schema\/logo\/image\/\"}}]}<\/script>\n<!-- \/ Yoast SEO plugin. -->","yoast_head_json":{"title":"Laatustandardit - Forchem","robots":{"index":"index","follow":"follow","max-snippet":"max-snippet:-1","max-image-preview":"max-image-preview:large","max-video-preview":"max-video-preview:-1"},"canonical":"https:\/\/www.forchem.com\/fi\/forchem\/laatustandardit\/","og_locale":"fi_FI","og_type":"article","og_title":"Laatustandardit - Forchem","og_description":"Forchemin kokonaislaatuj\u00e4rjestelm\u00e4 perustuu korkealaatuisiin prosesseihin ja materiaaleihin sek\u00e4 jatkuvaan tuotekehitykseen ja testaukseen Laatustandardit Forchemin kokonaislaatuj\u00e4rjestelm\u00e4 perustuu korkealaatuisiin prosesseihin ja materiaaleihin sek\u00e4 jatkuvaan tuotekehitykseen ja testaukseen. Painopiste on asetettu etenkin tuotannon eri vaiheisiin, aina logistiikkaan ja asiakkaille suunnattuihin lopputuotteisiin asti. K\u00e4yt\u00e4mme maailman moderneimpia m\u00e4nty\u00f6ljyn erotteluteknologioita. Forchem on ottanut k\u00e4ytt\u00f6\u00f6n integroidun johtamisj\u00e4rjestelm\u00e4n, joka t\u00e4ytt\u00e4\u00e4 laatu-, ymp\u00e4rist\u00f6-, ty\u00f6terveys-&hellip;","og_url":"https:\/\/www.forchem.com\/fi\/forchem\/laatustandardit\/","og_site_name":"Forchem","article_modified_time":"2025-10-17T11:42:19+00:00","og_image":[{"width":1920,"height":1280,"url":"https:\/\/www.forchem.com\/wp-content\/uploads\/2020\/01\/50A3357.jpg","type":"image\/jpeg"}],"twitter_card":"summary_large_image","twitter_misc":{"Arvioitu lukuaika":"1 minuutti"},"schema":{"@context":"https:\/\/schema.org","@graph":[{"@type":"WebPage","@id":"https:\/\/www.forchem.com\/fi\/forchem\/laatustandardit\/","url":"https:\/\/www.forchem.com\/fi\/forchem\/laatustandardit\/","name":"Laatustandardit - Forchem","isPartOf":{"@id":"https:\/\/www.forchem.com\/#website"},"primaryImageOfPage":{"@id":"https:\/\/www.forchem.com\/fi\/forchem\/laatustandardit\/#primaryimage"},"image":{"@id":"https:\/\/www.forchem.com\/fi\/forchem\/laatustandardit\/#primaryimage"},"thumbnailUrl":"https:\/\/www.forchem.com\/wp-content\/uploads\/2020\/01\/50A3357.jpg","datePublished":"2019-12-18T14:08:37+00:00","dateModified":"2025-10-17T11:42:19+00:00","breadcrumb":{"@id":"https:\/\/www.forchem.com\/fi\/forchem\/laatustandardit\/#breadcrumb"},"inLanguage":"fi","potentialAction":[{"@type":"ReadAction","target":["https:\/\/www.forchem.com\/fi\/forchem\/laatustandardit\/"]}]},{"@type":"ImageObject","inLanguage":"fi","@id":"https:\/\/www.forchem.com\/fi\/forchem\/laatustandardit\/#primaryimage","url":"https:\/\/www.forchem.com\/wp-content\/uploads\/2020\/01\/50A3357.jpg","contentUrl":"https:\/\/www.forchem.com\/wp-content\/uploads\/2020\/01\/50A3357.jpg","width":1920,"height":1280},{"@type":"BreadcrumbList","@id":"https:\/\/www.forchem.com\/fi\/forchem\/laatustandardit\/#breadcrumb","itemListElement":[{"@type":"ListItem","position":1,"name":"Home","item":"https:\/\/www.forchem.com\/fi\/"},{"@type":"ListItem","position":2,"name":"Forchem","item":"https:\/\/www.forchem.com\/fi\/forchem\/"},{"@type":"ListItem","position":3,"name":"Laatustandardit"}]},{"@type":"WebSite","@id":"https:\/\/www.forchem.com\/#website","url":"https:\/\/www.forchem.com\/","name":"Forchem","description":"Forchem website","publisher":{"@id":"https:\/\/www.forchem.com\/#organization"},"potentialAction":[{"@type":"SearchAction","target":{"@type":"EntryPoint","urlTemplate":"https:\/\/www.forchem.com\/?s={search_term_string}"},"query-input":{"@type":"PropertyValueSpecification","valueRequired":true,"valueName":"search_term_string"}}],"inLanguage":"fi"},{"@type":"Organization","@id":"https:\/\/www.forchem.com\/#organization","name":"Forchem","url":"https:\/\/www.forchem.com\/","logo":{"@type":"ImageObject","inLanguage":"fi","@id":"https:\/\/www.forchem.com\/#\/schema\/logo\/image\/","url":"https:\/\/www.forchem.com\/wp-content\/uploads\/2019\/12\/Forchem_logo_black.png","contentUrl":"https:\/\/www.forchem.com\/wp-content\/uploads\/2019\/12\/Forchem_logo_black.png","width":1417,"height":565,"caption":"Forchem"},"image":{"@id":"https:\/\/www.forchem.com\/#\/schema\/logo\/image\/"}}]}},"_links":{"self":[{"href":"https:\/\/www.forchem.com\/fi\/wp-json\/wp\/v2\/pages\/1744","targetHints":{"allow":["GET"]}}],"collection":[{"href":"https:\/\/www.forchem.com\/fi\/wp-json\/wp\/v2\/pages"}],"about":[{"href":"https:\/\/www.forchem.com\/fi\/wp-json\/wp\/v2\/types\/page"}],"author":[{"embeddable":true,"href":"https:\/\/www.forchem.com\/fi\/wp-json\/wp\/v2\/users\/1"}],"replies":[{"embeddable":true,"href":"https:\/\/www.forchem.com\/fi\/wp-json\/wp\/v2\/comments?post=1744"}],"version-history":[{"count":24,"href":"https:\/\/www.forchem.com\/fi\/wp-json\/wp\/v2\/pages\/1744\/revisions"}],"predecessor-version":[{"id":3647,"href":"https:\/\/www.forchem.com\/fi\/wp-json\/wp\/v2\/pages\/1744\/revisions\/3647"}],"up":[{"embeddable":true,"href":"https:\/\/www.forchem.com\/fi\/wp-json\/wp\/v2\/pages\/1735"}],"wp:featuredmedia":[{"embeddable":true,"href":"https:\/\/www.forchem.com\/fi\/wp-json\/wp\/v2\/media\/1616"}],"wp:attachment":[{"href":"https:\/\/www.forchem.com\/fi\/wp-json\/wp\/v2\/media?parent=1744"}],"curies":[{"name":"wp","href":"https:\/\/api.w.org\/{rel}","templated":true}]}}