{"id":1746,"date":"2019-09-04T10:31:17","date_gmt":"2019-09-04T07:31:17","guid":{"rendered":"https:\/\/www.forchem.com\/products\/other-tall-oil-products\/"},"modified":"2026-04-07T09:46:00","modified_gmt":"2026-04-07T06:46:00","slug":"muut-mantyoljytuotteet","status":"publish","type":"page","link":"https:\/\/www.forchem.com\/fi\/tuotteet\/muut-mantyoljytuotteet\/","title":{"rendered":"Muut m\u00e4nty\u00f6ljytuotteet"},"content":{"rendered":"\n<h1>\n\t\t\tTall oil fatty acid (TOFA)\t<\/h1>\n\t<p>M\u00e4nty\u00f6ljyrasvahappojen, m\u00e4nty\u00f6ljyhartsien, m\u00e4nty\u00f6ljytisleiden sek\u00e4 biopolttoaineen lis\u00e4ksi Forchem voi tuottaa erikoisseoksia erilaisista tislausjakeista. Erikoisseoksien tuotantoon vaikuttavat tehtaan kapasiteetti, kaupalliset ja logistiikkaan liittyv\u00e4t tekij\u00e4t.<\/p>\n<p>Erikoisseoksia varten ota yhteytt\u00e4 <a href=\"https:\/\/www.forchem.com\/fi\/ota-yhteytta\/\">Forchemin asiakkuusp\u00e4\u00e4llikk\u00f6\u00f6si.<\/a><\/p>\n\t\t\t\t<img decoding=\"async\" src=\"https:\/\/www.forchem.com\/wp-content\/uploads\/2019\/11\/B2A0913-edit-01.jpg\" alt=\"_B2A0913-edit-01\" itemprop=\"image\" height=\"598\" width=\"768\" title=\"_B2A0913-edit-01\" onerror=\"this.style.display='none'\" loading=\"lazy\" \/>\n<h2>\n\t\t\tForext35\/90\t<\/h2>\n\t<p>Forext35 \/ 90 on hartsisaippua. Sellun pesuaineena k\u00e4ytetyll\u00e4 kolofonisaippualla on sekalaisen puumassan tuotannossa erinomaiset erotteluominaisuudet.<\/p>\n\t\t\t<a href=\"https:\/\/www.forchem.com\/wp-content\/uploads\/2026\/04\/FOREXT3590-datasheet-003.pdf\" title=\"Click Here\" target=\"_blank\" rel=\"noopener\"  role=\"button\" aria-label=\"FORCHEMIN TUOTEKORTTI FOREXT35\/90 (PDF)\">\n\t\t\t\t\t\t\tFORCHEMIN TUOTEKORTTI FOREXT35\/90 (PDF)\n\t\t<\/a>\n\n","protected":false},"excerpt":{"rendered":"<p>Tall oil fatty acid (TOFA) M\u00e4nty\u00f6ljyrasvahappojen, m\u00e4nty\u00f6ljyhartsien, m\u00e4nty\u00f6ljytisleiden sek\u00e4 biopolttoaineen lis\u00e4ksi Forchem voi tuottaa erikoisseoksia erilaisista tislausjakeista. Erikoisseoksien tuotantoon vaikuttavat tehtaan kapasiteetti, kaupalliset ja logistiikkaan liittyv\u00e4t tekij\u00e4t. Erikoisseoksia varten ota yhteytt\u00e4 Forchemin asiakkuusp\u00e4\u00e4llikk\u00f6\u00f6si. Forext35\/90 Forext35 \/ 90 on hartsisaippua. Sellun pesuaineena k\u00e4ytetyll\u00e4 kolofonisaippualla on sekalaisen puumassan tuotannossa erinomaiset erotteluominaisuudet. FORCHEMIN TUOTEKORTTI FOREXT35\/90 (PDF)<\/p>\n","protected":false},"author":1,"featured_media":1471,"parent":1741,"menu_order":0,"comment_status":"closed","ping_status":"closed","template":"","meta":{"_acf_changed":false,"footnotes":""},"class_list":["post-1746","page","type-page","status-publish","has-post-thumbnail","hentry"],"acf":[],"yoast_head":"<!-- This site is optimized with the Yoast SEO plugin v26.7 - https:\/\/yoast.com\/wordpress\/plugins\/seo\/ -->\n<title>Muut m\u00e4nty\u00f6ljytuotteet - Forchem<\/title>\n<meta name=\"robots\" content=\"index, follow, max-snippet:-1, max-image-preview:large, max-video-preview:-1\" \/>\n<link rel=\"canonical\" href=\"https:\/\/www.forchem.com\/fi\/tuotteet\/muut-mantyoljytuotteet\/\" \/>\n<meta property=\"og:locale\" content=\"fi_FI\" \/>\n<meta property=\"og:type\" content=\"article\" \/>\n<meta property=\"og:title\" content=\"Muut m\u00e4nty\u00f6ljytuotteet - Forchem\" \/>\n<meta property=\"og:description\" content=\"Tall oil fatty acid (TOFA) M\u00e4nty\u00f6ljyrasvahappojen, m\u00e4nty\u00f6ljyhartsien, m\u00e4nty\u00f6ljytisleiden sek\u00e4 biopolttoaineen lis\u00e4ksi Forchem voi tuottaa erikoisseoksia erilaisista tislausjakeista. Erikoisseoksien tuotantoon vaikuttavat tehtaan kapasiteetti, kaupalliset ja logistiikkaan liittyv\u00e4t tekij\u00e4t. Erikoisseoksia varten ota yhteytt\u00e4 Forchemin asiakkuusp\u00e4\u00e4llikk\u00f6\u00f6si. Forext35\/90 Forext35 \/ 90 on hartsisaippua. Sellun pesuaineena k\u00e4ytetyll\u00e4 kolofonisaippualla on sekalaisen puumassan tuotannossa erinomaiset erotteluominaisuudet. FORCHEMIN TUOTEKORTTI FOREXT35\/90 (PDF)\" \/>\n<meta property=\"og:url\" content=\"https:\/\/www.forchem.com\/fi\/tuotteet\/muut-mantyoljytuotteet\/\" \/>\n<meta property=\"og:site_name\" content=\"Forchem\" \/>\n<meta property=\"article:modified_time\" content=\"2026-04-07T06:46:00+00:00\" \/>\n<meta property=\"og:image\" content=\"https:\/\/www.forchem.com\/wp-content\/uploads\/2019\/11\/B2A0649.jpg\" \/>\n\t<meta property=\"og:image:width\" content=\"1823\" \/>\n\t<meta property=\"og:image:height\" content=\"1280\" \/>\n\t<meta property=\"og:image:type\" content=\"image\/jpeg\" \/>\n<meta name=\"twitter:card\" content=\"summary_large_image\" \/>\n<script type=\"application\/ld+json\" class=\"yoast-schema-graph\">{\"@context\":\"https:\/\/schema.org\",\"@graph\":[{\"@type\":\"WebPage\",\"@id\":\"https:\/\/www.forchem.com\/fi\/tuotteet\/muut-mantyoljytuotteet\/\",\"url\":\"https:\/\/www.forchem.com\/fi\/tuotteet\/muut-mantyoljytuotteet\/\",\"name\":\"Muut m\u00e4nty\u00f6ljytuotteet - Forchem\",\"isPartOf\":{\"@id\":\"https:\/\/www.forchem.com\/#website\"},\"primaryImageOfPage\":{\"@id\":\"https:\/\/www.forchem.com\/fi\/tuotteet\/muut-mantyoljytuotteet\/#primaryimage\"},\"image\":{\"@id\":\"https:\/\/www.forchem.com\/fi\/tuotteet\/muut-mantyoljytuotteet\/#primaryimage\"},\"thumbnailUrl\":\"https:\/\/www.forchem.com\/wp-content\/uploads\/2019\/11\/B2A0649.jpg\",\"datePublished\":\"2019-09-04T07:31:17+00:00\",\"dateModified\":\"2026-04-07T06:46:00+00:00\",\"breadcrumb\":{\"@id\":\"https:\/\/www.forchem.com\/fi\/tuotteet\/muut-mantyoljytuotteet\/#breadcrumb\"},\"inLanguage\":\"fi\",\"potentialAction\":[{\"@type\":\"ReadAction\",\"target\":[\"https:\/\/www.forchem.com\/fi\/tuotteet\/muut-mantyoljytuotteet\/\"]}]},{\"@type\":\"ImageObject\",\"inLanguage\":\"fi\",\"@id\":\"https:\/\/www.forchem.com\/fi\/tuotteet\/muut-mantyoljytuotteet\/#primaryimage\",\"url\":\"https:\/\/www.forchem.com\/wp-content\/uploads\/2019\/11\/B2A0649.jpg\",\"contentUrl\":\"https:\/\/www.forchem.com\/wp-content\/uploads\/2019\/11\/B2A0649.jpg\",\"width\":1823,\"height\":1280},{\"@type\":\"BreadcrumbList\",\"@id\":\"https:\/\/www.forchem.com\/fi\/tuotteet\/muut-mantyoljytuotteet\/#breadcrumb\",\"itemListElement\":[{\"@type\":\"ListItem\",\"position\":1,\"name\":\"Home\",\"item\":\"https:\/\/www.forchem.com\/fi\/\"},{\"@type\":\"ListItem\",\"position\":2,\"name\":\"Tuotteet\",\"item\":\"https:\/\/www.forchem.com\/fi\/tuotteet\/\"},{\"@type\":\"ListItem\",\"position\":3,\"name\":\"Muut m\u00e4nty\u00f6ljytuotteet\"}]},{\"@type\":\"WebSite\",\"@id\":\"https:\/\/www.forchem.com\/#website\",\"url\":\"https:\/\/www.forchem.com\/\",\"name\":\"Forchem\",\"description\":\"Forchem website\",\"publisher\":{\"@id\":\"https:\/\/www.forchem.com\/#organization\"},\"potentialAction\":[{\"@type\":\"SearchAction\",\"target\":{\"@type\":\"EntryPoint\",\"urlTemplate\":\"https:\/\/www.forchem.com\/?s={search_term_string}\"},\"query-input\":{\"@type\":\"PropertyValueSpecification\",\"valueRequired\":true,\"valueName\":\"search_term_string\"}}],\"inLanguage\":\"fi\"},{\"@type\":\"Organization\",\"@id\":\"https:\/\/www.forchem.com\/#organization\",\"name\":\"Forchem\",\"url\":\"https:\/\/www.forchem.com\/\",\"logo\":{\"@type\":\"ImageObject\",\"inLanguage\":\"fi\",\"@id\":\"https:\/\/www.forchem.com\/#\/schema\/logo\/image\/\",\"url\":\"https:\/\/www.forchem.com\/wp-content\/uploads\/2019\/12\/Forchem_logo_black.png\",\"contentUrl\":\"https:\/\/www.forchem.com\/wp-content\/uploads\/2019\/12\/Forchem_logo_black.png\",\"width\":1417,\"height\":565,\"caption\":\"Forchem\"},\"image\":{\"@id\":\"https:\/\/www.forchem.com\/#\/schema\/logo\/image\/\"}}]}<\/script>\n<!-- \/ Yoast SEO plugin. -->","yoast_head_json":{"title":"Muut m\u00e4nty\u00f6ljytuotteet - Forchem","robots":{"index":"index","follow":"follow","max-snippet":"max-snippet:-1","max-image-preview":"max-image-preview:large","max-video-preview":"max-video-preview:-1"},"canonical":"https:\/\/www.forchem.com\/fi\/tuotteet\/muut-mantyoljytuotteet\/","og_locale":"fi_FI","og_type":"article","og_title":"Muut m\u00e4nty\u00f6ljytuotteet - Forchem","og_description":"Tall oil fatty acid (TOFA) M\u00e4nty\u00f6ljyrasvahappojen, m\u00e4nty\u00f6ljyhartsien, m\u00e4nty\u00f6ljytisleiden sek\u00e4 biopolttoaineen lis\u00e4ksi Forchem voi tuottaa erikoisseoksia erilaisista tislausjakeista. Erikoisseoksien tuotantoon vaikuttavat tehtaan kapasiteetti, kaupalliset ja logistiikkaan liittyv\u00e4t tekij\u00e4t. Erikoisseoksia varten ota yhteytt\u00e4 Forchemin asiakkuusp\u00e4\u00e4llikk\u00f6\u00f6si. Forext35\/90 Forext35 \/ 90 on hartsisaippua. Sellun pesuaineena k\u00e4ytetyll\u00e4 kolofonisaippualla on sekalaisen puumassan tuotannossa erinomaiset erotteluominaisuudet. FORCHEMIN TUOTEKORTTI FOREXT35\/90 (PDF)","og_url":"https:\/\/www.forchem.com\/fi\/tuotteet\/muut-mantyoljytuotteet\/","og_site_name":"Forchem","article_modified_time":"2026-04-07T06:46:00+00:00","og_image":[{"width":1823,"height":1280,"url":"https:\/\/www.forchem.com\/wp-content\/uploads\/2019\/11\/B2A0649.jpg","type":"image\/jpeg"}],"twitter_card":"summary_large_image","schema":{"@context":"https:\/\/schema.org","@graph":[{"@type":"WebPage","@id":"https:\/\/www.forchem.com\/fi\/tuotteet\/muut-mantyoljytuotteet\/","url":"https:\/\/www.forchem.com\/fi\/tuotteet\/muut-mantyoljytuotteet\/","name":"Muut m\u00e4nty\u00f6ljytuotteet - Forchem","isPartOf":{"@id":"https:\/\/www.forchem.com\/#website"},"primaryImageOfPage":{"@id":"https:\/\/www.forchem.com\/fi\/tuotteet\/muut-mantyoljytuotteet\/#primaryimage"},"image":{"@id":"https:\/\/www.forchem.com\/fi\/tuotteet\/muut-mantyoljytuotteet\/#primaryimage"},"thumbnailUrl":"https:\/\/www.forchem.com\/wp-content\/uploads\/2019\/11\/B2A0649.jpg","datePublished":"2019-09-04T07:31:17+00:00","dateModified":"2026-04-07T06:46:00+00:00","breadcrumb":{"@id":"https:\/\/www.forchem.com\/fi\/tuotteet\/muut-mantyoljytuotteet\/#breadcrumb"},"inLanguage":"fi","potentialAction":[{"@type":"ReadAction","target":["https:\/\/www.forchem.com\/fi\/tuotteet\/muut-mantyoljytuotteet\/"]}]},{"@type":"ImageObject","inLanguage":"fi","@id":"https:\/\/www.forchem.com\/fi\/tuotteet\/muut-mantyoljytuotteet\/#primaryimage","url":"https:\/\/www.forchem.com\/wp-content\/uploads\/2019\/11\/B2A0649.jpg","contentUrl":"https:\/\/www.forchem.com\/wp-content\/uploads\/2019\/11\/B2A0649.jpg","width":1823,"height":1280},{"@type":"BreadcrumbList","@id":"https:\/\/www.forchem.com\/fi\/tuotteet\/muut-mantyoljytuotteet\/#breadcrumb","itemListElement":[{"@type":"ListItem","position":1,"name":"Home","item":"https:\/\/www.forchem.com\/fi\/"},{"@type":"ListItem","position":2,"name":"Tuotteet","item":"https:\/\/www.forchem.com\/fi\/tuotteet\/"},{"@type":"ListItem","position":3,"name":"Muut m\u00e4nty\u00f6ljytuotteet"}]},{"@type":"WebSite","@id":"https:\/\/www.forchem.com\/#website","url":"https:\/\/www.forchem.com\/","name":"Forchem","description":"Forchem website","publisher":{"@id":"https:\/\/www.forchem.com\/#organization"},"potentialAction":[{"@type":"SearchAction","target":{"@type":"EntryPoint","urlTemplate":"https:\/\/www.forchem.com\/?s={search_term_string}"},"query-input":{"@type":"PropertyValueSpecification","valueRequired":true,"valueName":"search_term_string"}}],"inLanguage":"fi"},{"@type":"Organization","@id":"https:\/\/www.forchem.com\/#organization","name":"Forchem","url":"https:\/\/www.forchem.com\/","logo":{"@type":"ImageObject","inLanguage":"fi","@id":"https:\/\/www.forchem.com\/#\/schema\/logo\/image\/","url":"https:\/\/www.forchem.com\/wp-content\/uploads\/2019\/12\/Forchem_logo_black.png","contentUrl":"https:\/\/www.forchem.com\/wp-content\/uploads\/2019\/12\/Forchem_logo_black.png","width":1417,"height":565,"caption":"Forchem"},"image":{"@id":"https:\/\/www.forchem.com\/#\/schema\/logo\/image\/"}}]}},"_links":{"self":[{"href":"https:\/\/www.forchem.com\/fi\/wp-json\/wp\/v2\/pages\/1746","targetHints":{"allow":["GET"]}}],"collection":[{"href":"https:\/\/www.forchem.com\/fi\/wp-json\/wp\/v2\/pages"}],"about":[{"href":"https:\/\/www.forchem.com\/fi\/wp-json\/wp\/v2\/types\/page"}],"author":[{"embeddable":true,"href":"https:\/\/www.forchem.com\/fi\/wp-json\/wp\/v2\/users\/1"}],"replies":[{"embeddable":true,"href":"https:\/\/www.forchem.com\/fi\/wp-json\/wp\/v2\/comments?post=1746"}],"version-history":[{"count":10,"href":"https:\/\/www.forchem.com\/fi\/wp-json\/wp\/v2\/pages\/1746\/revisions"}],"predecessor-version":[{"id":3753,"href":"https:\/\/www.forchem.com\/fi\/wp-json\/wp\/v2\/pages\/1746\/revisions\/3753"}],"up":[{"embeddable":true,"href":"https:\/\/www.forchem.com\/fi\/wp-json\/wp\/v2\/pages\/1741"}],"wp:featuredmedia":[{"embeddable":true,"href":"https:\/\/www.forchem.com\/fi\/wp-json\/wp\/v2\/media\/1471"}],"wp:attachment":[{"href":"https:\/\/www.forchem.com\/fi\/wp-json\/wp\/v2\/media?parent=1746"}],"curies":[{"name":"wp","href":"https:\/\/api.w.org\/{rel}","templated":true}]}}