{"id":1747,"date":"2019-09-04T10:30:48","date_gmt":"2019-09-04T07:30:48","guid":{"rendered":"https:\/\/www.forchem.com\/products\/fortop600\/"},"modified":"2026-04-07T09:44:50","modified_gmt":"2026-04-07T06:44:50","slug":"fortop600","status":"publish","type":"page","link":"https:\/\/www.forchem.com\/fi\/tuotteet\/fortop600\/","title":{"rendered":"Fortop600"},"content":{"rendered":"\n<h1>\n\t\t\tTall oil fatty acid (TOFA)\t<\/h1>\n\t<p>Fortop600 on pikipolttoaine, joka on sekoitettu m\u00e4nty\u00f6ljyn piest\u00e4 sek\u00e4 muista monomeerisist\u00e4 m\u00e4nty\u00f6ljytisleist\u00e4. Luonnonvaraisena materiaalina fortop600 tarjoaa ymp\u00e4rist\u00f6yst\u00e4v\u00e4llisen ja helposti sovellettavan nestem\u00e4isen vaihtoehdon fossiilisille polttoaineille. Se on erinomainen v\u00e4h\u00e4rikkinen biopolttoaine, jota voidaan k\u00e4ytt\u00e4\u00e4 kotitalouksien l\u00e4mm\u00f6ntuotannossa sek\u00e4 p\u00e4\u00e4asiassa voimalaitoksien teollisuuskattiloissa.<\/p>\n\t\t\t\t<img decoding=\"async\" src=\"https:\/\/www.forchem.com\/wp-content\/uploads\/2019\/11\/B2A1025.jpg\" alt=\"_B2A1025\" itemprop=\"image\" height=\"1280\" width=\"1920\" title=\"_B2A1025\" onerror=\"this.style.display='none'\" loading=\"lazy\" \/>\n\t\t\t\t<img decoding=\"async\" src=\"https:\/\/www.forchem.com\/wp-content\/uploads\/2019\/09\/FORTOP_600.png\" alt=\"FORTOP_600\" itemprop=\"image\" height=\"356\" width=\"356\" title=\"FORTOP_600\" onerror=\"this.style.display='none'\" loading=\"lazy\" \/>\n<h2>\n\t\t\tFortop600\t<\/h2>\n\t<p>Fortop600 on sekoitus m\u00e4nty\u00f6ljypike\u00e4 ja muita m\u00e4nty\u00f6ljytisleit\u00e4, jota voidaan k\u00e4ytt\u00e4\u00e4 v\u00e4h\u00e4rikkisen\u00e4 biopolttoaineena p\u00e4\u00e4asiassa voimalaitoksissa.<\/p>\n\t\t\t<a href=\"https:\/\/www.forchem.com\/wp-content\/uploads\/2026\/04\/FORTOP600-datasheet-005.pdf\" title=\"Click Here\" target=\"_blank\" rel=\"noopener\"  role=\"button\" aria-label=\"FORCHEMIN TUOTEKORTTI FORTOP600 (PDF)\">\n\t\t\t\t\t\t\tFORCHEMIN TUOTEKORTTI FORTOP600 (PDF)\n\t\t<\/a>\n\n","protected":false},"excerpt":{"rendered":"<p>Tall oil fatty acid (TOFA) Fortop600 on pikipolttoaine, joka on sekoitettu m\u00e4nty\u00f6ljyn piest\u00e4 sek\u00e4 muista monomeerisist\u00e4 m\u00e4nty\u00f6ljytisleist\u00e4. Luonnonvaraisena materiaalina fortop600 tarjoaa ymp\u00e4rist\u00f6yst\u00e4v\u00e4llisen ja helposti sovellettavan nestem\u00e4isen vaihtoehdon fossiilisille polttoaineille. Se on erinomainen v\u00e4h\u00e4rikkinen biopolttoaine, jota voidaan k\u00e4ytt\u00e4\u00e4 kotitalouksien l\u00e4mm\u00f6ntuotannossa sek\u00e4 p\u00e4\u00e4asiassa voimalaitoksien teollisuuskattiloissa. Fortop600 Fortop600 on sekoitus m\u00e4nty\u00f6ljypike\u00e4 ja muita m\u00e4nty\u00f6ljytisleit\u00e4, jota voidaan k\u00e4ytt\u00e4\u00e4 v\u00e4h\u00e4rikkisen\u00e4&hellip;<\/p>\n","protected":false},"author":1,"featured_media":1471,"parent":1741,"menu_order":0,"comment_status":"closed","ping_status":"closed","template":"","meta":{"_acf_changed":false,"footnotes":""},"class_list":["post-1747","page","type-page","status-publish","has-post-thumbnail","hentry"],"acf":[],"yoast_head":"<!-- This site is optimized with the Yoast SEO plugin v26.7 - https:\/\/yoast.com\/wordpress\/plugins\/seo\/ -->\n<title>Fortop600 - Forchem<\/title>\n<meta name=\"robots\" content=\"index, follow, max-snippet:-1, max-image-preview:large, max-video-preview:-1\" \/>\n<link rel=\"canonical\" href=\"https:\/\/www.forchem.com\/fi\/tuotteet\/fortop600\/\" \/>\n<meta property=\"og:locale\" content=\"fi_FI\" \/>\n<meta property=\"og:type\" content=\"article\" \/>\n<meta property=\"og:title\" content=\"Fortop600 - Forchem\" \/>\n<meta property=\"og:description\" content=\"Tall oil fatty acid (TOFA) Fortop600 on pikipolttoaine, joka on sekoitettu m\u00e4nty\u00f6ljyn piest\u00e4 sek\u00e4 muista monomeerisist\u00e4 m\u00e4nty\u00f6ljytisleist\u00e4. Luonnonvaraisena materiaalina fortop600 tarjoaa ymp\u00e4rist\u00f6yst\u00e4v\u00e4llisen ja helposti sovellettavan nestem\u00e4isen vaihtoehdon fossiilisille polttoaineille. Se on erinomainen v\u00e4h\u00e4rikkinen biopolttoaine, jota voidaan k\u00e4ytt\u00e4\u00e4 kotitalouksien l\u00e4mm\u00f6ntuotannossa sek\u00e4 p\u00e4\u00e4asiassa voimalaitoksien teollisuuskattiloissa. Fortop600 Fortop600 on sekoitus m\u00e4nty\u00f6ljypike\u00e4 ja muita m\u00e4nty\u00f6ljytisleit\u00e4, jota voidaan k\u00e4ytt\u00e4\u00e4 v\u00e4h\u00e4rikkisen\u00e4&hellip;\" \/>\n<meta property=\"og:url\" content=\"https:\/\/www.forchem.com\/fi\/tuotteet\/fortop600\/\" \/>\n<meta property=\"og:site_name\" content=\"Forchem\" \/>\n<meta property=\"article:modified_time\" content=\"2026-04-07T06:44:50+00:00\" \/>\n<meta property=\"og:image\" content=\"https:\/\/www.forchem.com\/wp-content\/uploads\/2019\/11\/B2A0649.jpg\" \/>\n\t<meta property=\"og:image:width\" content=\"1823\" \/>\n\t<meta property=\"og:image:height\" content=\"1280\" \/>\n\t<meta property=\"og:image:type\" content=\"image\/jpeg\" \/>\n<meta name=\"twitter:card\" content=\"summary_large_image\" \/>\n<script type=\"application\/ld+json\" class=\"yoast-schema-graph\">{\"@context\":\"https:\/\/schema.org\",\"@graph\":[{\"@type\":\"WebPage\",\"@id\":\"https:\/\/www.forchem.com\/fi\/tuotteet\/fortop600\/\",\"url\":\"https:\/\/www.forchem.com\/fi\/tuotteet\/fortop600\/\",\"name\":\"Fortop600 - Forchem\",\"isPartOf\":{\"@id\":\"https:\/\/www.forchem.com\/#website\"},\"primaryImageOfPage\":{\"@id\":\"https:\/\/www.forchem.com\/fi\/tuotteet\/fortop600\/#primaryimage\"},\"image\":{\"@id\":\"https:\/\/www.forchem.com\/fi\/tuotteet\/fortop600\/#primaryimage\"},\"thumbnailUrl\":\"https:\/\/www.forchem.com\/wp-content\/uploads\/2019\/11\/B2A0649.jpg\",\"datePublished\":\"2019-09-04T07:30:48+00:00\",\"dateModified\":\"2026-04-07T06:44:50+00:00\",\"breadcrumb\":{\"@id\":\"https:\/\/www.forchem.com\/fi\/tuotteet\/fortop600\/#breadcrumb\"},\"inLanguage\":\"fi\",\"potentialAction\":[{\"@type\":\"ReadAction\",\"target\":[\"https:\/\/www.forchem.com\/fi\/tuotteet\/fortop600\/\"]}]},{\"@type\":\"ImageObject\",\"inLanguage\":\"fi\",\"@id\":\"https:\/\/www.forchem.com\/fi\/tuotteet\/fortop600\/#primaryimage\",\"url\":\"https:\/\/www.forchem.com\/wp-content\/uploads\/2019\/11\/B2A0649.jpg\",\"contentUrl\":\"https:\/\/www.forchem.com\/wp-content\/uploads\/2019\/11\/B2A0649.jpg\",\"width\":1823,\"height\":1280},{\"@type\":\"BreadcrumbList\",\"@id\":\"https:\/\/www.forchem.com\/fi\/tuotteet\/fortop600\/#breadcrumb\",\"itemListElement\":[{\"@type\":\"ListItem\",\"position\":1,\"name\":\"Home\",\"item\":\"https:\/\/www.forchem.com\/fi\/\"},{\"@type\":\"ListItem\",\"position\":2,\"name\":\"Tuotteet\",\"item\":\"https:\/\/www.forchem.com\/fi\/tuotteet\/\"},{\"@type\":\"ListItem\",\"position\":3,\"name\":\"Fortop600\"}]},{\"@type\":\"WebSite\",\"@id\":\"https:\/\/www.forchem.com\/#website\",\"url\":\"https:\/\/www.forchem.com\/\",\"name\":\"Forchem\",\"description\":\"Forchem website\",\"publisher\":{\"@id\":\"https:\/\/www.forchem.com\/#organization\"},\"potentialAction\":[{\"@type\":\"SearchAction\",\"target\":{\"@type\":\"EntryPoint\",\"urlTemplate\":\"https:\/\/www.forchem.com\/?s={search_term_string}\"},\"query-input\":{\"@type\":\"PropertyValueSpecification\",\"valueRequired\":true,\"valueName\":\"search_term_string\"}}],\"inLanguage\":\"fi\"},{\"@type\":\"Organization\",\"@id\":\"https:\/\/www.forchem.com\/#organization\",\"name\":\"Forchem\",\"url\":\"https:\/\/www.forchem.com\/\",\"logo\":{\"@type\":\"ImageObject\",\"inLanguage\":\"fi\",\"@id\":\"https:\/\/www.forchem.com\/#\/schema\/logo\/image\/\",\"url\":\"https:\/\/www.forchem.com\/wp-content\/uploads\/2019\/12\/Forchem_logo_black.png\",\"contentUrl\":\"https:\/\/www.forchem.com\/wp-content\/uploads\/2019\/12\/Forchem_logo_black.png\",\"width\":1417,\"height\":565,\"caption\":\"Forchem\"},\"image\":{\"@id\":\"https:\/\/www.forchem.com\/#\/schema\/logo\/image\/\"}}]}<\/script>\n<!-- \/ Yoast SEO plugin. -->","yoast_head_json":{"title":"Fortop600 - Forchem","robots":{"index":"index","follow":"follow","max-snippet":"max-snippet:-1","max-image-preview":"max-image-preview:large","max-video-preview":"max-video-preview:-1"},"canonical":"https:\/\/www.forchem.com\/fi\/tuotteet\/fortop600\/","og_locale":"fi_FI","og_type":"article","og_title":"Fortop600 - Forchem","og_description":"Tall oil fatty acid (TOFA) Fortop600 on pikipolttoaine, joka on sekoitettu m\u00e4nty\u00f6ljyn piest\u00e4 sek\u00e4 muista monomeerisist\u00e4 m\u00e4nty\u00f6ljytisleist\u00e4. Luonnonvaraisena materiaalina fortop600 tarjoaa ymp\u00e4rist\u00f6yst\u00e4v\u00e4llisen ja helposti sovellettavan nestem\u00e4isen vaihtoehdon fossiilisille polttoaineille. Se on erinomainen v\u00e4h\u00e4rikkinen biopolttoaine, jota voidaan k\u00e4ytt\u00e4\u00e4 kotitalouksien l\u00e4mm\u00f6ntuotannossa sek\u00e4 p\u00e4\u00e4asiassa voimalaitoksien teollisuuskattiloissa. Fortop600 Fortop600 on sekoitus m\u00e4nty\u00f6ljypike\u00e4 ja muita m\u00e4nty\u00f6ljytisleit\u00e4, jota voidaan k\u00e4ytt\u00e4\u00e4 v\u00e4h\u00e4rikkisen\u00e4&hellip;","og_url":"https:\/\/www.forchem.com\/fi\/tuotteet\/fortop600\/","og_site_name":"Forchem","article_modified_time":"2026-04-07T06:44:50+00:00","og_image":[{"width":1823,"height":1280,"url":"https:\/\/www.forchem.com\/wp-content\/uploads\/2019\/11\/B2A0649.jpg","type":"image\/jpeg"}],"twitter_card":"summary_large_image","schema":{"@context":"https:\/\/schema.org","@graph":[{"@type":"WebPage","@id":"https:\/\/www.forchem.com\/fi\/tuotteet\/fortop600\/","url":"https:\/\/www.forchem.com\/fi\/tuotteet\/fortop600\/","name":"Fortop600 - Forchem","isPartOf":{"@id":"https:\/\/www.forchem.com\/#website"},"primaryImageOfPage":{"@id":"https:\/\/www.forchem.com\/fi\/tuotteet\/fortop600\/#primaryimage"},"image":{"@id":"https:\/\/www.forchem.com\/fi\/tuotteet\/fortop600\/#primaryimage"},"thumbnailUrl":"https:\/\/www.forchem.com\/wp-content\/uploads\/2019\/11\/B2A0649.jpg","datePublished":"2019-09-04T07:30:48+00:00","dateModified":"2026-04-07T06:44:50+00:00","breadcrumb":{"@id":"https:\/\/www.forchem.com\/fi\/tuotteet\/fortop600\/#breadcrumb"},"inLanguage":"fi","potentialAction":[{"@type":"ReadAction","target":["https:\/\/www.forchem.com\/fi\/tuotteet\/fortop600\/"]}]},{"@type":"ImageObject","inLanguage":"fi","@id":"https:\/\/www.forchem.com\/fi\/tuotteet\/fortop600\/#primaryimage","url":"https:\/\/www.forchem.com\/wp-content\/uploads\/2019\/11\/B2A0649.jpg","contentUrl":"https:\/\/www.forchem.com\/wp-content\/uploads\/2019\/11\/B2A0649.jpg","width":1823,"height":1280},{"@type":"BreadcrumbList","@id":"https:\/\/www.forchem.com\/fi\/tuotteet\/fortop600\/#breadcrumb","itemListElement":[{"@type":"ListItem","position":1,"name":"Home","item":"https:\/\/www.forchem.com\/fi\/"},{"@type":"ListItem","position":2,"name":"Tuotteet","item":"https:\/\/www.forchem.com\/fi\/tuotteet\/"},{"@type":"ListItem","position":3,"name":"Fortop600"}]},{"@type":"WebSite","@id":"https:\/\/www.forchem.com\/#website","url":"https:\/\/www.forchem.com\/","name":"Forchem","description":"Forchem website","publisher":{"@id":"https:\/\/www.forchem.com\/#organization"},"potentialAction":[{"@type":"SearchAction","target":{"@type":"EntryPoint","urlTemplate":"https:\/\/www.forchem.com\/?s={search_term_string}"},"query-input":{"@type":"PropertyValueSpecification","valueRequired":true,"valueName":"search_term_string"}}],"inLanguage":"fi"},{"@type":"Organization","@id":"https:\/\/www.forchem.com\/#organization","name":"Forchem","url":"https:\/\/www.forchem.com\/","logo":{"@type":"ImageObject","inLanguage":"fi","@id":"https:\/\/www.forchem.com\/#\/schema\/logo\/image\/","url":"https:\/\/www.forchem.com\/wp-content\/uploads\/2019\/12\/Forchem_logo_black.png","contentUrl":"https:\/\/www.forchem.com\/wp-content\/uploads\/2019\/12\/Forchem_logo_black.png","width":1417,"height":565,"caption":"Forchem"},"image":{"@id":"https:\/\/www.forchem.com\/#\/schema\/logo\/image\/"}}]}},"_links":{"self":[{"href":"https:\/\/www.forchem.com\/fi\/wp-json\/wp\/v2\/pages\/1747","targetHints":{"allow":["GET"]}}],"collection":[{"href":"https:\/\/www.forchem.com\/fi\/wp-json\/wp\/v2\/pages"}],"about":[{"href":"https:\/\/www.forchem.com\/fi\/wp-json\/wp\/v2\/types\/page"}],"author":[{"embeddable":true,"href":"https:\/\/www.forchem.com\/fi\/wp-json\/wp\/v2\/users\/1"}],"replies":[{"embeddable":true,"href":"https:\/\/www.forchem.com\/fi\/wp-json\/wp\/v2\/comments?post=1747"}],"version-history":[{"count":9,"href":"https:\/\/www.forchem.com\/fi\/wp-json\/wp\/v2\/pages\/1747\/revisions"}],"predecessor-version":[{"id":3749,"href":"https:\/\/www.forchem.com\/fi\/wp-json\/wp\/v2\/pages\/1747\/revisions\/3749"}],"up":[{"embeddable":true,"href":"https:\/\/www.forchem.com\/fi\/wp-json\/wp\/v2\/pages\/1741"}],"wp:featuredmedia":[{"embeddable":true,"href":"https:\/\/www.forchem.com\/fi\/wp-json\/wp\/v2\/media\/1471"}],"wp:attachment":[{"href":"https:\/\/www.forchem.com\/fi\/wp-json\/wp\/v2\/media?parent=1747"}],"curies":[{"name":"wp","href":"https:\/\/api.w.org\/{rel}","templated":true}]}}