{"id":1748,"date":"2019-09-04T10:30:36","date_gmt":"2019-09-04T07:30:36","guid":{"rendered":"https:\/\/www.forchem.com\/products\/distilled-tall-oil-dto\/"},"modified":"2026-04-07T09:41:01","modified_gmt":"2026-04-07T06:41:01","slug":"tislattu-mantyoljy-dto","status":"publish","type":"page","link":"https:\/\/www.forchem.com\/fi\/tuotteet\/tislattu-mantyoljy-dto\/","title":{"rendered":"Tislattu m\u00e4nty\u00f6ljy (DTO)"},"content":{"rendered":"\n<h1>\n\t\t\tTall oil fatty acid (TOFA)\t<\/h1>\n\t<p>Forchemin tislatulla m\u00e4nty\u00f6ljyll\u00e4 (DTO) on erinomaiset ominaisuudet, joita voidaan hy\u00f6dynt\u00e4\u00e4 erilaisissa kemiallisissa reaktioissa ja sekoitetuissa tuotteissa. Tislattu m\u00e4nty\u00f6ljy on ainutlaatuinen yhdistelm\u00e4 rasva- ja hartsihappoja, joita ei l\u00f6ydy muista rasvahapoista.<\/p>\n<p>Tuotevalikoima m\u00e4\u00e4r\u00e4ytyy hartsihappopitoisuuden mukaan. Suosituin yhdistelm\u00e4 on 25-30 prosenttia, mutta viel\u00e4 hartsihappopitoisuuden ollessa jopa 40 prosenttia sit\u00e4 on mahdollista ty\u00f6st\u00e4\u00e4 k\u00e4sittely- ja varastointivaatimusten mukaisesti. Tislatun m\u00e4nty\u00f6ljyn suosio perustuu tuotantoprosessin tehokkuuteen, tasalaatuiseen raaka-aineeseen ja alan johtavaan tuotek\u00e4sittelyyn, joka varmistaa ett\u00e4 tislattu m\u00e4nty\u00f6ljy toimitetaan optimaalisessa muodossa vuoden ymp\u00e4ri.<\/p>\n\t\t\t\t<img decoding=\"async\" src=\"https:\/\/www.forchem.com\/wp-content\/uploads\/2019\/11\/B2A0608.jpg\" alt=\"_B2A0608\" itemprop=\"image\" height=\"1219\" width=\"1920\" title=\"_B2A0608\" onerror=\"this.style.display='none'\" loading=\"lazy\" \/>\n\t<h1>DTO TUOTTEEMME<\/h1>\n\t\t\t\t<img decoding=\"async\" src=\"https:\/\/www.forchem.com\/wp-content\/uploads\/2019\/09\/FOR_10.png\" alt=\"FOR_10\" itemprop=\"image\" height=\"356\" width=\"355\" title=\"FOR_10\" onerror=\"this.style.display='none'\" loading=\"lazy\" \/>\n<h2>\n\t\t\tDTO FOR10\t<\/h2>\n\t<p>M\u00e4nty\u00f6ljytisle, jonka hartsihappopitoisuus on 10 prosenttia. Tuotteella on erityinen rasvahappo- ja hartsihappoyhdistelm\u00e4, joka on johdettu pohjoisesta m\u00e4nnyst\u00e4. FOR10 on erinomainen raaka-aine useissa eri muodoissa, sit\u00e4 voidaan esimerkiksi k\u00e4ytt\u00e4\u00e4 metallinty\u00f6st\u00f6nesteiss\u00e4, \u00f6ljykentt\u00e4kemikaaleissa, saippuoissa, puhdistusaineissa ja alkydihartseissa.<\/p>\n\t\t\t<a href=\"https:\/\/www.forchem.com\/wp-content\/uploads\/2026\/04\/FOR10-datasheet-004.pdf\" title=\"Click Here\" target=\"_blank\" rel=\"noopener\"  role=\"button\" aria-label=\"FORCHEMIN TUOTEKORTTI FOR10 (PDF)\">\n\t\t\t\t\t\t\tFORCHEMIN TUOTEKORTTI FOR10 (PDF)\n\t\t<\/a>\n<h2>\n\t\t\tDto for15\t<\/h2>\n\t<p>M\u00e4nty\u00f6ljytisle, jolla on erityinen rasva- ja hartsihappoyhdistelm\u00e4ll\u00e4. FOR15 on erinomainen raaka-aine useissa eri tuotteissa ja sit\u00e4 voidaan k\u00e4ytt\u00e4\u00e4 esimerkiksi metallinty\u00f6st\u00f6nesteiss\u00e4, \u00f6ljykentt\u00e4kemikaaleissa, saippuoissa, puhdistusaineissa ja alkydihartseissa.<\/p>\n\t\t\t<a href=\"https:\/\/www.forchem.com\/wp-content\/uploads\/2026\/04\/FOR15-datasheet-004.pdf\" title=\"Click Here\" target=\"_blank\" rel=\"noopener\"  role=\"button\" aria-label=\"FORCHEMIN TUOTEKORTTI FOR15 (PDF)\">\n\t\t\t\t\t\t\tFORCHEMIN TUOTEKORTTI FOR15 (PDF)\n\t\t<\/a>\n\t\t\t\t<img decoding=\"async\" src=\"https:\/\/www.forchem.com\/wp-content\/uploads\/2019\/09\/FOR_15.png\" alt=\"FOR_15\" itemprop=\"image\" height=\"355\" width=\"355\" title=\"FOR_15\" onerror=\"this.style.display='none'\" loading=\"lazy\" \/>\n\t\t\t\t<img decoding=\"async\" src=\"https:\/\/www.forchem.com\/wp-content\/uploads\/2019\/09\/FOR_20.png\" alt=\"FOR_20\" itemprop=\"image\" height=\"355\" width=\"355\" title=\"FOR_20\" onerror=\"this.style.display='none'\" loading=\"lazy\" \/>\n<h2>\n\t\t\tDto for20\t<\/h2>\n\t<p>FOR20 on m\u00e4nty\u00f6ljytisle, jonka hartsihappopitoisuus on 20 prosenttia. Siin\u00e4 on erityinen rasva- ja hartsihappoyhdistelm\u00e4, jotka on johdettu pohjoisesta m\u00e4nnyst\u00e4.<\/p>\n<p>FOR20 on erinomainen raaka-aine erilaisissa k\u00e4ytt\u00f6tarkoituksissa. Sit\u00e4 voidaan k\u00e4ytt\u00e4\u00e4 esimerkiksi metallinty\u00f6st\u00f6nesteiss\u00e4, \u00f6ljykentt\u00e4kemikaaleissa, saippuoissa, puhdistusaineissa ja alkydihartseissa.<\/p>\n\t\t\t<a href=\"https:\/\/www.forchem.com\/wp-content\/uploads\/2026\/04\/FOR20-datasheet-004.pdf\" title=\"Click Here\" target=\"_blank\" rel=\"noopener\"  role=\"button\" aria-label=\"FORCHEMIN TUOTEKORTTI FOR20 (PDF)\">\n\t\t\t\t\t\t\tFORCHEMIN TUOTEKORTTI FOR20 (PDF)\n\t\t<\/a>\n<h2>\n\t\t\tDTO FOR20\/25 \t<\/h2>\n\t<p>FOR20\/25 on m\u00e4nty\u00f6ljytisle, jossa on erityinen rasvahappo- ja hartsihappoyhdistelm\u00e4.<\/p>\n<p>FOR20\/25 on erinomainen raaka-aine, jota voidaan k\u00e4ytt\u00e4\u00e4 metallinty\u00f6st\u00f6nesteiss\u00e4, \u00f6ljykentt\u00e4kemikaaleissa, saippuoissa, puhdistusaineissa ja alkydihartseissa.<\/p>\n\t\t\t<a href=\"https:\/\/www.forchem.com\/wp-content\/uploads\/2026\/04\/FOR2025-datasheet-004.pdf\" title=\"Click Here\" target=\"_blank\" rel=\"noopener\"  role=\"button\" aria-label=\"FORCHEMIN TUOTEKORTTI FOR20\/25 (PDF)\">\n\t\t\t\t\t\t\tFORCHEMIN TUOTEKORTTI FOR20\/25 (PDF)\n\t\t<\/a>\n\t\t\t\t<img decoding=\"async\" src=\"https:\/\/www.forchem.com\/wp-content\/uploads\/2019\/09\/FOR_20-25-1.png\" alt=\"FOR_20-25\" itemprop=\"image\" height=\"355\" width=\"355\" title=\"FOR_20-25\" onerror=\"this.style.display='none'\" loading=\"lazy\" \/>\n\t\t\t\t<img decoding=\"async\" src=\"https:\/\/www.forchem.com\/wp-content\/uploads\/2019\/09\/FOR_25-30.png\" alt=\"FOR_25-30\" itemprop=\"image\" height=\"355\" width=\"355\" title=\"FOR_25-30\" onerror=\"this.style.display='none'\" loading=\"lazy\" \/>\n<h2>\n\t\t\tDto for25\/30\t<\/h2>\n\t<p>FOR25\/30 on m\u00e4nty\u00f6ljytisle, jossa on erityinen rasvahappo- ja hartsihappoyhdistelm\u00e4.<\/p>\n<p>FOR25\/30 on erinomainen raaka-aine, jota voidaan k\u00e4ytt\u00e4\u00e4 esimerkiksi metallinty\u00f6st\u00f6nesteiss\u00e4, \u00f6ljykentt\u00e4kemikaaleissa, saippuoissa, puhdistusaineissa ja alkydihartseissa.<\/p>\n\t\t\t<a href=\"https:\/\/www.forchem.com\/wp-content\/uploads\/2026\/04\/FOR2530-datasheet-007.pdf\" title=\"Click Here\" target=\"_blank\" rel=\"noopener\"  role=\"button\" aria-label=\"FORCHEMIN TUOTEKORTTI FOR25\/30 (PDF)\">\n\t\t\t\t\t\t\tFORCHEMIN TUOTEKORTTI FOR25\/30 (PDF)\n\t\t<\/a>\n<h2>\n\t\t\tDTO FOR30\/40\t<\/h2>\n\t<p>FOR30\/40 on m\u00e4nty\u00f6ljytisle, jossa on erityinen rasvahappojen ja hartsihappojen yhdistelm\u00e4 pohjoisen m\u00e4nnyst\u00e4.<\/p>\n<p>FOR30\/40 on erinomainen raaka-aine useissa eri k\u00e4ytt\u00f6tarkoituksissa. Sit\u00e4 voidaan k\u00e4ytt\u00e4\u00e4 esimerkiksi metallinty\u00f6st\u00f6nesteiss\u00e4, \u00f6ljykentt\u00e4kemikaaleissa, saippuoissa, puhdistusaineissa ja alkydihartseissa.<\/p>\n\t\t\t<a href=\"https:\/\/www.forchem.com\/wp-content\/uploads\/2026\/04\/FOR3040-datasheet-005.pdf\" title=\"Click Here\" target=\"_blank\" rel=\"noopener\"  role=\"button\" aria-label=\"FORCHEMIN TUOTEKORTTI FOR30\/40 (PDF)\">\n\t\t\t\t\t\t\tFORCHEMIN TUOTEKORTTI FOR30\/40 (PDF)\n\t\t<\/a>\n\n","protected":false},"excerpt":{"rendered":"<p>Tall oil fatty acid (TOFA) Forchemin tislatulla m\u00e4nty\u00f6ljyll\u00e4 (DTO) on erinomaiset ominaisuudet, joita voidaan hy\u00f6dynt\u00e4\u00e4 erilaisissa kemiallisissa reaktioissa ja sekoitetuissa tuotteissa. Tislattu m\u00e4nty\u00f6ljy on ainutlaatuinen yhdistelm\u00e4 rasva- ja hartsihappoja, joita ei l\u00f6ydy muista rasvahapoista. Tuotevalikoima m\u00e4\u00e4r\u00e4ytyy hartsihappopitoisuuden mukaan. Suosituin yhdistelm\u00e4 on 25-30 prosenttia, mutta viel\u00e4 hartsihappopitoisuuden ollessa jopa 40 prosenttia sit\u00e4 on mahdollista ty\u00f6st\u00e4\u00e4 k\u00e4sittely-&hellip;<\/p>\n","protected":false},"author":1,"featured_media":1471,"parent":1741,"menu_order":0,"comment_status":"closed","ping_status":"closed","template":"","meta":{"_acf_changed":false,"footnotes":""},"class_list":["post-1748","page","type-page","status-publish","has-post-thumbnail","hentry"],"acf":[],"yoast_head":"<!-- This site is optimized with the Yoast SEO plugin v26.7 - https:\/\/yoast.com\/wordpress\/plugins\/seo\/ -->\n<title>Tislattu m\u00e4nty\u00f6ljy (DTO) - Forchem<\/title>\n<meta name=\"robots\" content=\"index, follow, max-snippet:-1, max-image-preview:large, max-video-preview:-1\" \/>\n<link rel=\"canonical\" href=\"https:\/\/www.forchem.com\/fi\/tuotteet\/tislattu-mantyoljy-dto\/\" \/>\n<meta property=\"og:locale\" content=\"fi_FI\" \/>\n<meta property=\"og:type\" content=\"article\" \/>\n<meta property=\"og:title\" content=\"Tislattu m\u00e4nty\u00f6ljy (DTO) - Forchem\" \/>\n<meta property=\"og:description\" content=\"Tall oil fatty acid (TOFA) Forchemin tislatulla m\u00e4nty\u00f6ljyll\u00e4 (DTO) on erinomaiset ominaisuudet, joita voidaan hy\u00f6dynt\u00e4\u00e4 erilaisissa kemiallisissa reaktioissa ja sekoitetuissa tuotteissa. Tislattu m\u00e4nty\u00f6ljy on ainutlaatuinen yhdistelm\u00e4 rasva- ja hartsihappoja, joita ei l\u00f6ydy muista rasvahapoista. Tuotevalikoima m\u00e4\u00e4r\u00e4ytyy hartsihappopitoisuuden mukaan. Suosituin yhdistelm\u00e4 on 25-30 prosenttia, mutta viel\u00e4 hartsihappopitoisuuden ollessa jopa 40 prosenttia sit\u00e4 on mahdollista ty\u00f6st\u00e4\u00e4 k\u00e4sittely-&hellip;\" \/>\n<meta property=\"og:url\" content=\"https:\/\/www.forchem.com\/fi\/tuotteet\/tislattu-mantyoljy-dto\/\" \/>\n<meta property=\"og:site_name\" content=\"Forchem\" \/>\n<meta property=\"article:modified_time\" content=\"2026-04-07T06:41:01+00:00\" \/>\n<meta property=\"og:image\" content=\"https:\/\/www.forchem.com\/wp-content\/uploads\/2019\/11\/B2A0649.jpg\" \/>\n\t<meta property=\"og:image:width\" content=\"1823\" \/>\n\t<meta property=\"og:image:height\" content=\"1280\" \/>\n\t<meta property=\"og:image:type\" content=\"image\/jpeg\" \/>\n<meta name=\"twitter:card\" content=\"summary_large_image\" \/>\n<meta name=\"twitter:label1\" content=\"Arvioitu lukuaika\" \/>\n\t<meta name=\"twitter:data1\" content=\"3 minuuttia\" \/>\n<script type=\"application\/ld+json\" class=\"yoast-schema-graph\">{\"@context\":\"https:\/\/schema.org\",\"@graph\":[{\"@type\":\"WebPage\",\"@id\":\"https:\/\/www.forchem.com\/fi\/tuotteet\/tislattu-mantyoljy-dto\/\",\"url\":\"https:\/\/www.forchem.com\/fi\/tuotteet\/tislattu-mantyoljy-dto\/\",\"name\":\"Tislattu m\u00e4nty\u00f6ljy (DTO) - Forchem\",\"isPartOf\":{\"@id\":\"https:\/\/www.forchem.com\/#website\"},\"primaryImageOfPage\":{\"@id\":\"https:\/\/www.forchem.com\/fi\/tuotteet\/tislattu-mantyoljy-dto\/#primaryimage\"},\"image\":{\"@id\":\"https:\/\/www.forchem.com\/fi\/tuotteet\/tislattu-mantyoljy-dto\/#primaryimage\"},\"thumbnailUrl\":\"https:\/\/www.forchem.com\/wp-content\/uploads\/2019\/11\/B2A0649.jpg\",\"datePublished\":\"2019-09-04T07:30:36+00:00\",\"dateModified\":\"2026-04-07T06:41:01+00:00\",\"breadcrumb\":{\"@id\":\"https:\/\/www.forchem.com\/fi\/tuotteet\/tislattu-mantyoljy-dto\/#breadcrumb\"},\"inLanguage\":\"fi\",\"potentialAction\":[{\"@type\":\"ReadAction\",\"target\":[\"https:\/\/www.forchem.com\/fi\/tuotteet\/tislattu-mantyoljy-dto\/\"]}]},{\"@type\":\"ImageObject\",\"inLanguage\":\"fi\",\"@id\":\"https:\/\/www.forchem.com\/fi\/tuotteet\/tislattu-mantyoljy-dto\/#primaryimage\",\"url\":\"https:\/\/www.forchem.com\/wp-content\/uploads\/2019\/11\/B2A0649.jpg\",\"contentUrl\":\"https:\/\/www.forchem.com\/wp-content\/uploads\/2019\/11\/B2A0649.jpg\",\"width\":1823,\"height\":1280},{\"@type\":\"BreadcrumbList\",\"@id\":\"https:\/\/www.forchem.com\/fi\/tuotteet\/tislattu-mantyoljy-dto\/#breadcrumb\",\"itemListElement\":[{\"@type\":\"ListItem\",\"position\":1,\"name\":\"Home\",\"item\":\"https:\/\/www.forchem.com\/fi\/\"},{\"@type\":\"ListItem\",\"position\":2,\"name\":\"Tuotteet\",\"item\":\"https:\/\/www.forchem.com\/fi\/tuotteet\/\"},{\"@type\":\"ListItem\",\"position\":3,\"name\":\"Tislattu m\u00e4nty\u00f6ljy (DTO)\"}]},{\"@type\":\"WebSite\",\"@id\":\"https:\/\/www.forchem.com\/#website\",\"url\":\"https:\/\/www.forchem.com\/\",\"name\":\"Forchem\",\"description\":\"Forchem website\",\"publisher\":{\"@id\":\"https:\/\/www.forchem.com\/#organization\"},\"potentialAction\":[{\"@type\":\"SearchAction\",\"target\":{\"@type\":\"EntryPoint\",\"urlTemplate\":\"https:\/\/www.forchem.com\/?s={search_term_string}\"},\"query-input\":{\"@type\":\"PropertyValueSpecification\",\"valueRequired\":true,\"valueName\":\"search_term_string\"}}],\"inLanguage\":\"fi\"},{\"@type\":\"Organization\",\"@id\":\"https:\/\/www.forchem.com\/#organization\",\"name\":\"Forchem\",\"url\":\"https:\/\/www.forchem.com\/\",\"logo\":{\"@type\":\"ImageObject\",\"inLanguage\":\"fi\",\"@id\":\"https:\/\/www.forchem.com\/#\/schema\/logo\/image\/\",\"url\":\"https:\/\/www.forchem.com\/wp-content\/uploads\/2019\/12\/Forchem_logo_black.png\",\"contentUrl\":\"https:\/\/www.forchem.com\/wp-content\/uploads\/2019\/12\/Forchem_logo_black.png\",\"width\":1417,\"height\":565,\"caption\":\"Forchem\"},\"image\":{\"@id\":\"https:\/\/www.forchem.com\/#\/schema\/logo\/image\/\"}}]}<\/script>\n<!-- \/ Yoast SEO plugin. -->","yoast_head_json":{"title":"Tislattu m\u00e4nty\u00f6ljy (DTO) - Forchem","robots":{"index":"index","follow":"follow","max-snippet":"max-snippet:-1","max-image-preview":"max-image-preview:large","max-video-preview":"max-video-preview:-1"},"canonical":"https:\/\/www.forchem.com\/fi\/tuotteet\/tislattu-mantyoljy-dto\/","og_locale":"fi_FI","og_type":"article","og_title":"Tislattu m\u00e4nty\u00f6ljy (DTO) - Forchem","og_description":"Tall oil fatty acid (TOFA) Forchemin tislatulla m\u00e4nty\u00f6ljyll\u00e4 (DTO) on erinomaiset ominaisuudet, joita voidaan hy\u00f6dynt\u00e4\u00e4 erilaisissa kemiallisissa reaktioissa ja sekoitetuissa tuotteissa. Tislattu m\u00e4nty\u00f6ljy on ainutlaatuinen yhdistelm\u00e4 rasva- ja hartsihappoja, joita ei l\u00f6ydy muista rasvahapoista. Tuotevalikoima m\u00e4\u00e4r\u00e4ytyy hartsihappopitoisuuden mukaan. Suosituin yhdistelm\u00e4 on 25-30 prosenttia, mutta viel\u00e4 hartsihappopitoisuuden ollessa jopa 40 prosenttia sit\u00e4 on mahdollista ty\u00f6st\u00e4\u00e4 k\u00e4sittely-&hellip;","og_url":"https:\/\/www.forchem.com\/fi\/tuotteet\/tislattu-mantyoljy-dto\/","og_site_name":"Forchem","article_modified_time":"2026-04-07T06:41:01+00:00","og_image":[{"width":1823,"height":1280,"url":"https:\/\/www.forchem.com\/wp-content\/uploads\/2019\/11\/B2A0649.jpg","type":"image\/jpeg"}],"twitter_card":"summary_large_image","twitter_misc":{"Arvioitu lukuaika":"3 minuuttia"},"schema":{"@context":"https:\/\/schema.org","@graph":[{"@type":"WebPage","@id":"https:\/\/www.forchem.com\/fi\/tuotteet\/tislattu-mantyoljy-dto\/","url":"https:\/\/www.forchem.com\/fi\/tuotteet\/tislattu-mantyoljy-dto\/","name":"Tislattu m\u00e4nty\u00f6ljy (DTO) - Forchem","isPartOf":{"@id":"https:\/\/www.forchem.com\/#website"},"primaryImageOfPage":{"@id":"https:\/\/www.forchem.com\/fi\/tuotteet\/tislattu-mantyoljy-dto\/#primaryimage"},"image":{"@id":"https:\/\/www.forchem.com\/fi\/tuotteet\/tislattu-mantyoljy-dto\/#primaryimage"},"thumbnailUrl":"https:\/\/www.forchem.com\/wp-content\/uploads\/2019\/11\/B2A0649.jpg","datePublished":"2019-09-04T07:30:36+00:00","dateModified":"2026-04-07T06:41:01+00:00","breadcrumb":{"@id":"https:\/\/www.forchem.com\/fi\/tuotteet\/tislattu-mantyoljy-dto\/#breadcrumb"},"inLanguage":"fi","potentialAction":[{"@type":"ReadAction","target":["https:\/\/www.forchem.com\/fi\/tuotteet\/tislattu-mantyoljy-dto\/"]}]},{"@type":"ImageObject","inLanguage":"fi","@id":"https:\/\/www.forchem.com\/fi\/tuotteet\/tislattu-mantyoljy-dto\/#primaryimage","url":"https:\/\/www.forchem.com\/wp-content\/uploads\/2019\/11\/B2A0649.jpg","contentUrl":"https:\/\/www.forchem.com\/wp-content\/uploads\/2019\/11\/B2A0649.jpg","width":1823,"height":1280},{"@type":"BreadcrumbList","@id":"https:\/\/www.forchem.com\/fi\/tuotteet\/tislattu-mantyoljy-dto\/#breadcrumb","itemListElement":[{"@type":"ListItem","position":1,"name":"Home","item":"https:\/\/www.forchem.com\/fi\/"},{"@type":"ListItem","position":2,"name":"Tuotteet","item":"https:\/\/www.forchem.com\/fi\/tuotteet\/"},{"@type":"ListItem","position":3,"name":"Tislattu m\u00e4nty\u00f6ljy (DTO)"}]},{"@type":"WebSite","@id":"https:\/\/www.forchem.com\/#website","url":"https:\/\/www.forchem.com\/","name":"Forchem","description":"Forchem website","publisher":{"@id":"https:\/\/www.forchem.com\/#organization"},"potentialAction":[{"@type":"SearchAction","target":{"@type":"EntryPoint","urlTemplate":"https:\/\/www.forchem.com\/?s={search_term_string}"},"query-input":{"@type":"PropertyValueSpecification","valueRequired":true,"valueName":"search_term_string"}}],"inLanguage":"fi"},{"@type":"Organization","@id":"https:\/\/www.forchem.com\/#organization","name":"Forchem","url":"https:\/\/www.forchem.com\/","logo":{"@type":"ImageObject","inLanguage":"fi","@id":"https:\/\/www.forchem.com\/#\/schema\/logo\/image\/","url":"https:\/\/www.forchem.com\/wp-content\/uploads\/2019\/12\/Forchem_logo_black.png","contentUrl":"https:\/\/www.forchem.com\/wp-content\/uploads\/2019\/12\/Forchem_logo_black.png","width":1417,"height":565,"caption":"Forchem"},"image":{"@id":"https:\/\/www.forchem.com\/#\/schema\/logo\/image\/"}}]}},"_links":{"self":[{"href":"https:\/\/www.forchem.com\/fi\/wp-json\/wp\/v2\/pages\/1748","targetHints":{"allow":["GET"]}}],"collection":[{"href":"https:\/\/www.forchem.com\/fi\/wp-json\/wp\/v2\/pages"}],"about":[{"href":"https:\/\/www.forchem.com\/fi\/wp-json\/wp\/v2\/types\/page"}],"author":[{"embeddable":true,"href":"https:\/\/www.forchem.com\/fi\/wp-json\/wp\/v2\/users\/1"}],"replies":[{"embeddable":true,"href":"https:\/\/www.forchem.com\/fi\/wp-json\/wp\/v2\/comments?post=1748"}],"version-history":[{"count":11,"href":"https:\/\/www.forchem.com\/fi\/wp-json\/wp\/v2\/pages\/1748\/revisions"}],"predecessor-version":[{"id":3741,"href":"https:\/\/www.forchem.com\/fi\/wp-json\/wp\/v2\/pages\/1748\/revisions\/3741"}],"up":[{"embeddable":true,"href":"https:\/\/www.forchem.com\/fi\/wp-json\/wp\/v2\/pages\/1741"}],"wp:featuredmedia":[{"embeddable":true,"href":"https:\/\/www.forchem.com\/fi\/wp-json\/wp\/v2\/media\/1471"}],"wp:attachment":[{"href":"https:\/\/www.forchem.com\/fi\/wp-json\/wp\/v2\/media?parent=1748"}],"curies":[{"name":"wp","href":"https:\/\/api.w.org\/{rel}","templated":true}]}}