{"id":1749,"date":"2019-09-04T10:30:19","date_gmt":"2019-09-04T07:30:19","guid":{"rendered":"https:\/\/www.forchem.com\/products\/tall-oil-rosin-tor\/"},"modified":"2026-04-07T09:43:10","modified_gmt":"2026-04-07T06:43:10","slug":"mantyoljyhartsi-tor","status":"publish","type":"page","link":"https:\/\/www.forchem.com\/fi\/tuotteet\/mantyoljyhartsi-tor\/","title":{"rendered":"M\u00e4nty\u00f6ljyhartsi (TOR)"},"content":{"rendered":"\n<h1>\n\t\t\tTall oil fatty acid (TOFA)\t<\/h1>\n\t<p>Forchemin Tall Oil Rosin (TOR) on resiinihapposekoite, joka on jalostettu m\u00e4nty\u00f6ljyst\u00e4. TOR-tuotteet ovat muokkaamattomia ja niiss\u00e4 on vaihteleva m\u00e4\u00e4r\u00e4 abioottisia hartsihappoja, joilla taataan kustannustehokas ja mukautuva alusta monille lopputuotteille ja asiakaskohtaisiin prosesseihin.<\/p>\n<p>TOR tarjoaa asiakkaille merkitt\u00e4vi\u00e4 ymp\u00e4rist\u00f6- ja kustannusetuja verrattavissa oleviin tuotteisiin, kuten kumihartsiin ja fossiilisiin raaka-aineisiin. N\u00e4it\u00e4 tuotteita voidaan k\u00e4ytt\u00e4\u00e4 raaka-aineena muun muassa musteissa, liimoissa, paperissa ja tienvalmistuksessa.<\/p>\n\t\t\t\t<img decoding=\"async\" src=\"https:\/\/www.forchem.com\/wp-content\/uploads\/2019\/11\/B2A0767.jpg\" alt=\"_B2A0767\" itemprop=\"image\" height=\"1280\" width=\"1920\" title=\"_B2A0767\" onerror=\"this.style.display='none'\" loading=\"lazy\" \/>\n\t<h1>TOR TUOTTEEMME<\/h1>\n\t\t\t\t<img decoding=\"async\" src=\"https:\/\/www.forchem.com\/wp-content\/uploads\/2019\/09\/FOR_85.png\" alt=\"FOR_85\" itemprop=\"image\" height=\"355\" width=\"355\" title=\"FOR_85\" onerror=\"this.style.display='none'\" loading=\"lazy\" \/>\n<h2>\n\t\t\tToR for85\t<\/h2>\n\t<p>Muokkaamaton resiinihapposekoite, jossa on oikea pitoisuus abioottisia hartsihappoja. T\u00e4m\u00e4 on erinomainen perushartsi, joka voidaan p\u00e4ivitt\u00e4\u00e4 erilaisiin lopputuotteisiin, kuten paperiin, painov\u00e4rin sideaineisiin, kumin tuotantoon ja liimahartseihin.<\/p>\n\t\t\t<a href=\"https:\/\/www.forchem.com\/wp-content\/uploads\/2026\/04\/FOR85-datasheet-011.pdf\" title=\"Click Here\" target=\"_blank\" rel=\"noopener\"  role=\"button\" aria-label=\"FORCHEMIN TUOTEKORTTI FOR85 (PDF)\">\n\t\t\t\t\t\t\tFORCHEMIN TUOTEKORTTI FOR85 (PDF)\n\t\t<\/a>\n<h2>\n\t\t\tTor for90\t<\/h2>\n\t<p>Sis\u00e4lt\u00e4en runsaasti abioottisia hartsihappoja, FOR90 on muokkaamaton m\u00e4nty\u00f6ljyhartsi, joka soveltuu erilaisiin lopputuotteisiin, kuten painomusteen sideaineisiin ja liimahartseihin.<\/p>\n\t\t\t<a href=\"https:\/\/www.forchem.com\/wp-content\/uploads\/2026\/04\/FOR90-datasheet-011.pdf\" title=\"Click Here\" target=\"_blank\" rel=\"noopener\"  role=\"button\" aria-label=\"FORCHEMIN TUOTEKORTTI FOR90 (PDF)\">\n\t\t\t\t\t\t\tFORCHEMIN TUOTEKORTTI FOR90 (PDF)\n\t\t<\/a>\n\t\t\t\t<img decoding=\"async\" src=\"https:\/\/www.forchem.com\/wp-content\/uploads\/2019\/09\/FOR_90.png\" alt=\"FOR_90\" itemprop=\"image\" height=\"355\" width=\"355\" title=\"FOR_90\" onerror=\"this.style.display='none'\" loading=\"lazy\" \/>\n\n","protected":false},"excerpt":{"rendered":"<p>Tall oil fatty acid (TOFA) Forchemin Tall Oil Rosin (TOR) on resiinihapposekoite, joka on jalostettu m\u00e4nty\u00f6ljyst\u00e4. TOR-tuotteet ovat muokkaamattomia ja niiss\u00e4 on vaihteleva m\u00e4\u00e4r\u00e4 abioottisia hartsihappoja, joilla taataan kustannustehokas ja mukautuva alusta monille lopputuotteille ja asiakaskohtaisiin prosesseihin. TOR tarjoaa asiakkaille merkitt\u00e4vi\u00e4 ymp\u00e4rist\u00f6- ja kustannusetuja verrattavissa oleviin tuotteisiin, kuten kumihartsiin ja fossiilisiin raaka-aineisiin. N\u00e4it\u00e4 tuotteita voidaan&hellip;<\/p>\n","protected":false},"author":1,"featured_media":1471,"parent":1741,"menu_order":0,"comment_status":"closed","ping_status":"closed","template":"","meta":{"_acf_changed":false,"footnotes":""},"class_list":["post-1749","page","type-page","status-publish","has-post-thumbnail","hentry"],"acf":[],"yoast_head":"<!-- This site is optimized with the Yoast SEO plugin v26.7 - https:\/\/yoast.com\/wordpress\/plugins\/seo\/ -->\n<title>M\u00e4nty\u00f6ljyhartsi (TOR) - Forchem<\/title>\n<meta name=\"robots\" content=\"index, follow, max-snippet:-1, max-image-preview:large, max-video-preview:-1\" \/>\n<link rel=\"canonical\" href=\"https:\/\/www.forchem.com\/fi\/tuotteet\/mantyoljyhartsi-tor\/\" \/>\n<meta property=\"og:locale\" content=\"fi_FI\" \/>\n<meta property=\"og:type\" content=\"article\" \/>\n<meta property=\"og:title\" content=\"M\u00e4nty\u00f6ljyhartsi (TOR) - Forchem\" \/>\n<meta property=\"og:description\" content=\"Tall oil fatty acid (TOFA) Forchemin Tall Oil Rosin (TOR) on resiinihapposekoite, joka on jalostettu m\u00e4nty\u00f6ljyst\u00e4. TOR-tuotteet ovat muokkaamattomia ja niiss\u00e4 on vaihteleva m\u00e4\u00e4r\u00e4 abioottisia hartsihappoja, joilla taataan kustannustehokas ja mukautuva alusta monille lopputuotteille ja asiakaskohtaisiin prosesseihin. TOR tarjoaa asiakkaille merkitt\u00e4vi\u00e4 ymp\u00e4rist\u00f6- ja kustannusetuja verrattavissa oleviin tuotteisiin, kuten kumihartsiin ja fossiilisiin raaka-aineisiin. N\u00e4it\u00e4 tuotteita voidaan&hellip;\" \/>\n<meta property=\"og:url\" content=\"https:\/\/www.forchem.com\/fi\/tuotteet\/mantyoljyhartsi-tor\/\" \/>\n<meta property=\"og:site_name\" content=\"Forchem\" \/>\n<meta property=\"article:modified_time\" content=\"2026-04-07T06:43:10+00:00\" \/>\n<meta property=\"og:image\" content=\"https:\/\/www.forchem.com\/wp-content\/uploads\/2019\/11\/B2A0649.jpg\" \/>\n\t<meta property=\"og:image:width\" content=\"1823\" \/>\n\t<meta property=\"og:image:height\" content=\"1280\" \/>\n\t<meta property=\"og:image:type\" content=\"image\/jpeg\" \/>\n<meta name=\"twitter:card\" content=\"summary_large_image\" \/>\n<meta name=\"twitter:label1\" content=\"Arvioitu lukuaika\" \/>\n\t<meta name=\"twitter:data1\" content=\"1 minuutti\" \/>\n<script type=\"application\/ld+json\" class=\"yoast-schema-graph\">{\"@context\":\"https:\/\/schema.org\",\"@graph\":[{\"@type\":\"WebPage\",\"@id\":\"https:\/\/www.forchem.com\/fi\/tuotteet\/mantyoljyhartsi-tor\/\",\"url\":\"https:\/\/www.forchem.com\/fi\/tuotteet\/mantyoljyhartsi-tor\/\",\"name\":\"M\u00e4nty\u00f6ljyhartsi (TOR) - Forchem\",\"isPartOf\":{\"@id\":\"https:\/\/www.forchem.com\/#website\"},\"primaryImageOfPage\":{\"@id\":\"https:\/\/www.forchem.com\/fi\/tuotteet\/mantyoljyhartsi-tor\/#primaryimage\"},\"image\":{\"@id\":\"https:\/\/www.forchem.com\/fi\/tuotteet\/mantyoljyhartsi-tor\/#primaryimage\"},\"thumbnailUrl\":\"https:\/\/www.forchem.com\/wp-content\/uploads\/2019\/11\/B2A0649.jpg\",\"datePublished\":\"2019-09-04T07:30:19+00:00\",\"dateModified\":\"2026-04-07T06:43:10+00:00\",\"breadcrumb\":{\"@id\":\"https:\/\/www.forchem.com\/fi\/tuotteet\/mantyoljyhartsi-tor\/#breadcrumb\"},\"inLanguage\":\"fi\",\"potentialAction\":[{\"@type\":\"ReadAction\",\"target\":[\"https:\/\/www.forchem.com\/fi\/tuotteet\/mantyoljyhartsi-tor\/\"]}]},{\"@type\":\"ImageObject\",\"inLanguage\":\"fi\",\"@id\":\"https:\/\/www.forchem.com\/fi\/tuotteet\/mantyoljyhartsi-tor\/#primaryimage\",\"url\":\"https:\/\/www.forchem.com\/wp-content\/uploads\/2019\/11\/B2A0649.jpg\",\"contentUrl\":\"https:\/\/www.forchem.com\/wp-content\/uploads\/2019\/11\/B2A0649.jpg\",\"width\":1823,\"height\":1280},{\"@type\":\"BreadcrumbList\",\"@id\":\"https:\/\/www.forchem.com\/fi\/tuotteet\/mantyoljyhartsi-tor\/#breadcrumb\",\"itemListElement\":[{\"@type\":\"ListItem\",\"position\":1,\"name\":\"Home\",\"item\":\"https:\/\/www.forchem.com\/fi\/\"},{\"@type\":\"ListItem\",\"position\":2,\"name\":\"Tuotteet\",\"item\":\"https:\/\/www.forchem.com\/fi\/tuotteet\/\"},{\"@type\":\"ListItem\",\"position\":3,\"name\":\"M\u00e4nty\u00f6ljyhartsi (TOR)\"}]},{\"@type\":\"WebSite\",\"@id\":\"https:\/\/www.forchem.com\/#website\",\"url\":\"https:\/\/www.forchem.com\/\",\"name\":\"Forchem\",\"description\":\"Forchem website\",\"publisher\":{\"@id\":\"https:\/\/www.forchem.com\/#organization\"},\"potentialAction\":[{\"@type\":\"SearchAction\",\"target\":{\"@type\":\"EntryPoint\",\"urlTemplate\":\"https:\/\/www.forchem.com\/?s={search_term_string}\"},\"query-input\":{\"@type\":\"PropertyValueSpecification\",\"valueRequired\":true,\"valueName\":\"search_term_string\"}}],\"inLanguage\":\"fi\"},{\"@type\":\"Organization\",\"@id\":\"https:\/\/www.forchem.com\/#organization\",\"name\":\"Forchem\",\"url\":\"https:\/\/www.forchem.com\/\",\"logo\":{\"@type\":\"ImageObject\",\"inLanguage\":\"fi\",\"@id\":\"https:\/\/www.forchem.com\/#\/schema\/logo\/image\/\",\"url\":\"https:\/\/www.forchem.com\/wp-content\/uploads\/2019\/12\/Forchem_logo_black.png\",\"contentUrl\":\"https:\/\/www.forchem.com\/wp-content\/uploads\/2019\/12\/Forchem_logo_black.png\",\"width\":1417,\"height\":565,\"caption\":\"Forchem\"},\"image\":{\"@id\":\"https:\/\/www.forchem.com\/#\/schema\/logo\/image\/\"}}]}<\/script>\n<!-- \/ Yoast SEO plugin. -->","yoast_head_json":{"title":"M\u00e4nty\u00f6ljyhartsi (TOR) - Forchem","robots":{"index":"index","follow":"follow","max-snippet":"max-snippet:-1","max-image-preview":"max-image-preview:large","max-video-preview":"max-video-preview:-1"},"canonical":"https:\/\/www.forchem.com\/fi\/tuotteet\/mantyoljyhartsi-tor\/","og_locale":"fi_FI","og_type":"article","og_title":"M\u00e4nty\u00f6ljyhartsi (TOR) - Forchem","og_description":"Tall oil fatty acid (TOFA) Forchemin Tall Oil Rosin (TOR) on resiinihapposekoite, joka on jalostettu m\u00e4nty\u00f6ljyst\u00e4. TOR-tuotteet ovat muokkaamattomia ja niiss\u00e4 on vaihteleva m\u00e4\u00e4r\u00e4 abioottisia hartsihappoja, joilla taataan kustannustehokas ja mukautuva alusta monille lopputuotteille ja asiakaskohtaisiin prosesseihin. TOR tarjoaa asiakkaille merkitt\u00e4vi\u00e4 ymp\u00e4rist\u00f6- ja kustannusetuja verrattavissa oleviin tuotteisiin, kuten kumihartsiin ja fossiilisiin raaka-aineisiin. N\u00e4it\u00e4 tuotteita voidaan&hellip;","og_url":"https:\/\/www.forchem.com\/fi\/tuotteet\/mantyoljyhartsi-tor\/","og_site_name":"Forchem","article_modified_time":"2026-04-07T06:43:10+00:00","og_image":[{"width":1823,"height":1280,"url":"https:\/\/www.forchem.com\/wp-content\/uploads\/2019\/11\/B2A0649.jpg","type":"image\/jpeg"}],"twitter_card":"summary_large_image","twitter_misc":{"Arvioitu lukuaika":"1 minuutti"},"schema":{"@context":"https:\/\/schema.org","@graph":[{"@type":"WebPage","@id":"https:\/\/www.forchem.com\/fi\/tuotteet\/mantyoljyhartsi-tor\/","url":"https:\/\/www.forchem.com\/fi\/tuotteet\/mantyoljyhartsi-tor\/","name":"M\u00e4nty\u00f6ljyhartsi (TOR) - Forchem","isPartOf":{"@id":"https:\/\/www.forchem.com\/#website"},"primaryImageOfPage":{"@id":"https:\/\/www.forchem.com\/fi\/tuotteet\/mantyoljyhartsi-tor\/#primaryimage"},"image":{"@id":"https:\/\/www.forchem.com\/fi\/tuotteet\/mantyoljyhartsi-tor\/#primaryimage"},"thumbnailUrl":"https:\/\/www.forchem.com\/wp-content\/uploads\/2019\/11\/B2A0649.jpg","datePublished":"2019-09-04T07:30:19+00:00","dateModified":"2026-04-07T06:43:10+00:00","breadcrumb":{"@id":"https:\/\/www.forchem.com\/fi\/tuotteet\/mantyoljyhartsi-tor\/#breadcrumb"},"inLanguage":"fi","potentialAction":[{"@type":"ReadAction","target":["https:\/\/www.forchem.com\/fi\/tuotteet\/mantyoljyhartsi-tor\/"]}]},{"@type":"ImageObject","inLanguage":"fi","@id":"https:\/\/www.forchem.com\/fi\/tuotteet\/mantyoljyhartsi-tor\/#primaryimage","url":"https:\/\/www.forchem.com\/wp-content\/uploads\/2019\/11\/B2A0649.jpg","contentUrl":"https:\/\/www.forchem.com\/wp-content\/uploads\/2019\/11\/B2A0649.jpg","width":1823,"height":1280},{"@type":"BreadcrumbList","@id":"https:\/\/www.forchem.com\/fi\/tuotteet\/mantyoljyhartsi-tor\/#breadcrumb","itemListElement":[{"@type":"ListItem","position":1,"name":"Home","item":"https:\/\/www.forchem.com\/fi\/"},{"@type":"ListItem","position":2,"name":"Tuotteet","item":"https:\/\/www.forchem.com\/fi\/tuotteet\/"},{"@type":"ListItem","position":3,"name":"M\u00e4nty\u00f6ljyhartsi (TOR)"}]},{"@type":"WebSite","@id":"https:\/\/www.forchem.com\/#website","url":"https:\/\/www.forchem.com\/","name":"Forchem","description":"Forchem website","publisher":{"@id":"https:\/\/www.forchem.com\/#organization"},"potentialAction":[{"@type":"SearchAction","target":{"@type":"EntryPoint","urlTemplate":"https:\/\/www.forchem.com\/?s={search_term_string}"},"query-input":{"@type":"PropertyValueSpecification","valueRequired":true,"valueName":"search_term_string"}}],"inLanguage":"fi"},{"@type":"Organization","@id":"https:\/\/www.forchem.com\/#organization","name":"Forchem","url":"https:\/\/www.forchem.com\/","logo":{"@type":"ImageObject","inLanguage":"fi","@id":"https:\/\/www.forchem.com\/#\/schema\/logo\/image\/","url":"https:\/\/www.forchem.com\/wp-content\/uploads\/2019\/12\/Forchem_logo_black.png","contentUrl":"https:\/\/www.forchem.com\/wp-content\/uploads\/2019\/12\/Forchem_logo_black.png","width":1417,"height":565,"caption":"Forchem"},"image":{"@id":"https:\/\/www.forchem.com\/#\/schema\/logo\/image\/"}}]}},"_links":{"self":[{"href":"https:\/\/www.forchem.com\/fi\/wp-json\/wp\/v2\/pages\/1749","targetHints":{"allow":["GET"]}}],"collection":[{"href":"https:\/\/www.forchem.com\/fi\/wp-json\/wp\/v2\/pages"}],"about":[{"href":"https:\/\/www.forchem.com\/fi\/wp-json\/wp\/v2\/types\/page"}],"author":[{"embeddable":true,"href":"https:\/\/www.forchem.com\/fi\/wp-json\/wp\/v2\/users\/1"}],"replies":[{"embeddable":true,"href":"https:\/\/www.forchem.com\/fi\/wp-json\/wp\/v2\/comments?post=1749"}],"version-history":[{"count":11,"href":"https:\/\/www.forchem.com\/fi\/wp-json\/wp\/v2\/pages\/1749\/revisions"}],"predecessor-version":[{"id":3745,"href":"https:\/\/www.forchem.com\/fi\/wp-json\/wp\/v2\/pages\/1749\/revisions\/3745"}],"up":[{"embeddable":true,"href":"https:\/\/www.forchem.com\/fi\/wp-json\/wp\/v2\/pages\/1741"}],"wp:featuredmedia":[{"embeddable":true,"href":"https:\/\/www.forchem.com\/fi\/wp-json\/wp\/v2\/media\/1471"}],"wp:attachment":[{"href":"https:\/\/www.forchem.com\/fi\/wp-json\/wp\/v2\/media?parent=1749"}],"curies":[{"name":"wp","href":"https:\/\/api.w.org\/{rel}","templated":true}]}}