{"id":1750,"date":"2019-09-04T10:29:52","date_gmt":"2019-09-04T07:29:52","guid":{"rendered":"https:\/\/www.forchem.com\/products\/tall-oil-fatty-acid-tofa\/"},"modified":"2026-04-07T09:34:06","modified_gmt":"2026-04-07T06:34:06","slug":"mantyoljyrasvahappo-tofa","status":"publish","type":"page","link":"https:\/\/www.forchem.com\/fi\/tuotteet\/mantyoljyrasvahappo-tofa\/","title":{"rendered":"M\u00e4nty\u00f6ljyrasvahappo (TOFA)"},"content":{"rendered":"\n<h1>\n\t\t\tM\u00e4nty\u00f6ljyrasvahappo (TOFA)\t<\/h1>\n\t<p>M\u00e4nty\u00f6ljyrasvahappo on Forchemin klassinen m\u00e4nty\u00f6ljytuote. Se on eritt\u00e4in puhdasta rasvahappoa, jossa on vain v\u00e4h\u00e4n hartsihappoja sek\u00e4 v\u00e4h\u00e4n saippuoitumattomia aineita optimaalisen tislausprosessimme kautta. Forchemin m\u00e4nty\u00f6ljyrasvahappoa k\u00e4ytet\u00e4\u00e4n t\u00e4ytt\u00e4m\u00e4\u00e4n nykyp\u00e4iv\u00e4n ymp\u00e4rist\u00f6tietoisten kuluttajien ja maailmanlaajuisten markkinoiden kysynt\u00e4.<\/p>\n<p>M\u00e4nty\u00f6ljyrasvahappo on ihanteellinen raaka-aine monille kemiallisille reaktioille ja v\u00e4lituotteille. M\u00e4nty\u00f6ljyrasvahapon yleisimm\u00e4t sovellukset ovat maalit ja pinnoitteet, biovoiteluaineet, polttoaineen lis\u00e4aineet sek\u00e4 suorituskykyinen polymeeri.<\/p>\n\t\t\t\t<img decoding=\"async\" src=\"https:\/\/www.forchem.com\/wp-content\/uploads\/2019\/11\/B2A0585.jpg\" alt=\"_B2A0585\" itemprop=\"image\" height=\"1280\" width=\"1792\" title=\"_B2A0585\" onerror=\"this.style.display='none'\" loading=\"lazy\" \/>\n\t<p><strong>M\u00c4NTY\u00d6LJYRASVAHAPPO TUOTTEET<\/strong><\/p>\n\t\t\t\t<img decoding=\"async\" src=\"https:\/\/www.forchem.com\/wp-content\/uploads\/2019\/09\/FOR_2.png\" alt=\"FOR_2\" itemprop=\"image\" height=\"355\" width=\"355\" title=\"FOR_2\" onerror=\"this.style.display='none'\" loading=\"lazy\" \/>\n<h2>\n\t\t\tTofa for2\t<\/h2>\n\t<p>TOFA FOR2 on m\u00e4nty\u00f6ljyrasvahappo, jolla on korkea rasvahappopitoisuus ja pieni hartsihappojen sek\u00e4 saippuoitumattomien aineiden pitoisuus. Vaalea v\u00e4ri ja sen erinomainen stabiilius, sek\u00e4 ilmankuivausominaisuudet ovat per\u00e4isin pohjoisen m\u00e4nnyst\u00e4. FOR2 on erinomainen raaka-aine alkydihartseille, dimeerihapoille, rasvahappoestereille, rasvahapposaippuoille, rasvahappo-etoksylaateille, rasvahappo-amiineille ja monille muille kemikaaleille.<\/p>\n\t\t\t<a href=\"https:\/\/www.forchem.com\/wp-content\/uploads\/2026\/04\/FOR2-datasheet-007.pdf\" title=\"Click Here\" target=\"_blank\" rel=\"noopener\"  role=\"button\" aria-label=\"FORCHEMin TUOTEKORTTI FOR2 (PDF)\">\n\t\t\t\t\t\t\tFORCHEMin TUOTEKORTTI FOR2 (PDF)\n\t\t<\/a>\n<h2>\n\t\t\tTofa for2x\t<\/h2>\n\t<p>FOR2X:ssa on sama korkea rasvahappopitoisuus sek\u00e4 pieni hartsihappojen ja saippuoitumattomien aineiden pitoisuus kuin FOR2:ssa. FOR2X on eritt\u00e4in korkealaatuinen m\u00e4nty\u00f6ljyrasvahappo, joka on tarkoitettu erityisesti k\u00e4ytt\u00f6tarkoituksiin, joissa vaaditaan matalan l\u00e4mp\u00f6tilan suorituskyky\u00e4. FOR2X on valmistettu tarkoin valitusta m\u00e4nty\u00f6ljyst\u00e4, ja sit\u00e4 valvotaan erityisen yksityiskohtaisesti tuotteen maksimaalisen suorituskyvyn ja vakauden varmistamiseksi.<\/p>\n\t\t\t<a href=\"https:\/\/www.forchem.com\/wp-content\/uploads\/2024\/07\/FOR2X-datasheet-007.pdf\" title=\"Click Here\" target=\"_blank\" rel=\"noopener\"  role=\"button\" aria-label=\"FORCHEMIN TUOTEKORTTI FOR2X (PDF)\">\n\t\t\t\t\t\t\tFORCHEMIN TUOTEKORTTI FOR2X (PDF)\n\t\t<\/a>\n\t\t\t\t<img decoding=\"async\" src=\"https:\/\/www.forchem.com\/wp-content\/uploads\/2019\/09\/FOR_2X.png\" alt=\"FOR_2X\" itemprop=\"image\" height=\"355\" width=\"355\" title=\"FOR_2X\" onerror=\"this.style.display='none'\" loading=\"lazy\" \/>\n\t\t\t\t<img decoding=\"async\" src=\"https:\/\/www.forchem.com\/wp-content\/uploads\/2019\/09\/FOR_5.png\" alt=\"FOR_5\" itemprop=\"image\" height=\"356\" width=\"355\" title=\"FOR_5\" onerror=\"this.style.display='none'\" loading=\"lazy\" \/>\n<h2>\n\t\t\tTofa for5\t<\/h2>\n\t<p>TOFA FOR5 on m\u00e4nty\u00f6ljyrasvahappotuote erityisell\u00e4 rasva- ja hartsihappojen yhdistelm\u00e4ll\u00e4. Se on erinomainen raaka-aine useissa sovellutuksissa ja sit\u00e4 voidaan k\u00e4ytt\u00e4\u00e4 esimerkiksi metallinty\u00f6st\u00f6nesteiss\u00e4, \u00f6ljykentt\u00e4kemikaaleissa, saippuoissa, puhdistusaineissa sek\u00e4 alkydihartseissa.<\/p>\n\t\t\t<a href=\"https:\/\/www.forchem.com\/wp-content\/uploads\/2026\/04\/FOR5-datasheet-003.pdf\" title=\"Click Here\" target=\"_blank\" rel=\"noopener\"  role=\"button\" aria-label=\"FORCHEMIN TUOTEKORTTI FOR5 (PDF)\">\n\t\t\t\t\t\t\tFORCHEMIN TUOTEKORTTI FOR5 (PDF)\n\t\t<\/a>\n\n","protected":false},"excerpt":{"rendered":"<p>M\u00e4nty\u00f6ljyrasvahappo (TOFA) M\u00e4nty\u00f6ljyrasvahappo on Forchemin klassinen m\u00e4nty\u00f6ljytuote. Se on eritt\u00e4in puhdasta rasvahappoa, jossa on vain v\u00e4h\u00e4n hartsihappoja sek\u00e4 v\u00e4h\u00e4n saippuoitumattomia aineita optimaalisen tislausprosessimme kautta. Forchemin m\u00e4nty\u00f6ljyrasvahappoa k\u00e4ytet\u00e4\u00e4n t\u00e4ytt\u00e4m\u00e4\u00e4n nykyp\u00e4iv\u00e4n ymp\u00e4rist\u00f6tietoisten kuluttajien ja maailmanlaajuisten markkinoiden kysynt\u00e4. M\u00e4nty\u00f6ljyrasvahappo on ihanteellinen raaka-aine monille kemiallisille reaktioille ja v\u00e4lituotteille. M\u00e4nty\u00f6ljyrasvahapon yleisimm\u00e4t sovellukset ovat maalit ja pinnoitteet, biovoiteluaineet, polttoaineen lis\u00e4aineet sek\u00e4&hellip;<\/p>\n","protected":false},"author":1,"featured_media":1471,"parent":1741,"menu_order":0,"comment_status":"closed","ping_status":"closed","template":"","meta":{"_acf_changed":false,"footnotes":""},"class_list":["post-1750","page","type-page","status-publish","has-post-thumbnail","hentry"],"acf":[],"yoast_head":"<!-- This site is optimized with the Yoast SEO plugin v26.7 - https:\/\/yoast.com\/wordpress\/plugins\/seo\/ -->\n<title>M\u00e4nty\u00f6ljyrasvahappo (TOFA) - Forchem<\/title>\n<meta name=\"robots\" content=\"index, follow, max-snippet:-1, max-image-preview:large, max-video-preview:-1\" \/>\n<link rel=\"canonical\" href=\"https:\/\/www.forchem.com\/fi\/tuotteet\/mantyoljyrasvahappo-tofa\/\" \/>\n<meta property=\"og:locale\" content=\"fi_FI\" \/>\n<meta property=\"og:type\" content=\"article\" \/>\n<meta property=\"og:title\" content=\"M\u00e4nty\u00f6ljyrasvahappo (TOFA) - Forchem\" \/>\n<meta property=\"og:description\" content=\"M\u00e4nty\u00f6ljyrasvahappo (TOFA) M\u00e4nty\u00f6ljyrasvahappo on Forchemin klassinen m\u00e4nty\u00f6ljytuote. Se on eritt\u00e4in puhdasta rasvahappoa, jossa on vain v\u00e4h\u00e4n hartsihappoja sek\u00e4 v\u00e4h\u00e4n saippuoitumattomia aineita optimaalisen tislausprosessimme kautta. Forchemin m\u00e4nty\u00f6ljyrasvahappoa k\u00e4ytet\u00e4\u00e4n t\u00e4ytt\u00e4m\u00e4\u00e4n nykyp\u00e4iv\u00e4n ymp\u00e4rist\u00f6tietoisten kuluttajien ja maailmanlaajuisten markkinoiden kysynt\u00e4. M\u00e4nty\u00f6ljyrasvahappo on ihanteellinen raaka-aine monille kemiallisille reaktioille ja v\u00e4lituotteille. M\u00e4nty\u00f6ljyrasvahapon yleisimm\u00e4t sovellukset ovat maalit ja pinnoitteet, biovoiteluaineet, polttoaineen lis\u00e4aineet sek\u00e4&hellip;\" \/>\n<meta property=\"og:url\" content=\"https:\/\/www.forchem.com\/fi\/tuotteet\/mantyoljyrasvahappo-tofa\/\" \/>\n<meta property=\"og:site_name\" content=\"Forchem\" \/>\n<meta property=\"article:modified_time\" content=\"2026-04-07T06:34:06+00:00\" \/>\n<meta property=\"og:image\" content=\"https:\/\/www.forchem.com\/wp-content\/uploads\/2019\/11\/B2A0649.jpg\" \/>\n\t<meta property=\"og:image:width\" content=\"1823\" \/>\n\t<meta property=\"og:image:height\" content=\"1280\" \/>\n\t<meta property=\"og:image:type\" content=\"image\/jpeg\" \/>\n<meta name=\"twitter:card\" content=\"summary_large_image\" \/>\n<meta name=\"twitter:label1\" content=\"Arvioitu lukuaika\" \/>\n\t<meta name=\"twitter:data1\" content=\"2 minuuttia\" \/>\n<script type=\"application\/ld+json\" class=\"yoast-schema-graph\">{\"@context\":\"https:\/\/schema.org\",\"@graph\":[{\"@type\":\"WebPage\",\"@id\":\"https:\/\/www.forchem.com\/fi\/tuotteet\/mantyoljyrasvahappo-tofa\/\",\"url\":\"https:\/\/www.forchem.com\/fi\/tuotteet\/mantyoljyrasvahappo-tofa\/\",\"name\":\"M\u00e4nty\u00f6ljyrasvahappo (TOFA) - Forchem\",\"isPartOf\":{\"@id\":\"https:\/\/www.forchem.com\/#website\"},\"primaryImageOfPage\":{\"@id\":\"https:\/\/www.forchem.com\/fi\/tuotteet\/mantyoljyrasvahappo-tofa\/#primaryimage\"},\"image\":{\"@id\":\"https:\/\/www.forchem.com\/fi\/tuotteet\/mantyoljyrasvahappo-tofa\/#primaryimage\"},\"thumbnailUrl\":\"https:\/\/www.forchem.com\/wp-content\/uploads\/2019\/11\/B2A0649.jpg\",\"datePublished\":\"2019-09-04T07:29:52+00:00\",\"dateModified\":\"2026-04-07T06:34:06+00:00\",\"breadcrumb\":{\"@id\":\"https:\/\/www.forchem.com\/fi\/tuotteet\/mantyoljyrasvahappo-tofa\/#breadcrumb\"},\"inLanguage\":\"fi\",\"potentialAction\":[{\"@type\":\"ReadAction\",\"target\":[\"https:\/\/www.forchem.com\/fi\/tuotteet\/mantyoljyrasvahappo-tofa\/\"]}]},{\"@type\":\"ImageObject\",\"inLanguage\":\"fi\",\"@id\":\"https:\/\/www.forchem.com\/fi\/tuotteet\/mantyoljyrasvahappo-tofa\/#primaryimage\",\"url\":\"https:\/\/www.forchem.com\/wp-content\/uploads\/2019\/11\/B2A0649.jpg\",\"contentUrl\":\"https:\/\/www.forchem.com\/wp-content\/uploads\/2019\/11\/B2A0649.jpg\",\"width\":1823,\"height\":1280},{\"@type\":\"BreadcrumbList\",\"@id\":\"https:\/\/www.forchem.com\/fi\/tuotteet\/mantyoljyrasvahappo-tofa\/#breadcrumb\",\"itemListElement\":[{\"@type\":\"ListItem\",\"position\":1,\"name\":\"Home\",\"item\":\"https:\/\/www.forchem.com\/fi\/\"},{\"@type\":\"ListItem\",\"position\":2,\"name\":\"Tuotteet\",\"item\":\"https:\/\/www.forchem.com\/fi\/tuotteet\/\"},{\"@type\":\"ListItem\",\"position\":3,\"name\":\"M\u00e4nty\u00f6ljyrasvahappo (TOFA)\"}]},{\"@type\":\"WebSite\",\"@id\":\"https:\/\/www.forchem.com\/#website\",\"url\":\"https:\/\/www.forchem.com\/\",\"name\":\"Forchem\",\"description\":\"Forchem website\",\"publisher\":{\"@id\":\"https:\/\/www.forchem.com\/#organization\"},\"potentialAction\":[{\"@type\":\"SearchAction\",\"target\":{\"@type\":\"EntryPoint\",\"urlTemplate\":\"https:\/\/www.forchem.com\/?s={search_term_string}\"},\"query-input\":{\"@type\":\"PropertyValueSpecification\",\"valueRequired\":true,\"valueName\":\"search_term_string\"}}],\"inLanguage\":\"fi\"},{\"@type\":\"Organization\",\"@id\":\"https:\/\/www.forchem.com\/#organization\",\"name\":\"Forchem\",\"url\":\"https:\/\/www.forchem.com\/\",\"logo\":{\"@type\":\"ImageObject\",\"inLanguage\":\"fi\",\"@id\":\"https:\/\/www.forchem.com\/#\/schema\/logo\/image\/\",\"url\":\"https:\/\/www.forchem.com\/wp-content\/uploads\/2019\/12\/Forchem_logo_black.png\",\"contentUrl\":\"https:\/\/www.forchem.com\/wp-content\/uploads\/2019\/12\/Forchem_logo_black.png\",\"width\":1417,\"height\":565,\"caption\":\"Forchem\"},\"image\":{\"@id\":\"https:\/\/www.forchem.com\/#\/schema\/logo\/image\/\"}}]}<\/script>\n<!-- \/ Yoast SEO plugin. -->","yoast_head_json":{"title":"M\u00e4nty\u00f6ljyrasvahappo (TOFA) - Forchem","robots":{"index":"index","follow":"follow","max-snippet":"max-snippet:-1","max-image-preview":"max-image-preview:large","max-video-preview":"max-video-preview:-1"},"canonical":"https:\/\/www.forchem.com\/fi\/tuotteet\/mantyoljyrasvahappo-tofa\/","og_locale":"fi_FI","og_type":"article","og_title":"M\u00e4nty\u00f6ljyrasvahappo (TOFA) - Forchem","og_description":"M\u00e4nty\u00f6ljyrasvahappo (TOFA) M\u00e4nty\u00f6ljyrasvahappo on Forchemin klassinen m\u00e4nty\u00f6ljytuote. Se on eritt\u00e4in puhdasta rasvahappoa, jossa on vain v\u00e4h\u00e4n hartsihappoja sek\u00e4 v\u00e4h\u00e4n saippuoitumattomia aineita optimaalisen tislausprosessimme kautta. Forchemin m\u00e4nty\u00f6ljyrasvahappoa k\u00e4ytet\u00e4\u00e4n t\u00e4ytt\u00e4m\u00e4\u00e4n nykyp\u00e4iv\u00e4n ymp\u00e4rist\u00f6tietoisten kuluttajien ja maailmanlaajuisten markkinoiden kysynt\u00e4. M\u00e4nty\u00f6ljyrasvahappo on ihanteellinen raaka-aine monille kemiallisille reaktioille ja v\u00e4lituotteille. M\u00e4nty\u00f6ljyrasvahapon yleisimm\u00e4t sovellukset ovat maalit ja pinnoitteet, biovoiteluaineet, polttoaineen lis\u00e4aineet sek\u00e4&hellip;","og_url":"https:\/\/www.forchem.com\/fi\/tuotteet\/mantyoljyrasvahappo-tofa\/","og_site_name":"Forchem","article_modified_time":"2026-04-07T06:34:06+00:00","og_image":[{"width":1823,"height":1280,"url":"https:\/\/www.forchem.com\/wp-content\/uploads\/2019\/11\/B2A0649.jpg","type":"image\/jpeg"}],"twitter_card":"summary_large_image","twitter_misc":{"Arvioitu lukuaika":"2 minuuttia"},"schema":{"@context":"https:\/\/schema.org","@graph":[{"@type":"WebPage","@id":"https:\/\/www.forchem.com\/fi\/tuotteet\/mantyoljyrasvahappo-tofa\/","url":"https:\/\/www.forchem.com\/fi\/tuotteet\/mantyoljyrasvahappo-tofa\/","name":"M\u00e4nty\u00f6ljyrasvahappo (TOFA) - Forchem","isPartOf":{"@id":"https:\/\/www.forchem.com\/#website"},"primaryImageOfPage":{"@id":"https:\/\/www.forchem.com\/fi\/tuotteet\/mantyoljyrasvahappo-tofa\/#primaryimage"},"image":{"@id":"https:\/\/www.forchem.com\/fi\/tuotteet\/mantyoljyrasvahappo-tofa\/#primaryimage"},"thumbnailUrl":"https:\/\/www.forchem.com\/wp-content\/uploads\/2019\/11\/B2A0649.jpg","datePublished":"2019-09-04T07:29:52+00:00","dateModified":"2026-04-07T06:34:06+00:00","breadcrumb":{"@id":"https:\/\/www.forchem.com\/fi\/tuotteet\/mantyoljyrasvahappo-tofa\/#breadcrumb"},"inLanguage":"fi","potentialAction":[{"@type":"ReadAction","target":["https:\/\/www.forchem.com\/fi\/tuotteet\/mantyoljyrasvahappo-tofa\/"]}]},{"@type":"ImageObject","inLanguage":"fi","@id":"https:\/\/www.forchem.com\/fi\/tuotteet\/mantyoljyrasvahappo-tofa\/#primaryimage","url":"https:\/\/www.forchem.com\/wp-content\/uploads\/2019\/11\/B2A0649.jpg","contentUrl":"https:\/\/www.forchem.com\/wp-content\/uploads\/2019\/11\/B2A0649.jpg","width":1823,"height":1280},{"@type":"BreadcrumbList","@id":"https:\/\/www.forchem.com\/fi\/tuotteet\/mantyoljyrasvahappo-tofa\/#breadcrumb","itemListElement":[{"@type":"ListItem","position":1,"name":"Home","item":"https:\/\/www.forchem.com\/fi\/"},{"@type":"ListItem","position":2,"name":"Tuotteet","item":"https:\/\/www.forchem.com\/fi\/tuotteet\/"},{"@type":"ListItem","position":3,"name":"M\u00e4nty\u00f6ljyrasvahappo (TOFA)"}]},{"@type":"WebSite","@id":"https:\/\/www.forchem.com\/#website","url":"https:\/\/www.forchem.com\/","name":"Forchem","description":"Forchem website","publisher":{"@id":"https:\/\/www.forchem.com\/#organization"},"potentialAction":[{"@type":"SearchAction","target":{"@type":"EntryPoint","urlTemplate":"https:\/\/www.forchem.com\/?s={search_term_string}"},"query-input":{"@type":"PropertyValueSpecification","valueRequired":true,"valueName":"search_term_string"}}],"inLanguage":"fi"},{"@type":"Organization","@id":"https:\/\/www.forchem.com\/#organization","name":"Forchem","url":"https:\/\/www.forchem.com\/","logo":{"@type":"ImageObject","inLanguage":"fi","@id":"https:\/\/www.forchem.com\/#\/schema\/logo\/image\/","url":"https:\/\/www.forchem.com\/wp-content\/uploads\/2019\/12\/Forchem_logo_black.png","contentUrl":"https:\/\/www.forchem.com\/wp-content\/uploads\/2019\/12\/Forchem_logo_black.png","width":1417,"height":565,"caption":"Forchem"},"image":{"@id":"https:\/\/www.forchem.com\/#\/schema\/logo\/image\/"}}]}},"_links":{"self":[{"href":"https:\/\/www.forchem.com\/fi\/wp-json\/wp\/v2\/pages\/1750","targetHints":{"allow":["GET"]}}],"collection":[{"href":"https:\/\/www.forchem.com\/fi\/wp-json\/wp\/v2\/pages"}],"about":[{"href":"https:\/\/www.forchem.com\/fi\/wp-json\/wp\/v2\/types\/page"}],"author":[{"embeddable":true,"href":"https:\/\/www.forchem.com\/fi\/wp-json\/wp\/v2\/users\/1"}],"replies":[{"embeddable":true,"href":"https:\/\/www.forchem.com\/fi\/wp-json\/wp\/v2\/comments?post=1750"}],"version-history":[{"count":11,"href":"https:\/\/www.forchem.com\/fi\/wp-json\/wp\/v2\/pages\/1750\/revisions"}],"predecessor-version":[{"id":3735,"href":"https:\/\/www.forchem.com\/fi\/wp-json\/wp\/v2\/pages\/1750\/revisions\/3735"}],"up":[{"embeddable":true,"href":"https:\/\/www.forchem.com\/fi\/wp-json\/wp\/v2\/pages\/1741"}],"wp:featuredmedia":[{"embeddable":true,"href":"https:\/\/www.forchem.com\/fi\/wp-json\/wp\/v2\/media\/1471"}],"wp:attachment":[{"href":"https:\/\/www.forchem.com\/fi\/wp-json\/wp\/v2\/media?parent=1750"}],"curies":[{"name":"wp","href":"https:\/\/api.w.org\/{rel}","templated":true}]}}