{"id":2533,"date":"2020-05-11T11:21:26","date_gmt":"2020-05-11T08:21:26","guid":{"rendered":"https:\/\/www.forchem.com\/ota-yhteytta\/whistleblower-report-your-concerns-of-unethical-behavior\/"},"modified":"2024-06-06T10:05:03","modified_gmt":"2024-06-06T07:05:03","slug":"whistleblower-ilmoita-mahdollisesta-vaarinkaytoksesta-tai-toimintaperiaatteiden-rikkomuksesta","status":"publish","type":"page","link":"https:\/\/www.forchem.com\/fi\/ota-yhteytta\/whistleblower-ilmoita-mahdollisesta-vaarinkaytoksesta-tai-toimintaperiaatteiden-rikkomuksesta\/","title":{"rendered":"Whistleblower &#8211; ilmoita mahdollisesta v\u00e4\u00e4rink\u00e4yt\u00f6ksest\u00e4 tai toimintaperiaatteiden rikkomuksesta"},"content":{"rendered":"\n\n\t<h1>Arvomme ovat avain menestykseen<\/h1>\n<h2>\n\t\tWhistleblower &#8211; ilmoita mahdollisesta v\u00e4\u00e4rink\u00e4yt\u00f6ksest\u00e4 tai toimintaperiaatteiden rikkomuksesta\n\t<\/h2>\n\t<p>Yll\u00e4pit\u00e4\u00e4ksemme ja kasvattaaksemme maailmanlaajuista mainettamme tuottoisana ja luotettavana m\u00e4nty\u00f6ljytuotteiden jalostajana, olemme sitoutuneet noudattamaan toimintaymp\u00e4rist\u00f6mme meille asettamia <a href=\"https:\/\/indd.adobe.com\/view\/05323b8d-af5b-4cb3-b667-8ccfe44e85b4\" target=\"_blank\" rel=\"noopener\">eettisi\u00e4 ja kest\u00e4v\u00e4n kehityksen periaatteita<\/a>. Kiinnit\u00e4mme erityist\u00e4 huomiota my\u00f6s yrityksemme sosiaaliseen vastuuseen ja huomioimme mainitut n\u00e4k\u00f6kohdat kaikessa liiketoiminnassamme.<\/p>\n<p>Rohkaisemme ty\u00f6ntekij\u00f6it\u00e4mme ja kaikkia sidosryhmi\u00e4mme tuomaan esiin toimintaamme liittyv\u00e4t huolenaiheet ja toiminnan parantamisehdotukset.<\/p>\n<p>Ilmoituksen v\u00e4\u00e4rink\u00e4yt\u00f6sep\u00e4ilyst\u00e4 tai toimintaperiaatteiden rikkomuksesta voi tehd\u00e4 nimett\u00f6m\u00e4sti alla olevalla lomakkeella.<\/p>\n<p>Huomioithan, ett\u00e4 j\u00e4rjestelm\u00e4 ei ker\u00e4\u00e4 havaintojen l\u00e4hett\u00e4jist\u00e4 mit\u00e4\u00e4n tietoja. Mik\u00e4li haluat ett\u00e4 sinuun ollaan yhteydess\u00e4 havaintoosi liittyen, lis\u00e4\u00e4 yhteystietosi ilmoituslomakkeelle.<\/p>\n\n","protected":false},"excerpt":{"rendered":"<p>Arvomme ovat avain menestykseen Whistleblower &#8211; ilmoita mahdollisesta v\u00e4\u00e4rink\u00e4yt\u00f6ksest\u00e4 tai toimintaperiaatteiden rikkomuksesta Yll\u00e4pit\u00e4\u00e4ksemme ja kasvattaaksemme maailmanlaajuista mainettamme tuottoisana ja luotettavana m\u00e4nty\u00f6ljytuotteiden jalostajana, olemme sitoutuneet noudattamaan toimintaymp\u00e4rist\u00f6mme meille asettamia eettisi\u00e4 ja kest\u00e4v\u00e4n kehityksen periaatteita. Kiinnit\u00e4mme erityist\u00e4 huomiota my\u00f6s yrityksemme sosiaaliseen vastuuseen ja huomioimme mainitut n\u00e4k\u00f6kohdat kaikessa liiketoiminnassamme. Rohkaisemme ty\u00f6ntekij\u00f6it\u00e4mme ja kaikkia sidosryhmi\u00e4mme tuomaan esiin toimintaamme liittyv\u00e4t&hellip;<\/p>\n","protected":false},"author":1,"featured_media":2524,"parent":1737,"menu_order":0,"comment_status":"closed","ping_status":"closed","template":"","meta":{"_acf_changed":false,"footnotes":""},"class_list":["post-2533","page","type-page","status-publish","has-post-thumbnail","hentry"],"acf":[],"yoast_head":"<!-- This site is optimized with the Yoast SEO plugin v26.7 - https:\/\/yoast.com\/wordpress\/plugins\/seo\/ -->\n<title>Whistleblower - ilmoita mahdollisesta v\u00e4\u00e4rink\u00e4yt\u00f6ksest\u00e4 tai toimintaperiaatteiden rikkomuksesta - Forchem<\/title>\n<meta name=\"robots\" content=\"index, follow, max-snippet:-1, max-image-preview:large, max-video-preview:-1\" \/>\n<link rel=\"canonical\" href=\"https:\/\/www.forchem.com\/fi\/ota-yhteytta\/whistleblower-ilmoita-mahdollisesta-vaarinkaytoksesta-tai-toimintaperiaatteiden-rikkomuksesta\/\" \/>\n<meta property=\"og:locale\" content=\"fi_FI\" \/>\n<meta property=\"og:type\" content=\"article\" \/>\n<meta property=\"og:title\" content=\"Whistleblower - ilmoita mahdollisesta v\u00e4\u00e4rink\u00e4yt\u00f6ksest\u00e4 tai toimintaperiaatteiden rikkomuksesta - Forchem\" \/>\n<meta property=\"og:description\" content=\"Arvomme ovat avain menestykseen Whistleblower &#8211; ilmoita mahdollisesta v\u00e4\u00e4rink\u00e4yt\u00f6ksest\u00e4 tai toimintaperiaatteiden rikkomuksesta Yll\u00e4pit\u00e4\u00e4ksemme ja kasvattaaksemme maailmanlaajuista mainettamme tuottoisana ja luotettavana m\u00e4nty\u00f6ljytuotteiden jalostajana, olemme sitoutuneet noudattamaan toimintaymp\u00e4rist\u00f6mme meille asettamia eettisi\u00e4 ja kest\u00e4v\u00e4n kehityksen periaatteita. Kiinnit\u00e4mme erityist\u00e4 huomiota my\u00f6s yrityksemme sosiaaliseen vastuuseen ja huomioimme mainitut n\u00e4k\u00f6kohdat kaikessa liiketoiminnassamme. Rohkaisemme ty\u00f6ntekij\u00f6it\u00e4mme ja kaikkia sidosryhmi\u00e4mme tuomaan esiin toimintaamme liittyv\u00e4t&hellip;\" \/>\n<meta property=\"og:url\" content=\"https:\/\/www.forchem.com\/fi\/ota-yhteytta\/whistleblower-ilmoita-mahdollisesta-vaarinkaytoksesta-tai-toimintaperiaatteiden-rikkomuksesta\/\" \/>\n<meta property=\"og:site_name\" content=\"Forchem\" \/>\n<meta property=\"article:modified_time\" content=\"2024-06-06T07:05:03+00:00\" \/>\n<meta property=\"og:image\" content=\"https:\/\/www.forchem.com\/wp-content\/uploads\/2020\/05\/1920_50A3035.jpg\" \/>\n\t<meta property=\"og:image:width\" content=\"1920\" \/>\n\t<meta property=\"og:image:height\" content=\"1280\" \/>\n\t<meta property=\"og:image:type\" content=\"image\/jpeg\" \/>\n<meta name=\"twitter:card\" content=\"summary_large_image\" \/>\n<meta name=\"twitter:label1\" content=\"Arvioitu lukuaika\" \/>\n\t<meta name=\"twitter:data1\" content=\"1 minuutti\" \/>\n<script type=\"application\/ld+json\" class=\"yoast-schema-graph\">{\"@context\":\"https:\/\/schema.org\",\"@graph\":[{\"@type\":\"WebPage\",\"@id\":\"https:\/\/www.forchem.com\/fi\/ota-yhteytta\/whistleblower-ilmoita-mahdollisesta-vaarinkaytoksesta-tai-toimintaperiaatteiden-rikkomuksesta\/\",\"url\":\"https:\/\/www.forchem.com\/fi\/ota-yhteytta\/whistleblower-ilmoita-mahdollisesta-vaarinkaytoksesta-tai-toimintaperiaatteiden-rikkomuksesta\/\",\"name\":\"Whistleblower - ilmoita mahdollisesta v\u00e4\u00e4rink\u00e4yt\u00f6ksest\u00e4 tai toimintaperiaatteiden rikkomuksesta - Forchem\",\"isPartOf\":{\"@id\":\"https:\/\/www.forchem.com\/#website\"},\"primaryImageOfPage\":{\"@id\":\"https:\/\/www.forchem.com\/fi\/ota-yhteytta\/whistleblower-ilmoita-mahdollisesta-vaarinkaytoksesta-tai-toimintaperiaatteiden-rikkomuksesta\/#primaryimage\"},\"image\":{\"@id\":\"https:\/\/www.forchem.com\/fi\/ota-yhteytta\/whistleblower-ilmoita-mahdollisesta-vaarinkaytoksesta-tai-toimintaperiaatteiden-rikkomuksesta\/#primaryimage\"},\"thumbnailUrl\":\"https:\/\/www.forchem.com\/wp-content\/uploads\/2020\/05\/1920_50A3035.jpg\",\"datePublished\":\"2020-05-11T08:21:26+00:00\",\"dateModified\":\"2024-06-06T07:05:03+00:00\",\"breadcrumb\":{\"@id\":\"https:\/\/www.forchem.com\/fi\/ota-yhteytta\/whistleblower-ilmoita-mahdollisesta-vaarinkaytoksesta-tai-toimintaperiaatteiden-rikkomuksesta\/#breadcrumb\"},\"inLanguage\":\"fi\",\"potentialAction\":[{\"@type\":\"ReadAction\",\"target\":[\"https:\/\/www.forchem.com\/fi\/ota-yhteytta\/whistleblower-ilmoita-mahdollisesta-vaarinkaytoksesta-tai-toimintaperiaatteiden-rikkomuksesta\/\"]}]},{\"@type\":\"ImageObject\",\"inLanguage\":\"fi\",\"@id\":\"https:\/\/www.forchem.com\/fi\/ota-yhteytta\/whistleblower-ilmoita-mahdollisesta-vaarinkaytoksesta-tai-toimintaperiaatteiden-rikkomuksesta\/#primaryimage\",\"url\":\"https:\/\/www.forchem.com\/wp-content\/uploads\/2020\/05\/1920_50A3035.jpg\",\"contentUrl\":\"https:\/\/www.forchem.com\/wp-content\/uploads\/2020\/05\/1920_50A3035.jpg\",\"width\":1920,\"height\":1280},{\"@type\":\"BreadcrumbList\",\"@id\":\"https:\/\/www.forchem.com\/fi\/ota-yhteytta\/whistleblower-ilmoita-mahdollisesta-vaarinkaytoksesta-tai-toimintaperiaatteiden-rikkomuksesta\/#breadcrumb\",\"itemListElement\":[{\"@type\":\"ListItem\",\"position\":1,\"name\":\"Home\",\"item\":\"https:\/\/www.forchem.com\/fi\/\"},{\"@type\":\"ListItem\",\"position\":2,\"name\":\"Ota yhteytt\u00e4\",\"item\":\"https:\/\/www.forchem.com\/fi\/ota-yhteytta\/\"},{\"@type\":\"ListItem\",\"position\":3,\"name\":\"Whistleblower &#8211; ilmoita mahdollisesta v\u00e4\u00e4rink\u00e4yt\u00f6ksest\u00e4 tai toimintaperiaatteiden rikkomuksesta\"}]},{\"@type\":\"WebSite\",\"@id\":\"https:\/\/www.forchem.com\/#website\",\"url\":\"https:\/\/www.forchem.com\/\",\"name\":\"Forchem\",\"description\":\"Forchem website\",\"publisher\":{\"@id\":\"https:\/\/www.forchem.com\/#organization\"},\"potentialAction\":[{\"@type\":\"SearchAction\",\"target\":{\"@type\":\"EntryPoint\",\"urlTemplate\":\"https:\/\/www.forchem.com\/?s={search_term_string}\"},\"query-input\":{\"@type\":\"PropertyValueSpecification\",\"valueRequired\":true,\"valueName\":\"search_term_string\"}}],\"inLanguage\":\"fi\"},{\"@type\":\"Organization\",\"@id\":\"https:\/\/www.forchem.com\/#organization\",\"name\":\"Forchem\",\"url\":\"https:\/\/www.forchem.com\/\",\"logo\":{\"@type\":\"ImageObject\",\"inLanguage\":\"fi\",\"@id\":\"https:\/\/www.forchem.com\/#\/schema\/logo\/image\/\",\"url\":\"https:\/\/www.forchem.com\/wp-content\/uploads\/2019\/12\/Forchem_logo_black.png\",\"contentUrl\":\"https:\/\/www.forchem.com\/wp-content\/uploads\/2019\/12\/Forchem_logo_black.png\",\"width\":1417,\"height\":565,\"caption\":\"Forchem\"},\"image\":{\"@id\":\"https:\/\/www.forchem.com\/#\/schema\/logo\/image\/\"}}]}<\/script>\n<!-- \/ Yoast SEO plugin. -->","yoast_head_json":{"title":"Whistleblower - ilmoita mahdollisesta v\u00e4\u00e4rink\u00e4yt\u00f6ksest\u00e4 tai toimintaperiaatteiden rikkomuksesta - Forchem","robots":{"index":"index","follow":"follow","max-snippet":"max-snippet:-1","max-image-preview":"max-image-preview:large","max-video-preview":"max-video-preview:-1"},"canonical":"https:\/\/www.forchem.com\/fi\/ota-yhteytta\/whistleblower-ilmoita-mahdollisesta-vaarinkaytoksesta-tai-toimintaperiaatteiden-rikkomuksesta\/","og_locale":"fi_FI","og_type":"article","og_title":"Whistleblower - ilmoita mahdollisesta v\u00e4\u00e4rink\u00e4yt\u00f6ksest\u00e4 tai toimintaperiaatteiden rikkomuksesta - Forchem","og_description":"Arvomme ovat avain menestykseen Whistleblower &#8211; ilmoita mahdollisesta v\u00e4\u00e4rink\u00e4yt\u00f6ksest\u00e4 tai toimintaperiaatteiden rikkomuksesta Yll\u00e4pit\u00e4\u00e4ksemme ja kasvattaaksemme maailmanlaajuista mainettamme tuottoisana ja luotettavana m\u00e4nty\u00f6ljytuotteiden jalostajana, olemme sitoutuneet noudattamaan toimintaymp\u00e4rist\u00f6mme meille asettamia eettisi\u00e4 ja kest\u00e4v\u00e4n kehityksen periaatteita. Kiinnit\u00e4mme erityist\u00e4 huomiota my\u00f6s yrityksemme sosiaaliseen vastuuseen ja huomioimme mainitut n\u00e4k\u00f6kohdat kaikessa liiketoiminnassamme. Rohkaisemme ty\u00f6ntekij\u00f6it\u00e4mme ja kaikkia sidosryhmi\u00e4mme tuomaan esiin toimintaamme liittyv\u00e4t&hellip;","og_url":"https:\/\/www.forchem.com\/fi\/ota-yhteytta\/whistleblower-ilmoita-mahdollisesta-vaarinkaytoksesta-tai-toimintaperiaatteiden-rikkomuksesta\/","og_site_name":"Forchem","article_modified_time":"2024-06-06T07:05:03+00:00","og_image":[{"width":1920,"height":1280,"url":"https:\/\/www.forchem.com\/wp-content\/uploads\/2020\/05\/1920_50A3035.jpg","type":"image\/jpeg"}],"twitter_card":"summary_large_image","twitter_misc":{"Arvioitu lukuaika":"1 minuutti"},"schema":{"@context":"https:\/\/schema.org","@graph":[{"@type":"WebPage","@id":"https:\/\/www.forchem.com\/fi\/ota-yhteytta\/whistleblower-ilmoita-mahdollisesta-vaarinkaytoksesta-tai-toimintaperiaatteiden-rikkomuksesta\/","url":"https:\/\/www.forchem.com\/fi\/ota-yhteytta\/whistleblower-ilmoita-mahdollisesta-vaarinkaytoksesta-tai-toimintaperiaatteiden-rikkomuksesta\/","name":"Whistleblower - ilmoita mahdollisesta v\u00e4\u00e4rink\u00e4yt\u00f6ksest\u00e4 tai toimintaperiaatteiden rikkomuksesta - Forchem","isPartOf":{"@id":"https:\/\/www.forchem.com\/#website"},"primaryImageOfPage":{"@id":"https:\/\/www.forchem.com\/fi\/ota-yhteytta\/whistleblower-ilmoita-mahdollisesta-vaarinkaytoksesta-tai-toimintaperiaatteiden-rikkomuksesta\/#primaryimage"},"image":{"@id":"https:\/\/www.forchem.com\/fi\/ota-yhteytta\/whistleblower-ilmoita-mahdollisesta-vaarinkaytoksesta-tai-toimintaperiaatteiden-rikkomuksesta\/#primaryimage"},"thumbnailUrl":"https:\/\/www.forchem.com\/wp-content\/uploads\/2020\/05\/1920_50A3035.jpg","datePublished":"2020-05-11T08:21:26+00:00","dateModified":"2024-06-06T07:05:03+00:00","breadcrumb":{"@id":"https:\/\/www.forchem.com\/fi\/ota-yhteytta\/whistleblower-ilmoita-mahdollisesta-vaarinkaytoksesta-tai-toimintaperiaatteiden-rikkomuksesta\/#breadcrumb"},"inLanguage":"fi","potentialAction":[{"@type":"ReadAction","target":["https:\/\/www.forchem.com\/fi\/ota-yhteytta\/whistleblower-ilmoita-mahdollisesta-vaarinkaytoksesta-tai-toimintaperiaatteiden-rikkomuksesta\/"]}]},{"@type":"ImageObject","inLanguage":"fi","@id":"https:\/\/www.forchem.com\/fi\/ota-yhteytta\/whistleblower-ilmoita-mahdollisesta-vaarinkaytoksesta-tai-toimintaperiaatteiden-rikkomuksesta\/#primaryimage","url":"https:\/\/www.forchem.com\/wp-content\/uploads\/2020\/05\/1920_50A3035.jpg","contentUrl":"https:\/\/www.forchem.com\/wp-content\/uploads\/2020\/05\/1920_50A3035.jpg","width":1920,"height":1280},{"@type":"BreadcrumbList","@id":"https:\/\/www.forchem.com\/fi\/ota-yhteytta\/whistleblower-ilmoita-mahdollisesta-vaarinkaytoksesta-tai-toimintaperiaatteiden-rikkomuksesta\/#breadcrumb","itemListElement":[{"@type":"ListItem","position":1,"name":"Home","item":"https:\/\/www.forchem.com\/fi\/"},{"@type":"ListItem","position":2,"name":"Ota yhteytt\u00e4","item":"https:\/\/www.forchem.com\/fi\/ota-yhteytta\/"},{"@type":"ListItem","position":3,"name":"Whistleblower &#8211; ilmoita mahdollisesta v\u00e4\u00e4rink\u00e4yt\u00f6ksest\u00e4 tai toimintaperiaatteiden rikkomuksesta"}]},{"@type":"WebSite","@id":"https:\/\/www.forchem.com\/#website","url":"https:\/\/www.forchem.com\/","name":"Forchem","description":"Forchem website","publisher":{"@id":"https:\/\/www.forchem.com\/#organization"},"potentialAction":[{"@type":"SearchAction","target":{"@type":"EntryPoint","urlTemplate":"https:\/\/www.forchem.com\/?s={search_term_string}"},"query-input":{"@type":"PropertyValueSpecification","valueRequired":true,"valueName":"search_term_string"}}],"inLanguage":"fi"},{"@type":"Organization","@id":"https:\/\/www.forchem.com\/#organization","name":"Forchem","url":"https:\/\/www.forchem.com\/","logo":{"@type":"ImageObject","inLanguage":"fi","@id":"https:\/\/www.forchem.com\/#\/schema\/logo\/image\/","url":"https:\/\/www.forchem.com\/wp-content\/uploads\/2019\/12\/Forchem_logo_black.png","contentUrl":"https:\/\/www.forchem.com\/wp-content\/uploads\/2019\/12\/Forchem_logo_black.png","width":1417,"height":565,"caption":"Forchem"},"image":{"@id":"https:\/\/www.forchem.com\/#\/schema\/logo\/image\/"}}]}},"_links":{"self":[{"href":"https:\/\/www.forchem.com\/fi\/wp-json\/wp\/v2\/pages\/2533","targetHints":{"allow":["GET"]}}],"collection":[{"href":"https:\/\/www.forchem.com\/fi\/wp-json\/wp\/v2\/pages"}],"about":[{"href":"https:\/\/www.forchem.com\/fi\/wp-json\/wp\/v2\/types\/page"}],"author":[{"embeddable":true,"href":"https:\/\/www.forchem.com\/fi\/wp-json\/wp\/v2\/users\/1"}],"replies":[{"embeddable":true,"href":"https:\/\/www.forchem.com\/fi\/wp-json\/wp\/v2\/comments?post=2533"}],"version-history":[{"count":6,"href":"https:\/\/www.forchem.com\/fi\/wp-json\/wp\/v2\/pages\/2533\/revisions"}],"predecessor-version":[{"id":3511,"href":"https:\/\/www.forchem.com\/fi\/wp-json\/wp\/v2\/pages\/2533\/revisions\/3511"}],"up":[{"embeddable":true,"href":"https:\/\/www.forchem.com\/fi\/wp-json\/wp\/v2\/pages\/1737"}],"wp:featuredmedia":[{"embeddable":true,"href":"https:\/\/www.forchem.com\/fi\/wp-json\/wp\/v2\/media\/2524"}],"wp:attachment":[{"href":"https:\/\/www.forchem.com\/fi\/wp-json\/wp\/v2\/media?parent=2533"}],"curies":[{"name":"wp","href":"https:\/\/api.w.org\/{rel}","templated":true}]}}